{"id":6195,"date":"2026-04-15T12:13:34","date_gmt":"2026-04-15T12:13:34","guid":{"rendered":"https:\/\/www.tfsoleodinamica.it\/motore-a-magneti-permanenti-a-trasmissione-diretta-hagglunds-thunder\/"},"modified":"2026-04-15T13:35:41","modified_gmt":"2026-04-15T13:35:41","slug":"motore-a-magneti-permanenti-a-trasmissione-diretta-hagglunds-thunder","status":"publish","type":"product","link":"https:\/\/www.tfsoleodinamica.it\/fr\/motore-a-magneti-permanenti-a-trasmissione-diretta-hagglunds-thunder\/","title":{"rendered":"Moteur \u00e0 Couple \u00e0 Aimants Permanents H\u00e4gglunds Thunder"},"content":{"rendered":"<p>Le moteur couple \u00e0 aimant permanent Thunder de H\u00e4gglunds repr\u00e9sente une voie enti\u00e8rement \u00e9lectrique vers un entra\u00eenement direct puissant avec une capacit\u00e9 de couple allant jusqu&rsquo;\u00e0 200 kNm et une capacit\u00e9 de surcharge de 200 % pendant 60 secondes. Fonctionnant \u00e0 des vitesses nominales de 30 \u00e0 300 tr\/min avec une puissance maximale de 4 700 kW, le Thunder allie un rendement \u00e9lev\u00e9 \u00e0 une maintenance tr\u00e8s limit\u00e9e. Le moteur est disponible en deux classes de tension (380-4160 VAC et 6-10 kVAC) avec une solution compl\u00e8te comprenant le refroidissement du moteur en boucle ferm\u00e9e et la commande de l&rsquo;entra\u00eenement \u00e0 fr\u00e9quence variable. L&rsquo;ensemble des capteurs int\u00e9gr\u00e9s permet une surveillance compl\u00e8te de l&rsquo;\u00e9tat de l&rsquo;entra\u00eenement pour une meilleure visibilit\u00e9 op\u00e9rationnelle.<\/p>\n<ul>\n<li>Moteur \u00e0 aimant permanent (PM) pour un entra\u00eenement direct enti\u00e8rement \u00e9lectrique<\/li>\n<li>Capacit\u00e9 de couple jusqu&rsquo;\u00e0 200 kNm avec une surcharge de 200% pendant 60 secondes<\/li>\n<li>Puissance de fonctionnement jusqu&rsquo;\u00e0 4 700 kW avec des vitesses nominales de 30 \u00e0 300 tr\/min<\/li>\n<li>Disponible en deux classes de tension pour une int\u00e9gration flexible<\/li>\n<li>Comprend un syst\u00e8me de refroidissement en boucle ferm\u00e9e et une commande par variateur de fr\u00e9quence.<\/li>\n<li>Ensemble de capteurs int\u00e9gr\u00e9s pour une surveillance compl\u00e8te de l&rsquo;\u00e9tat de l&rsquo;entra\u00eenement<\/li>\n<\/ul>","protected":false},"excerpt":{"rendered":"<p><strong>H\u00e4gglunds Thunder<\/strong> \u2013 Le H\u00e4gglunds Thunder est un moteur \u00e9lectrique r\u00e9volutionnaire \u00e0 aimant permanent (PM) qui offre des solutions d&rsquo;entra\u00eenement direct sans engrenage \u00e0 couple \u00e9lev\u00e9, avec efficacit\u00e9 et un minimum d&rsquo;entretien.<\/p>\n<p><a href=\"https:\/\/www.tfsoleodinamica.it\/wp-content\/uploads\/hagglunds-thunder-brochure.pdf\" target=\"_blank\" rel=\"noopener noreferrer\">\ud83d\udcc4 T\u00e9l\u00e9charger la Brochure<\/a><\/p>\n","protected":false},"featured_media":6158,"comment_status":"open","ping_status":"closed","template":"","meta":[],"product_brand":[],"product_cat":[986,992],"product_tag":[],"class_list":{"0":"post-6195","1":"product","2":"type-product","3":"status-publish","4":"has-post-thumbnail","6":"product_cat-motori-a-pistoni-radiali","7":"product_cat-thunder","8":"pa_brand-hagglunds","9":"pa_prodotto-motori-a-pistoni-radiali","10":"pa_serie-hagglunds-thunder","12":"first","13":"instock","14":"shipping-taxable","15":"product-type-simple"},"yoast_head":"<!-- This site is optimized with the Yoast SEO plugin v27.4 - https:\/\/yoast.com\/product\/yoast-seo-wordpress\/ -->\n<title>Moteur \u00e0 Couple \u00e0 Aimants Permanents H\u00e4gglunds Thunder - TFS Oleodinamica - Assistance et revente Bosch Rexroth<\/title>\n<meta name=\"description\" content=\"Assistenza, progettazione impianti oleodinamici. Vendita prodotti per oleodinamica. Rivenditore Bosch Rexroth.\" \/>\n<meta name=\"robots\" content=\"index, follow, max-snippet:-1, max-image-preview:large, max-video-preview:-1\" \/>\n<link rel=\"canonical\" href=\"https:\/\/www.tfsoleodinamica.it\/motore-a-magneti-permanenti-a-trasmissione-diretta-hagglunds-thunder\/\" \/>\n<meta property=\"og:locale\" content=\"fr_FR\" \/>\n<meta property=\"og:type\" content=\"article\" \/>\n<meta property=\"og:title\" content=\"Moteur \u00e0 Couple \u00e0 Aimants Permanents H\u00e4gglunds Thunder - TFS Oleodinamica - Assistance et revente Bosch Rexroth\" \/>\n<meta property=\"og:description\" content=\"Assistenza, progettazione impianti oleodinamici. Vendita prodotti per oleodinamica. Rivenditore Bosch Rexroth.\" \/>\n<meta property=\"og:url\" content=\"https:\/\/www.tfsoleodinamica.it\/motore-a-magneti-permanenti-a-trasmissione-diretta-hagglunds-thunder\/\" \/>\n<meta property=\"og:site_name\" content=\"TFS Oleodinamica - Assistance et revente Bosch Rexroth\" \/>\n<meta property=\"article:publisher\" content=\"http:\/\/www.facebook.com\/tfsoleodinamica\" \/>\n<meta property=\"article:modified_time\" content=\"2026-04-15T13:35:41+00:00\" \/>\n<meta property=\"og:image\" content=\"https:\/\/www.tfsoleodinamica.it\/wp-content\/uploads\/2026\/04\/hagglunds-thunder-motore-radiale-categoria.jpg\" \/>\n\t<meta property=\"og:image:width\" content=\"1280\" \/>\n\t<meta property=\"og:image:height\" content=\"720\" \/>\n\t<meta property=\"og:image:type\" content=\"image\/jpeg\" \/>\n<meta name=\"twitter:card\" content=\"summary_large_image\" \/>\n<meta name=\"twitter:label1\" content=\"Dur\u00e9e de lecture estim\u00e9e\" \/>\n\t<meta name=\"twitter:data1\" content=\"3 minutes\" \/>\n<script type=\"application\/ld+json\" class=\"yoast-schema-graph\">{\"@context\":\"https:\\\/\\\/schema.org\",\"@graph\":[{\"@type\":\"WebPage\",\"@id\":\"https:\\\/\\\/www.tfsoleodinamica.it\\\/motore-a-magneti-permanenti-a-trasmissione-diretta-hagglunds-thunder\\\/\",\"url\":\"https:\\\/\\\/www.tfsoleodinamica.it\\\/motore-a-magneti-permanenti-a-trasmissione-diretta-hagglunds-thunder\\\/\",\"name\":\"Moteur \u00e0 Couple \u00e0 Aimants Permanents H\u00e4gglunds Thunder - TFS Oleodinamica - Assistance et revente Bosch Rexroth\",\"isPartOf\":{\"@id\":\"https:\\\/\\\/www.tfsoleodinamica.it\\\/#website\"},\"primaryImageOfPage\":{\"@id\":\"https:\\\/\\\/www.tfsoleodinamica.it\\\/motore-a-magneti-permanenti-a-trasmissione-diretta-hagglunds-thunder\\\/#primaryimage\"},\"image\":{\"@id\":\"https:\\\/\\\/www.tfsoleodinamica.it\\\/motore-a-magneti-permanenti-a-trasmissione-diretta-hagglunds-thunder\\\/#primaryimage\"},\"thumbnailUrl\":\"https:\\\/\\\/www.tfsoleodinamica.it\\\/wp-content\\\/uploads\\\/2026\\\/04\\\/hagglunds-thunder-motore-radiale-categoria.jpg\",\"datePublished\":\"2026-04-15T12:13:34+00:00\",\"dateModified\":\"2026-04-15T13:35:41+00:00\",\"description\":\"Assistenza, progettazione impianti oleodinamici. Vendita prodotti per oleodinamica. Rivenditore Bosch Rexroth.\",\"breadcrumb\":{\"@id\":\"https:\\\/\\\/www.tfsoleodinamica.it\\\/motore-a-magneti-permanenti-a-trasmissione-diretta-hagglunds-thunder\\\/#breadcrumb\"},\"inLanguage\":\"fr-FR\",\"potentialAction\":[{\"@type\":\"ReadAction\",\"target\":[\"https:\\\/\\\/www.tfsoleodinamica.it\\\/motore-a-magneti-permanenti-a-trasmissione-diretta-hagglunds-thunder\\\/\"]}]},{\"@type\":\"ImageObject\",\"inLanguage\":\"fr-FR\",\"@id\":\"https:\\\/\\\/www.tfsoleodinamica.it\\\/motore-a-magneti-permanenti-a-trasmissione-diretta-hagglunds-thunder\\\/#primaryimage\",\"url\":\"https:\\\/\\\/www.tfsoleodinamica.it\\\/wp-content\\\/uploads\\\/2026\\\/04\\\/hagglunds-thunder-motore-radiale-categoria.jpg\",\"contentUrl\":\"https:\\\/\\\/www.tfsoleodinamica.it\\\/wp-content\\\/uploads\\\/2026\\\/04\\\/hagglunds-thunder-motore-radiale-categoria.jpg\",\"width\":1280,\"height\":720,\"caption\":\"[:it]H\u00e4gglunds Thunder | Motori a Pistoni Radiali[:en]H\u00e4gglunds Thunder | Radial Piston Motors[:fr]H\u00e4gglunds Thunder | Moteurs \u00e0 Pistons Radiaux[:ru]H\u00e4gglunds Thunder | \u0420\u0430\u0434\u0438\u0430\u043b\u044c\u043d\u043e-\u043f\u043e\u0440\u0448\u043d\u0435\u0432\u044b\u0435 \u0434\u0432\u0438\u0433\u0430\u0442\u0435\u043b\u0438[:]\"},{\"@type\":\"BreadcrumbList\",\"@id\":\"https:\\\/\\\/www.tfsoleodinamica.it\\\/motore-a-magneti-permanenti-a-trasmissione-diretta-hagglunds-thunder\\\/#breadcrumb\",\"itemListElement\":[{\"@type\":\"ListItem\",\"position\":1,\"name\":\"Home\",\"item\":\"https:\\\/\\\/www.tfsoleodinamica.it\\\/\"},{\"@type\":\"ListItem\",\"position\":2,\"name\":\"Boutique\",\"item\":\"https:\\\/\\\/www.tfsoleodinamica.it\\\/fr\\\/negozio\\\/\"},{\"@type\":\"ListItem\",\"position\":3,\"name\":\"Motore a Magneti Permanenti a Trasmissione Diretta H\u00e4gglunds Thunder\"}]},{\"@type\":\"WebSite\",\"@id\":\"https:\\\/\\\/www.tfsoleodinamica.it\\\/#website\",\"url\":\"https:\\\/\\\/www.tfsoleodinamica.it\\\/\",\"name\":\"TFS Oleodinamica - Assistance et revente Bosch Rexroth\",\"description\":\"Assistance et revente de produits pour l&#039;hydraulique\",\"publisher\":{\"@id\":\"https:\\\/\\\/www.tfsoleodinamica.it\\\/#organization\"},\"potentialAction\":[{\"@type\":\"SearchAction\",\"target\":{\"@type\":\"EntryPoint\",\"urlTemplate\":\"https:\\\/\\\/www.tfsoleodinamica.it\\\/?s={search_term_string}\"},\"query-input\":{\"@type\":\"PropertyValueSpecification\",\"valueRequired\":true,\"valueName\":\"search_term_string\"}}],\"inLanguage\":\"fr-FR\"},{\"@type\":\"Organization\",\"@id\":\"https:\\\/\\\/www.tfsoleodinamica.it\\\/#organization\",\"name\":\"Tecno Fluid Service Srl\",\"url\":\"https:\\\/\\\/www.tfsoleodinamica.it\\\/\",\"logo\":{\"@type\":\"ImageObject\",\"inLanguage\":\"fr-FR\",\"@id\":\"https:\\\/\\\/www.tfsoleodinamica.it\\\/#\\\/schema\\\/logo\\\/image\\\/\",\"url\":\"https:\\\/\\\/www.tfsoleodinamica.it\\\/wp-content\\\/uploads\\\/logo-tfs.png\",\"contentUrl\":\"https:\\\/\\\/www.tfsoleodinamica.it\\\/wp-content\\\/uploads\\\/logo-tfs.png\",\"width\":82,\"height\":80,\"caption\":\"Tecno Fluid Service Srl\"},\"image\":{\"@id\":\"https:\\\/\\\/www.tfsoleodinamica.it\\\/#\\\/schema\\\/logo\\\/image\\\/\"},\"sameAs\":[\"http:\\\/\\\/www.facebook.com\\\/tfsoleodinamica\",\"http:\\\/\\\/www.linkedin.com\\\/company\\\/tfs-srl-tecno-fluid-service\",\"http:\\\/\\\/www.youtube.com\\\/watch?v=8XDyMn9zUQI\"]}]}<\/script>\n<!-- \/ Yoast SEO plugin. -->","yoast_head_json":{"title":"Moteur \u00e0 Couple \u00e0 Aimants Permanents H\u00e4gglunds Thunder - TFS Oleodinamica - Assistance et revente Bosch Rexroth","description":"Assistenza, progettazione impianti oleodinamici. Vendita prodotti per oleodinamica. Rivenditore Bosch Rexroth.","robots":{"index":"index","follow":"follow","max-snippet":"max-snippet:-1","max-image-preview":"max-image-preview:large","max-video-preview":"max-video-preview:-1"},"canonical":"https:\/\/www.tfsoleodinamica.it\/motore-a-magneti-permanenti-a-trasmissione-diretta-hagglunds-thunder\/","og_locale":"fr_FR","og_type":"article","og_title":"Moteur \u00e0 Couple \u00e0 Aimants Permanents H\u00e4gglunds Thunder - TFS Oleodinamica - Assistance et revente Bosch Rexroth","og_description":"Assistenza, progettazione impianti oleodinamici. Vendita prodotti per oleodinamica. Rivenditore Bosch Rexroth.","og_url":"https:\/\/www.tfsoleodinamica.it\/motore-a-magneti-permanenti-a-trasmissione-diretta-hagglunds-thunder\/","og_site_name":"TFS Oleodinamica - Assistance et revente Bosch Rexroth","article_publisher":"http:\/\/www.facebook.com\/tfsoleodinamica","article_modified_time":"2026-04-15T13:35:41+00:00","og_image":[{"width":1280,"height":720,"url":"https:\/\/www.tfsoleodinamica.it\/wp-content\/uploads\/2026\/04\/hagglunds-thunder-motore-radiale-categoria.jpg","type":"image\/jpeg"}],"twitter_card":"summary_large_image","twitter_misc":{"Dur\u00e9e de lecture estim\u00e9e":"3 minutes"},"schema":{"@context":"https:\/\/schema.org","@graph":[{"@type":"WebPage","@id":"https:\/\/www.tfsoleodinamica.it\/motore-a-magneti-permanenti-a-trasmissione-diretta-hagglunds-thunder\/","url":"https:\/\/www.tfsoleodinamica.it\/motore-a-magneti-permanenti-a-trasmissione-diretta-hagglunds-thunder\/","name":"Moteur \u00e0 Couple \u00e0 Aimants Permanents H\u00e4gglunds Thunder - TFS Oleodinamica - Assistance et revente Bosch Rexroth","isPartOf":{"@id":"https:\/\/www.tfsoleodinamica.it\/#website"},"primaryImageOfPage":{"@id":"https:\/\/www.tfsoleodinamica.it\/motore-a-magneti-permanenti-a-trasmissione-diretta-hagglunds-thunder\/#primaryimage"},"image":{"@id":"https:\/\/www.tfsoleodinamica.it\/motore-a-magneti-permanenti-a-trasmissione-diretta-hagglunds-thunder\/#primaryimage"},"thumbnailUrl":"https:\/\/www.tfsoleodinamica.it\/wp-content\/uploads\/2026\/04\/hagglunds-thunder-motore-radiale-categoria.jpg","datePublished":"2026-04-15T12:13:34+00:00","dateModified":"2026-04-15T13:35:41+00:00","description":"Assistenza, progettazione impianti oleodinamici. Vendita prodotti per oleodinamica. Rivenditore Bosch Rexroth.","breadcrumb":{"@id":"https:\/\/www.tfsoleodinamica.it\/motore-a-magneti-permanenti-a-trasmissione-diretta-hagglunds-thunder\/#breadcrumb"},"inLanguage":"fr-FR","potentialAction":[{"@type":"ReadAction","target":["https:\/\/www.tfsoleodinamica.it\/motore-a-magneti-permanenti-a-trasmissione-diretta-hagglunds-thunder\/"]}]},{"@type":"ImageObject","inLanguage":"fr-FR","@id":"https:\/\/www.tfsoleodinamica.it\/motore-a-magneti-permanenti-a-trasmissione-diretta-hagglunds-thunder\/#primaryimage","url":"https:\/\/www.tfsoleodinamica.it\/wp-content\/uploads\/2026\/04\/hagglunds-thunder-motore-radiale-categoria.jpg","contentUrl":"https:\/\/www.tfsoleodinamica.it\/wp-content\/uploads\/2026\/04\/hagglunds-thunder-motore-radiale-categoria.jpg","width":1280,"height":720,"caption":"[:it]H\u00e4gglunds Thunder | Motori a Pistoni Radiali[:en]H\u00e4gglunds Thunder | Radial Piston Motors[:fr]H\u00e4gglunds Thunder | Moteurs \u00e0 Pistons Radiaux[:ru]H\u00e4gglunds Thunder | \u0420\u0430\u0434\u0438\u0430\u043b\u044c\u043d\u043e-\u043f\u043e\u0440\u0448\u043d\u0435\u0432\u044b\u0435 \u0434\u0432\u0438\u0433\u0430\u0442\u0435\u043b\u0438[:]"},{"@type":"BreadcrumbList","@id":"https:\/\/www.tfsoleodinamica.it\/motore-a-magneti-permanenti-a-trasmissione-diretta-hagglunds-thunder\/#breadcrumb","itemListElement":[{"@type":"ListItem","position":1,"name":"Home","item":"https:\/\/www.tfsoleodinamica.it\/"},{"@type":"ListItem","position":2,"name":"Boutique","item":"https:\/\/www.tfsoleodinamica.it\/fr\/negozio\/"},{"@type":"ListItem","position":3,"name":"Motore a Magneti Permanenti a Trasmissione Diretta H\u00e4gglunds Thunder"}]},{"@type":"WebSite","@id":"https:\/\/www.tfsoleodinamica.it\/#website","url":"https:\/\/www.tfsoleodinamica.it\/","name":"TFS Oleodinamica - Assistance et revente Bosch Rexroth","description":"Assistance et revente de produits pour l&#039;hydraulique","publisher":{"@id":"https:\/\/www.tfsoleodinamica.it\/#organization"},"potentialAction":[{"@type":"SearchAction","target":{"@type":"EntryPoint","urlTemplate":"https:\/\/www.tfsoleodinamica.it\/?s={search_term_string}"},"query-input":{"@type":"PropertyValueSpecification","valueRequired":true,"valueName":"search_term_string"}}],"inLanguage":"fr-FR"},{"@type":"Organization","@id":"https:\/\/www.tfsoleodinamica.it\/#organization","name":"Tecno Fluid Service Srl","url":"https:\/\/www.tfsoleodinamica.it\/","logo":{"@type":"ImageObject","inLanguage":"fr-FR","@id":"https:\/\/www.tfsoleodinamica.it\/#\/schema\/logo\/image\/","url":"https:\/\/www.tfsoleodinamica.it\/wp-content\/uploads\/logo-tfs.png","contentUrl":"https:\/\/www.tfsoleodinamica.it\/wp-content\/uploads\/logo-tfs.png","width":82,"height":80,"caption":"Tecno Fluid Service Srl"},"image":{"@id":"https:\/\/www.tfsoleodinamica.it\/#\/schema\/logo\/image\/"},"sameAs":["http:\/\/www.facebook.com\/tfsoleodinamica","http:\/\/www.linkedin.com\/company\/tfs-srl-tecno-fluid-service","http:\/\/www.youtube.com\/watch?v=8XDyMn9zUQI"]}]}},"_links":{"self":[{"href":"https:\/\/www.tfsoleodinamica.it\/fr\/wp-json\/wp\/v2\/product\/6195","targetHints":{"allow":["GET"]}}],"collection":[{"href":"https:\/\/www.tfsoleodinamica.it\/fr\/wp-json\/wp\/v2\/product"}],"about":[{"href":"https:\/\/www.tfsoleodinamica.it\/fr\/wp-json\/wp\/v2\/types\/product"}],"replies":[{"embeddable":true,"href":"https:\/\/www.tfsoleodinamica.it\/fr\/wp-json\/wp\/v2\/comments?post=6195"}],"wp:featuredmedia":[{"embeddable":true,"href":"https:\/\/www.tfsoleodinamica.it\/fr\/wp-json\/wp\/v2\/media\/6158"}],"wp:attachment":[{"href":"https:\/\/www.tfsoleodinamica.it\/fr\/wp-json\/wp\/v2\/media?parent=6195"}],"wp:term":[{"taxonomy":"product_brand","embeddable":true,"href":"https:\/\/www.tfsoleodinamica.it\/fr\/wp-json\/wp\/v2\/product_brand?post=6195"},{"taxonomy":"product_cat","embeddable":true,"href":"https:\/\/www.tfsoleodinamica.it\/fr\/wp-json\/wp\/v2\/product_cat?post=6195"},{"taxonomy":"product_tag","embeddable":true,"href":"https:\/\/www.tfsoleodinamica.it\/fr\/wp-json\/wp\/v2\/product_tag?post=6195"}],"curies":[{"name":"wp","href":"https:\/\/api.w.org\/{rel}","templated":true}]}}