{"id":6193,"date":"2026-04-15T12:13:25","date_gmt":"2026-04-15T12:13:25","guid":{"rendered":"https:\/\/www.tfsoleodinamica.it\/motore-idraulico-a-pistoni-radiali-hagglunds-quantum-power\/"},"modified":"2026-04-15T13:35:37","modified_gmt":"2026-04-15T13:35:37","slug":"motore-idraulico-a-pistoni-radiali-hagglunds-quantum-power","status":"publish","type":"product","link":"https:\/\/www.tfsoleodinamica.it\/fr\/motore-idraulico-a-pistoni-radiali-hagglunds-quantum-power\/","title":{"rendered":"Moteur Hydraulique \u00e0 Pistons Radiaux H\u00e4gglunds Quantum Power"},"content":{"rendered":"<p>Le Quantum Power de H\u00e4gglunds s&rsquo;appuie sur la plate-forme \u00e9prouv\u00e9e du moteur Quantum avec un bloc de connexion mince et innovant dot\u00e9 de ports suppl\u00e9mentaires et d&rsquo;am\u00e9liorations de la conception interne qui permettent d&rsquo;atteindre des vitesses beaucoup plus \u00e9lev\u00e9es tout en conservant une capacit\u00e9 de couple totale. Fonctionnant \u00e0 des vitesses allant jusqu&rsquo;\u00e0 170 tr\/min (contre 125 tr\/min pour Quantum), le Quantum Power d\u00e9livre une puissance maximale de 2 568 kW et un couple allant jusqu&rsquo;\u00e0 370 kNm avec une plage de cylindr\u00e9e allant de 10 100 \u00e0 70 400 cm\u00b3\/tr. Cette conception r\u00e9volutionnaire permet d&rsquo;obtenir une puissance \u00e9lev\u00e9e tout en \u00e9tant plus \u00e9conomique et durable \u00e0 une pression de fonctionnement allant jusqu&rsquo;\u00e0 350 bars, ce qui en fait le premier choix pour les applications \u00e0 grande vitesse et \u00e0 forte puissance.<\/p>\n<ul>\n<li>Capacit\u00e9 de vitesse plus \u00e9lev\u00e9e (170 tr\/min) par rapport au Quantum standard<\/li>\n<li>Puissance extr\u00eame jusqu&rsquo;\u00e0 2 568 kW avec pleine capacit\u00e9 de couple<\/li>\n<li>Conception innovante du bloc de connexion permettant un fonctionnement \u00e0 grande vitesse<\/li>\n<li>Cylindr\u00e9e 10 100-70 400 cm\u00b3\/tr avec plage \u00e9tendue<\/li>\n<li>Une \u00e9conomie et une durabilit\u00e9 accrues par rapport aux solutions pr\u00e9c\u00e9dentes<\/li>\n<li>Maintien d&rsquo;une pleine efficacit\u00e9 \u00e0 des vitesses de fonctionnement plus \u00e9lev\u00e9es<\/li>\n<\/ul>","protected":false},"excerpt":{"rendered":"<p><strong>H\u00e4gglunds Quantum Power<\/strong> \u2013 Le H\u00e4gglunds Quantum Power est un moteur hydraulique \u00e0 piston radial avanc\u00e9 qui combine la base fiable du Quantum avec une conception innovante des blocs de connexion pour des vitesses et des puissances de sortie nettement plus \u00e9lev\u00e9es.<\/p>\n<p><a href=\"https:\/\/www.tfsoleodinamica.it\/wp-content\/uploads\/hagglunds-quantum-power-brochure.pdf\" target=\"_blank\" rel=\"noopener noreferrer\">\ud83d\udcc4 T\u00e9l\u00e9charger la Brochure<\/a><\/p>\n","protected":false},"featured_media":6157,"comment_status":"open","ping_status":"closed","template":"","meta":[],"product_brand":[],"product_cat":[986,991],"product_tag":[],"class_list":{"0":"post-6193","1":"product","2":"type-product","3":"status-publish","4":"has-post-thumbnail","6":"product_cat-motori-a-pistoni-radiali","7":"product_cat-quantum-power","8":"pa_brand-hagglunds","9":"pa_prodotto-motori-a-pistoni-radiali","10":"pa_serie-hagglunds-quantum-power","12":"first","13":"instock","14":"shipping-taxable","15":"product-type-simple"},"yoast_head":"<!-- This site is optimized with the Yoast SEO plugin v27.4 - https:\/\/yoast.com\/product\/yoast-seo-wordpress\/ -->\n<title>Moteur Hydraulique \u00e0 Pistons Radiaux H\u00e4gglunds Quantum Power - TFS Oleodinamica - Assistance et revente Bosch Rexroth<\/title>\n<meta name=\"description\" content=\"Assistenza, progettazione impianti oleodinamici. Vendita prodotti per oleodinamica. Rivenditore Bosch Rexroth.\" \/>\n<meta name=\"robots\" content=\"index, follow, max-snippet:-1, max-image-preview:large, max-video-preview:-1\" \/>\n<link rel=\"canonical\" href=\"https:\/\/www.tfsoleodinamica.it\/motore-idraulico-a-pistoni-radiali-hagglunds-quantum-power\/\" \/>\n<meta property=\"og:locale\" content=\"fr_FR\" \/>\n<meta property=\"og:type\" content=\"article\" \/>\n<meta property=\"og:title\" content=\"Moteur Hydraulique \u00e0 Pistons Radiaux H\u00e4gglunds Quantum Power - TFS Oleodinamica - Assistance et revente Bosch Rexroth\" \/>\n<meta property=\"og:description\" content=\"Assistenza, progettazione impianti oleodinamici. Vendita prodotti per oleodinamica. Rivenditore Bosch Rexroth.\" \/>\n<meta property=\"og:url\" content=\"https:\/\/www.tfsoleodinamica.it\/motore-idraulico-a-pistoni-radiali-hagglunds-quantum-power\/\" \/>\n<meta property=\"og:site_name\" content=\"TFS Oleodinamica - Assistance et revente Bosch Rexroth\" \/>\n<meta property=\"article:publisher\" content=\"http:\/\/www.facebook.com\/tfsoleodinamica\" \/>\n<meta property=\"article:modified_time\" content=\"2026-04-15T13:35:37+00:00\" \/>\n<meta property=\"og:image\" content=\"https:\/\/www.tfsoleodinamica.it\/wp-content\/uploads\/2026\/04\/hagglunds-quantum-power-motore-radiale-categoria.jpg\" \/>\n\t<meta property=\"og:image:width\" content=\"1280\" \/>\n\t<meta property=\"og:image:height\" content=\"720\" \/>\n\t<meta property=\"og:image:type\" content=\"image\/jpeg\" \/>\n<meta name=\"twitter:card\" content=\"summary_large_image\" \/>\n<meta name=\"twitter:label1\" content=\"Dur\u00e9e de lecture estim\u00e9e\" \/>\n\t<meta name=\"twitter:data1\" content=\"3 minutes\" \/>\n<script type=\"application\/ld+json\" class=\"yoast-schema-graph\">{\"@context\":\"https:\\\/\\\/schema.org\",\"@graph\":[{\"@type\":\"WebPage\",\"@id\":\"https:\\\/\\\/www.tfsoleodinamica.it\\\/motore-idraulico-a-pistoni-radiali-hagglunds-quantum-power\\\/\",\"url\":\"https:\\\/\\\/www.tfsoleodinamica.it\\\/motore-idraulico-a-pistoni-radiali-hagglunds-quantum-power\\\/\",\"name\":\"Moteur Hydraulique \u00e0 Pistons Radiaux H\u00e4gglunds Quantum Power - TFS Oleodinamica - Assistance et revente Bosch Rexroth\",\"isPartOf\":{\"@id\":\"https:\\\/\\\/www.tfsoleodinamica.it\\\/#website\"},\"primaryImageOfPage\":{\"@id\":\"https:\\\/\\\/www.tfsoleodinamica.it\\\/motore-idraulico-a-pistoni-radiali-hagglunds-quantum-power\\\/#primaryimage\"},\"image\":{\"@id\":\"https:\\\/\\\/www.tfsoleodinamica.it\\\/motore-idraulico-a-pistoni-radiali-hagglunds-quantum-power\\\/#primaryimage\"},\"thumbnailUrl\":\"https:\\\/\\\/www.tfsoleodinamica.it\\\/wp-content\\\/uploads\\\/2026\\\/04\\\/hagglunds-quantum-power-motore-radiale-categoria.jpg\",\"datePublished\":\"2026-04-15T12:13:25+00:00\",\"dateModified\":\"2026-04-15T13:35:37+00:00\",\"description\":\"Assistenza, progettazione impianti oleodinamici. Vendita prodotti per oleodinamica. Rivenditore Bosch Rexroth.\",\"breadcrumb\":{\"@id\":\"https:\\\/\\\/www.tfsoleodinamica.it\\\/motore-idraulico-a-pistoni-radiali-hagglunds-quantum-power\\\/#breadcrumb\"},\"inLanguage\":\"fr-FR\",\"potentialAction\":[{\"@type\":\"ReadAction\",\"target\":[\"https:\\\/\\\/www.tfsoleodinamica.it\\\/motore-idraulico-a-pistoni-radiali-hagglunds-quantum-power\\\/\"]}]},{\"@type\":\"ImageObject\",\"inLanguage\":\"fr-FR\",\"@id\":\"https:\\\/\\\/www.tfsoleodinamica.it\\\/motore-idraulico-a-pistoni-radiali-hagglunds-quantum-power\\\/#primaryimage\",\"url\":\"https:\\\/\\\/www.tfsoleodinamica.it\\\/wp-content\\\/uploads\\\/2026\\\/04\\\/hagglunds-quantum-power-motore-radiale-categoria.jpg\",\"contentUrl\":\"https:\\\/\\\/www.tfsoleodinamica.it\\\/wp-content\\\/uploads\\\/2026\\\/04\\\/hagglunds-quantum-power-motore-radiale-categoria.jpg\",\"width\":1280,\"height\":720,\"caption\":\"[:it]H\u00e4gglunds Quantum Power | Motori a Pistoni Radiali[:en]H\u00e4gglunds Quantum Power | Radial Piston Motors[:fr]H\u00e4gglunds Quantum Power | Moteurs \u00e0 Pistons Radiaux[:ru]H\u00e4gglunds Quantum Power | \u0420\u0430\u0434\u0438\u0430\u043b\u044c\u043d\u043e-\u043f\u043e\u0440\u0448\u043d\u0435\u0432\u044b\u0435 \u0434\u0432\u0438\u0433\u0430\u0442\u0435\u043b\u0438[:]\"},{\"@type\":\"BreadcrumbList\",\"@id\":\"https:\\\/\\\/www.tfsoleodinamica.it\\\/motore-idraulico-a-pistoni-radiali-hagglunds-quantum-power\\\/#breadcrumb\",\"itemListElement\":[{\"@type\":\"ListItem\",\"position\":1,\"name\":\"Home\",\"item\":\"https:\\\/\\\/www.tfsoleodinamica.it\\\/\"},{\"@type\":\"ListItem\",\"position\":2,\"name\":\"Boutique\",\"item\":\"https:\\\/\\\/www.tfsoleodinamica.it\\\/fr\\\/negozio\\\/\"},{\"@type\":\"ListItem\",\"position\":3,\"name\":\"Motore Idraulico a Pistoni Radiali H\u00e4gglunds Quantum Power\"}]},{\"@type\":\"WebSite\",\"@id\":\"https:\\\/\\\/www.tfsoleodinamica.it\\\/#website\",\"url\":\"https:\\\/\\\/www.tfsoleodinamica.it\\\/\",\"name\":\"TFS Oleodinamica - Assistance et revente Bosch Rexroth\",\"description\":\"Assistance et revente de produits pour l&#039;hydraulique\",\"publisher\":{\"@id\":\"https:\\\/\\\/www.tfsoleodinamica.it\\\/#organization\"},\"potentialAction\":[{\"@type\":\"SearchAction\",\"target\":{\"@type\":\"EntryPoint\",\"urlTemplate\":\"https:\\\/\\\/www.tfsoleodinamica.it\\\/?s={search_term_string}\"},\"query-input\":{\"@type\":\"PropertyValueSpecification\",\"valueRequired\":true,\"valueName\":\"search_term_string\"}}],\"inLanguage\":\"fr-FR\"},{\"@type\":\"Organization\",\"@id\":\"https:\\\/\\\/www.tfsoleodinamica.it\\\/#organization\",\"name\":\"Tecno Fluid Service Srl\",\"url\":\"https:\\\/\\\/www.tfsoleodinamica.it\\\/\",\"logo\":{\"@type\":\"ImageObject\",\"inLanguage\":\"fr-FR\",\"@id\":\"https:\\\/\\\/www.tfsoleodinamica.it\\\/#\\\/schema\\\/logo\\\/image\\\/\",\"url\":\"https:\\\/\\\/www.tfsoleodinamica.it\\\/wp-content\\\/uploads\\\/logo-tfs.png\",\"contentUrl\":\"https:\\\/\\\/www.tfsoleodinamica.it\\\/wp-content\\\/uploads\\\/logo-tfs.png\",\"width\":82,\"height\":80,\"caption\":\"Tecno Fluid Service Srl\"},\"image\":{\"@id\":\"https:\\\/\\\/www.tfsoleodinamica.it\\\/#\\\/schema\\\/logo\\\/image\\\/\"},\"sameAs\":[\"http:\\\/\\\/www.facebook.com\\\/tfsoleodinamica\",\"http:\\\/\\\/www.linkedin.com\\\/company\\\/tfs-srl-tecno-fluid-service\",\"http:\\\/\\\/www.youtube.com\\\/watch?v=8XDyMn9zUQI\"]}]}<\/script>\n<!-- \/ Yoast SEO plugin. -->","yoast_head_json":{"title":"Moteur Hydraulique \u00e0 Pistons Radiaux H\u00e4gglunds Quantum Power - TFS Oleodinamica - Assistance et revente Bosch Rexroth","description":"Assistenza, progettazione impianti oleodinamici. Vendita prodotti per oleodinamica. Rivenditore Bosch Rexroth.","robots":{"index":"index","follow":"follow","max-snippet":"max-snippet:-1","max-image-preview":"max-image-preview:large","max-video-preview":"max-video-preview:-1"},"canonical":"https:\/\/www.tfsoleodinamica.it\/motore-idraulico-a-pistoni-radiali-hagglunds-quantum-power\/","og_locale":"fr_FR","og_type":"article","og_title":"Moteur Hydraulique \u00e0 Pistons Radiaux H\u00e4gglunds Quantum Power - TFS Oleodinamica - Assistance et revente Bosch Rexroth","og_description":"Assistenza, progettazione impianti oleodinamici. Vendita prodotti per oleodinamica. Rivenditore Bosch Rexroth.","og_url":"https:\/\/www.tfsoleodinamica.it\/motore-idraulico-a-pistoni-radiali-hagglunds-quantum-power\/","og_site_name":"TFS Oleodinamica - Assistance et revente Bosch Rexroth","article_publisher":"http:\/\/www.facebook.com\/tfsoleodinamica","article_modified_time":"2026-04-15T13:35:37+00:00","og_image":[{"width":1280,"height":720,"url":"https:\/\/www.tfsoleodinamica.it\/wp-content\/uploads\/2026\/04\/hagglunds-quantum-power-motore-radiale-categoria.jpg","type":"image\/jpeg"}],"twitter_card":"summary_large_image","twitter_misc":{"Dur\u00e9e de lecture estim\u00e9e":"3 minutes"},"schema":{"@context":"https:\/\/schema.org","@graph":[{"@type":"WebPage","@id":"https:\/\/www.tfsoleodinamica.it\/motore-idraulico-a-pistoni-radiali-hagglunds-quantum-power\/","url":"https:\/\/www.tfsoleodinamica.it\/motore-idraulico-a-pistoni-radiali-hagglunds-quantum-power\/","name":"Moteur Hydraulique \u00e0 Pistons Radiaux H\u00e4gglunds Quantum Power - TFS Oleodinamica - Assistance et revente Bosch Rexroth","isPartOf":{"@id":"https:\/\/www.tfsoleodinamica.it\/#website"},"primaryImageOfPage":{"@id":"https:\/\/www.tfsoleodinamica.it\/motore-idraulico-a-pistoni-radiali-hagglunds-quantum-power\/#primaryimage"},"image":{"@id":"https:\/\/www.tfsoleodinamica.it\/motore-idraulico-a-pistoni-radiali-hagglunds-quantum-power\/#primaryimage"},"thumbnailUrl":"https:\/\/www.tfsoleodinamica.it\/wp-content\/uploads\/2026\/04\/hagglunds-quantum-power-motore-radiale-categoria.jpg","datePublished":"2026-04-15T12:13:25+00:00","dateModified":"2026-04-15T13:35:37+00:00","description":"Assistenza, progettazione impianti oleodinamici. Vendita prodotti per oleodinamica. Rivenditore Bosch Rexroth.","breadcrumb":{"@id":"https:\/\/www.tfsoleodinamica.it\/motore-idraulico-a-pistoni-radiali-hagglunds-quantum-power\/#breadcrumb"},"inLanguage":"fr-FR","potentialAction":[{"@type":"ReadAction","target":["https:\/\/www.tfsoleodinamica.it\/motore-idraulico-a-pistoni-radiali-hagglunds-quantum-power\/"]}]},{"@type":"ImageObject","inLanguage":"fr-FR","@id":"https:\/\/www.tfsoleodinamica.it\/motore-idraulico-a-pistoni-radiali-hagglunds-quantum-power\/#primaryimage","url":"https:\/\/www.tfsoleodinamica.it\/wp-content\/uploads\/2026\/04\/hagglunds-quantum-power-motore-radiale-categoria.jpg","contentUrl":"https:\/\/www.tfsoleodinamica.it\/wp-content\/uploads\/2026\/04\/hagglunds-quantum-power-motore-radiale-categoria.jpg","width":1280,"height":720,"caption":"[:it]H\u00e4gglunds Quantum Power | Motori a Pistoni Radiali[:en]H\u00e4gglunds Quantum Power | Radial Piston Motors[:fr]H\u00e4gglunds Quantum Power | Moteurs \u00e0 Pistons Radiaux[:ru]H\u00e4gglunds Quantum Power | \u0420\u0430\u0434\u0438\u0430\u043b\u044c\u043d\u043e-\u043f\u043e\u0440\u0448\u043d\u0435\u0432\u044b\u0435 \u0434\u0432\u0438\u0433\u0430\u0442\u0435\u043b\u0438[:]"},{"@type":"BreadcrumbList","@id":"https:\/\/www.tfsoleodinamica.it\/motore-idraulico-a-pistoni-radiali-hagglunds-quantum-power\/#breadcrumb","itemListElement":[{"@type":"ListItem","position":1,"name":"Home","item":"https:\/\/www.tfsoleodinamica.it\/"},{"@type":"ListItem","position":2,"name":"Boutique","item":"https:\/\/www.tfsoleodinamica.it\/fr\/negozio\/"},{"@type":"ListItem","position":3,"name":"Motore Idraulico a Pistoni Radiali H\u00e4gglunds Quantum Power"}]},{"@type":"WebSite","@id":"https:\/\/www.tfsoleodinamica.it\/#website","url":"https:\/\/www.tfsoleodinamica.it\/","name":"TFS Oleodinamica - Assistance et revente Bosch Rexroth","description":"Assistance et revente de produits pour l&#039;hydraulique","publisher":{"@id":"https:\/\/www.tfsoleodinamica.it\/#organization"},"potentialAction":[{"@type":"SearchAction","target":{"@type":"EntryPoint","urlTemplate":"https:\/\/www.tfsoleodinamica.it\/?s={search_term_string}"},"query-input":{"@type":"PropertyValueSpecification","valueRequired":true,"valueName":"search_term_string"}}],"inLanguage":"fr-FR"},{"@type":"Organization","@id":"https:\/\/www.tfsoleodinamica.it\/#organization","name":"Tecno Fluid Service Srl","url":"https:\/\/www.tfsoleodinamica.it\/","logo":{"@type":"ImageObject","inLanguage":"fr-FR","@id":"https:\/\/www.tfsoleodinamica.it\/#\/schema\/logo\/image\/","url":"https:\/\/www.tfsoleodinamica.it\/wp-content\/uploads\/logo-tfs.png","contentUrl":"https:\/\/www.tfsoleodinamica.it\/wp-content\/uploads\/logo-tfs.png","width":82,"height":80,"caption":"Tecno Fluid Service Srl"},"image":{"@id":"https:\/\/www.tfsoleodinamica.it\/#\/schema\/logo\/image\/"},"sameAs":["http:\/\/www.facebook.com\/tfsoleodinamica","http:\/\/www.linkedin.com\/company\/tfs-srl-tecno-fluid-service","http:\/\/www.youtube.com\/watch?v=8XDyMn9zUQI"]}]}},"_links":{"self":[{"href":"https:\/\/www.tfsoleodinamica.it\/fr\/wp-json\/wp\/v2\/product\/6193","targetHints":{"allow":["GET"]}}],"collection":[{"href":"https:\/\/www.tfsoleodinamica.it\/fr\/wp-json\/wp\/v2\/product"}],"about":[{"href":"https:\/\/www.tfsoleodinamica.it\/fr\/wp-json\/wp\/v2\/types\/product"}],"replies":[{"embeddable":true,"href":"https:\/\/www.tfsoleodinamica.it\/fr\/wp-json\/wp\/v2\/comments?post=6193"}],"wp:featuredmedia":[{"embeddable":true,"href":"https:\/\/www.tfsoleodinamica.it\/fr\/wp-json\/wp\/v2\/media\/6157"}],"wp:attachment":[{"href":"https:\/\/www.tfsoleodinamica.it\/fr\/wp-json\/wp\/v2\/media?parent=6193"}],"wp:term":[{"taxonomy":"product_brand","embeddable":true,"href":"https:\/\/www.tfsoleodinamica.it\/fr\/wp-json\/wp\/v2\/product_brand?post=6193"},{"taxonomy":"product_cat","embeddable":true,"href":"https:\/\/www.tfsoleodinamica.it\/fr\/wp-json\/wp\/v2\/product_cat?post=6193"},{"taxonomy":"product_tag","embeddable":true,"href":"https:\/\/www.tfsoleodinamica.it\/fr\/wp-json\/wp\/v2\/product_tag?post=6193"}],"curies":[{"name":"wp","href":"https:\/\/api.w.org\/{rel}","templated":true}]}}