{"id":6192,"date":"2026-04-15T12:13:21","date_gmt":"2026-04-15T12:13:21","guid":{"rendered":"https:\/\/www.tfsoleodinamica.it\/motore-idraulico-a-pistoni-radiali-hagglunds-quantum\/"},"modified":"2026-04-15T13:35:35","modified_gmt":"2026-04-15T13:35:35","slug":"motore-idraulico-a-pistoni-radiali-hagglunds-quantum","status":"publish","type":"product","link":"https:\/\/www.tfsoleodinamica.it\/fr\/motore-idraulico-a-pistoni-radiali-hagglunds-quantum\/","title":{"rendered":"Moteur Hydraulique \u00e0 Pistons Radiaux H\u00e4gglunds Quantum"},"content":{"rendered":"<p>Le moteur hydraulique \u00e0 piston radial Quantum de H\u00e4gglunds fournit un couple maximal de 370 kNm \u00e0 des vitesses de fonctionnement allant jusqu&rsquo;\u00e0 125 tr\/min avec une puissance de sortie de 1 000 kW. Avec une plage de cylindr\u00e9e allant de 15 100 \u00e0 70 400 cm\u00b3\/tr et des tailles 280, 400, 560, 840 et 1120, le Quantum pr\u00e9sente des am\u00e9liorations substantielles en termes de conception, notamment une efficacit\u00e9 accrue et une dur\u00e9e de vie prolong\u00e9e par rapport \u00e0 l&rsquo;ancienne s\u00e9rie CB. Le moteur offre une possibilit\u00e9 de roue libre, un diam\u00e8tre de trou de passage allant jusqu&rsquo;\u00e0 110 mm et fonctionne de mani\u00e8re fiable \u00e0 des pressions allant jusqu&rsquo;\u00e0 350 bars, ce qui le rend id\u00e9al pour les applications exigeantes n\u00e9cessitant une efficacit\u00e9 et une long\u00e9vit\u00e9 maximales.<\/p>\n<ul>\n<li>Successeur de la s\u00e9rie CB avec un design et des mat\u00e9riaux \u00e9volu\u00e9s<\/li>\n<li>Couple maximal de 370 kNm \u00e0 des vitesses allant jusqu&rsquo;\u00e0 125 tr\/min<\/li>\n<li>Efficacit\u00e9 accrue avec une dur\u00e9e de vie tripl\u00e9e par rapport au CB<\/li>\n<li>Cylindr\u00e9e 15 100-70 400 cm\u00b3\/tr en cinq tailles de ch\u00e2ssis<\/li>\n<li>Possibilit\u00e9 de roue libre avec un trou de passage de 110 mm<\/li>\n<li>Efficacit\u00e9 \u00e9nerg\u00e9tique \u00e9lev\u00e9e et int\u00e9gration flexible<\/li>\n<\/ul>","protected":false},"excerpt":{"rendered":"<p><strong>H\u00e4gglunds Quantum<\/strong> \u2013 Le H\u00e4gglunds Quantum est le successeur redessin\u00e9 du moteur CB, offrant une efficacit\u00e9 consid\u00e9rablement am\u00e9lior\u00e9e et une dur\u00e9e de vie tripl\u00e9e gr\u00e2ce \u00e0 la technologie d&rsquo;entra\u00eenement hydraulique \u00e0 piston radial.<\/p>\n<p><a href=\"https:\/\/www.tfsoleodinamica.it\/wp-content\/uploads\/hagglunds-quantum-brochure.pdf\" target=\"_blank\" rel=\"noopener noreferrer\">\ud83d\udcc4 T\u00e9l\u00e9charger la Brochure<\/a><\/p>\n","protected":false},"featured_media":6156,"comment_status":"open","ping_status":"closed","template":"","meta":[],"product_brand":[],"product_cat":[986,990],"product_tag":[],"class_list":{"0":"post-6192","1":"product","2":"type-product","3":"status-publish","4":"has-post-thumbnail","6":"product_cat-motori-a-pistoni-radiali","7":"product_cat-quantum","8":"pa_brand-hagglunds","9":"pa_prodotto-motori-a-pistoni-radiali","10":"pa_serie-hagglunds-quantum","12":"first","13":"instock","14":"shipping-taxable","15":"product-type-simple"},"yoast_head":"<!-- This site is optimized with the Yoast SEO plugin v27.4 - https:\/\/yoast.com\/product\/yoast-seo-wordpress\/ -->\n<title>Moteur Hydraulique \u00e0 Pistons Radiaux H\u00e4gglunds Quantum - TFS Oleodinamica - Assistance et revente Bosch Rexroth<\/title>\n<meta name=\"description\" content=\"Assistenza, progettazione impianti oleodinamici. Vendita prodotti per oleodinamica. Rivenditore Bosch Rexroth.\" \/>\n<meta name=\"robots\" content=\"index, follow, max-snippet:-1, max-image-preview:large, max-video-preview:-1\" \/>\n<link rel=\"canonical\" href=\"https:\/\/www.tfsoleodinamica.it\/motore-idraulico-a-pistoni-radiali-hagglunds-quantum\/\" \/>\n<meta property=\"og:locale\" content=\"fr_FR\" \/>\n<meta property=\"og:type\" content=\"article\" \/>\n<meta property=\"og:title\" content=\"Moteur Hydraulique \u00e0 Pistons Radiaux H\u00e4gglunds Quantum - TFS Oleodinamica - Assistance et revente Bosch Rexroth\" \/>\n<meta property=\"og:description\" content=\"Assistenza, progettazione impianti oleodinamici. Vendita prodotti per oleodinamica. Rivenditore Bosch Rexroth.\" \/>\n<meta property=\"og:url\" content=\"https:\/\/www.tfsoleodinamica.it\/motore-idraulico-a-pistoni-radiali-hagglunds-quantum\/\" \/>\n<meta property=\"og:site_name\" content=\"TFS Oleodinamica - Assistance et revente Bosch Rexroth\" \/>\n<meta property=\"article:publisher\" content=\"http:\/\/www.facebook.com\/tfsoleodinamica\" \/>\n<meta property=\"article:modified_time\" content=\"2026-04-15T13:35:35+00:00\" \/>\n<meta property=\"og:image\" content=\"https:\/\/www.tfsoleodinamica.it\/wp-content\/uploads\/2026\/04\/hagglunds-quantum-motore-radiale-categoria.jpg\" \/>\n\t<meta property=\"og:image:width\" content=\"1280\" \/>\n\t<meta property=\"og:image:height\" content=\"720\" \/>\n\t<meta property=\"og:image:type\" content=\"image\/jpeg\" \/>\n<meta name=\"twitter:card\" content=\"summary_large_image\" \/>\n<meta name=\"twitter:label1\" content=\"Dur\u00e9e de lecture estim\u00e9e\" \/>\n\t<meta name=\"twitter:data1\" content=\"2 minutes\" \/>\n<script type=\"application\/ld+json\" class=\"yoast-schema-graph\">{\"@context\":\"https:\\\/\\\/schema.org\",\"@graph\":[{\"@type\":\"WebPage\",\"@id\":\"https:\\\/\\\/www.tfsoleodinamica.it\\\/motore-idraulico-a-pistoni-radiali-hagglunds-quantum\\\/\",\"url\":\"https:\\\/\\\/www.tfsoleodinamica.it\\\/motore-idraulico-a-pistoni-radiali-hagglunds-quantum\\\/\",\"name\":\"Moteur Hydraulique \u00e0 Pistons Radiaux H\u00e4gglunds Quantum - TFS Oleodinamica - Assistance et revente Bosch Rexroth\",\"isPartOf\":{\"@id\":\"https:\\\/\\\/www.tfsoleodinamica.it\\\/#website\"},\"primaryImageOfPage\":{\"@id\":\"https:\\\/\\\/www.tfsoleodinamica.it\\\/motore-idraulico-a-pistoni-radiali-hagglunds-quantum\\\/#primaryimage\"},\"image\":{\"@id\":\"https:\\\/\\\/www.tfsoleodinamica.it\\\/motore-idraulico-a-pistoni-radiali-hagglunds-quantum\\\/#primaryimage\"},\"thumbnailUrl\":\"https:\\\/\\\/www.tfsoleodinamica.it\\\/wp-content\\\/uploads\\\/2026\\\/04\\\/hagglunds-quantum-motore-radiale-categoria.jpg\",\"datePublished\":\"2026-04-15T12:13:21+00:00\",\"dateModified\":\"2026-04-15T13:35:35+00:00\",\"description\":\"Assistenza, progettazione impianti oleodinamici. Vendita prodotti per oleodinamica. Rivenditore Bosch Rexroth.\",\"breadcrumb\":{\"@id\":\"https:\\\/\\\/www.tfsoleodinamica.it\\\/motore-idraulico-a-pistoni-radiali-hagglunds-quantum\\\/#breadcrumb\"},\"inLanguage\":\"fr-FR\",\"potentialAction\":[{\"@type\":\"ReadAction\",\"target\":[\"https:\\\/\\\/www.tfsoleodinamica.it\\\/motore-idraulico-a-pistoni-radiali-hagglunds-quantum\\\/\"]}]},{\"@type\":\"ImageObject\",\"inLanguage\":\"fr-FR\",\"@id\":\"https:\\\/\\\/www.tfsoleodinamica.it\\\/motore-idraulico-a-pistoni-radiali-hagglunds-quantum\\\/#primaryimage\",\"url\":\"https:\\\/\\\/www.tfsoleodinamica.it\\\/wp-content\\\/uploads\\\/2026\\\/04\\\/hagglunds-quantum-motore-radiale-categoria.jpg\",\"contentUrl\":\"https:\\\/\\\/www.tfsoleodinamica.it\\\/wp-content\\\/uploads\\\/2026\\\/04\\\/hagglunds-quantum-motore-radiale-categoria.jpg\",\"width\":1280,\"height\":720,\"caption\":\"[:it]H\u00e4gglunds Quantum | Motori a Pistoni Radiali[:en]H\u00e4gglunds Quantum | Radial Piston Motors[:fr]H\u00e4gglunds Quantum | Moteurs \u00e0 Pistons Radiaux[:ru]H\u00e4gglunds Quantum | \u0420\u0430\u0434\u0438\u0430\u043b\u044c\u043d\u043e-\u043f\u043e\u0440\u0448\u043d\u0435\u0432\u044b\u0435 \u0434\u0432\u0438\u0433\u0430\u0442\u0435\u043b\u0438[:]\"},{\"@type\":\"BreadcrumbList\",\"@id\":\"https:\\\/\\\/www.tfsoleodinamica.it\\\/motore-idraulico-a-pistoni-radiali-hagglunds-quantum\\\/#breadcrumb\",\"itemListElement\":[{\"@type\":\"ListItem\",\"position\":1,\"name\":\"Home\",\"item\":\"https:\\\/\\\/www.tfsoleodinamica.it\\\/\"},{\"@type\":\"ListItem\",\"position\":2,\"name\":\"Boutique\",\"item\":\"https:\\\/\\\/www.tfsoleodinamica.it\\\/fr\\\/negozio\\\/\"},{\"@type\":\"ListItem\",\"position\":3,\"name\":\"Motore Idraulico a Pistoni Radiali H\u00e4gglunds Quantum\"}]},{\"@type\":\"WebSite\",\"@id\":\"https:\\\/\\\/www.tfsoleodinamica.it\\\/#website\",\"url\":\"https:\\\/\\\/www.tfsoleodinamica.it\\\/\",\"name\":\"TFS Oleodinamica - Assistance et revente Bosch Rexroth\",\"description\":\"Assistance et revente de produits pour l&#039;hydraulique\",\"publisher\":{\"@id\":\"https:\\\/\\\/www.tfsoleodinamica.it\\\/#organization\"},\"potentialAction\":[{\"@type\":\"SearchAction\",\"target\":{\"@type\":\"EntryPoint\",\"urlTemplate\":\"https:\\\/\\\/www.tfsoleodinamica.it\\\/?s={search_term_string}\"},\"query-input\":{\"@type\":\"PropertyValueSpecification\",\"valueRequired\":true,\"valueName\":\"search_term_string\"}}],\"inLanguage\":\"fr-FR\"},{\"@type\":\"Organization\",\"@id\":\"https:\\\/\\\/www.tfsoleodinamica.it\\\/#organization\",\"name\":\"Tecno Fluid Service Srl\",\"url\":\"https:\\\/\\\/www.tfsoleodinamica.it\\\/\",\"logo\":{\"@type\":\"ImageObject\",\"inLanguage\":\"fr-FR\",\"@id\":\"https:\\\/\\\/www.tfsoleodinamica.it\\\/#\\\/schema\\\/logo\\\/image\\\/\",\"url\":\"https:\\\/\\\/www.tfsoleodinamica.it\\\/wp-content\\\/uploads\\\/logo-tfs.png\",\"contentUrl\":\"https:\\\/\\\/www.tfsoleodinamica.it\\\/wp-content\\\/uploads\\\/logo-tfs.png\",\"width\":82,\"height\":80,\"caption\":\"Tecno Fluid Service Srl\"},\"image\":{\"@id\":\"https:\\\/\\\/www.tfsoleodinamica.it\\\/#\\\/schema\\\/logo\\\/image\\\/\"},\"sameAs\":[\"http:\\\/\\\/www.facebook.com\\\/tfsoleodinamica\",\"http:\\\/\\\/www.linkedin.com\\\/company\\\/tfs-srl-tecno-fluid-service\",\"http:\\\/\\\/www.youtube.com\\\/watch?v=8XDyMn9zUQI\"]}]}<\/script>\n<!-- \/ Yoast SEO plugin. -->","yoast_head_json":{"title":"Moteur Hydraulique \u00e0 Pistons Radiaux H\u00e4gglunds Quantum - TFS Oleodinamica - Assistance et revente Bosch Rexroth","description":"Assistenza, progettazione impianti oleodinamici. Vendita prodotti per oleodinamica. Rivenditore Bosch Rexroth.","robots":{"index":"index","follow":"follow","max-snippet":"max-snippet:-1","max-image-preview":"max-image-preview:large","max-video-preview":"max-video-preview:-1"},"canonical":"https:\/\/www.tfsoleodinamica.it\/motore-idraulico-a-pistoni-radiali-hagglunds-quantum\/","og_locale":"fr_FR","og_type":"article","og_title":"Moteur Hydraulique \u00e0 Pistons Radiaux H\u00e4gglunds Quantum - TFS Oleodinamica - Assistance et revente Bosch Rexroth","og_description":"Assistenza, progettazione impianti oleodinamici. Vendita prodotti per oleodinamica. Rivenditore Bosch Rexroth.","og_url":"https:\/\/www.tfsoleodinamica.it\/motore-idraulico-a-pistoni-radiali-hagglunds-quantum\/","og_site_name":"TFS Oleodinamica - Assistance et revente Bosch Rexroth","article_publisher":"http:\/\/www.facebook.com\/tfsoleodinamica","article_modified_time":"2026-04-15T13:35:35+00:00","og_image":[{"width":1280,"height":720,"url":"https:\/\/www.tfsoleodinamica.it\/wp-content\/uploads\/2026\/04\/hagglunds-quantum-motore-radiale-categoria.jpg","type":"image\/jpeg"}],"twitter_card":"summary_large_image","twitter_misc":{"Dur\u00e9e de lecture estim\u00e9e":"2 minutes"},"schema":{"@context":"https:\/\/schema.org","@graph":[{"@type":"WebPage","@id":"https:\/\/www.tfsoleodinamica.it\/motore-idraulico-a-pistoni-radiali-hagglunds-quantum\/","url":"https:\/\/www.tfsoleodinamica.it\/motore-idraulico-a-pistoni-radiali-hagglunds-quantum\/","name":"Moteur Hydraulique \u00e0 Pistons Radiaux H\u00e4gglunds Quantum - TFS Oleodinamica - Assistance et revente Bosch Rexroth","isPartOf":{"@id":"https:\/\/www.tfsoleodinamica.it\/#website"},"primaryImageOfPage":{"@id":"https:\/\/www.tfsoleodinamica.it\/motore-idraulico-a-pistoni-radiali-hagglunds-quantum\/#primaryimage"},"image":{"@id":"https:\/\/www.tfsoleodinamica.it\/motore-idraulico-a-pistoni-radiali-hagglunds-quantum\/#primaryimage"},"thumbnailUrl":"https:\/\/www.tfsoleodinamica.it\/wp-content\/uploads\/2026\/04\/hagglunds-quantum-motore-radiale-categoria.jpg","datePublished":"2026-04-15T12:13:21+00:00","dateModified":"2026-04-15T13:35:35+00:00","description":"Assistenza, progettazione impianti oleodinamici. Vendita prodotti per oleodinamica. Rivenditore Bosch Rexroth.","breadcrumb":{"@id":"https:\/\/www.tfsoleodinamica.it\/motore-idraulico-a-pistoni-radiali-hagglunds-quantum\/#breadcrumb"},"inLanguage":"fr-FR","potentialAction":[{"@type":"ReadAction","target":["https:\/\/www.tfsoleodinamica.it\/motore-idraulico-a-pistoni-radiali-hagglunds-quantum\/"]}]},{"@type":"ImageObject","inLanguage":"fr-FR","@id":"https:\/\/www.tfsoleodinamica.it\/motore-idraulico-a-pistoni-radiali-hagglunds-quantum\/#primaryimage","url":"https:\/\/www.tfsoleodinamica.it\/wp-content\/uploads\/2026\/04\/hagglunds-quantum-motore-radiale-categoria.jpg","contentUrl":"https:\/\/www.tfsoleodinamica.it\/wp-content\/uploads\/2026\/04\/hagglunds-quantum-motore-radiale-categoria.jpg","width":1280,"height":720,"caption":"[:it]H\u00e4gglunds Quantum | Motori a Pistoni Radiali[:en]H\u00e4gglunds Quantum | Radial Piston Motors[:fr]H\u00e4gglunds Quantum | Moteurs \u00e0 Pistons Radiaux[:ru]H\u00e4gglunds Quantum | \u0420\u0430\u0434\u0438\u0430\u043b\u044c\u043d\u043e-\u043f\u043e\u0440\u0448\u043d\u0435\u0432\u044b\u0435 \u0434\u0432\u0438\u0433\u0430\u0442\u0435\u043b\u0438[:]"},{"@type":"BreadcrumbList","@id":"https:\/\/www.tfsoleodinamica.it\/motore-idraulico-a-pistoni-radiali-hagglunds-quantum\/#breadcrumb","itemListElement":[{"@type":"ListItem","position":1,"name":"Home","item":"https:\/\/www.tfsoleodinamica.it\/"},{"@type":"ListItem","position":2,"name":"Boutique","item":"https:\/\/www.tfsoleodinamica.it\/fr\/negozio\/"},{"@type":"ListItem","position":3,"name":"Motore Idraulico a Pistoni Radiali H\u00e4gglunds Quantum"}]},{"@type":"WebSite","@id":"https:\/\/www.tfsoleodinamica.it\/#website","url":"https:\/\/www.tfsoleodinamica.it\/","name":"TFS Oleodinamica - Assistance et revente Bosch Rexroth","description":"Assistance et revente de produits pour l&#039;hydraulique","publisher":{"@id":"https:\/\/www.tfsoleodinamica.it\/#organization"},"potentialAction":[{"@type":"SearchAction","target":{"@type":"EntryPoint","urlTemplate":"https:\/\/www.tfsoleodinamica.it\/?s={search_term_string}"},"query-input":{"@type":"PropertyValueSpecification","valueRequired":true,"valueName":"search_term_string"}}],"inLanguage":"fr-FR"},{"@type":"Organization","@id":"https:\/\/www.tfsoleodinamica.it\/#organization","name":"Tecno Fluid Service Srl","url":"https:\/\/www.tfsoleodinamica.it\/","logo":{"@type":"ImageObject","inLanguage":"fr-FR","@id":"https:\/\/www.tfsoleodinamica.it\/#\/schema\/logo\/image\/","url":"https:\/\/www.tfsoleodinamica.it\/wp-content\/uploads\/logo-tfs.png","contentUrl":"https:\/\/www.tfsoleodinamica.it\/wp-content\/uploads\/logo-tfs.png","width":82,"height":80,"caption":"Tecno Fluid Service Srl"},"image":{"@id":"https:\/\/www.tfsoleodinamica.it\/#\/schema\/logo\/image\/"},"sameAs":["http:\/\/www.facebook.com\/tfsoleodinamica","http:\/\/www.linkedin.com\/company\/tfs-srl-tecno-fluid-service","http:\/\/www.youtube.com\/watch?v=8XDyMn9zUQI"]}]}},"_links":{"self":[{"href":"https:\/\/www.tfsoleodinamica.it\/fr\/wp-json\/wp\/v2\/product\/6192","targetHints":{"allow":["GET"]}}],"collection":[{"href":"https:\/\/www.tfsoleodinamica.it\/fr\/wp-json\/wp\/v2\/product"}],"about":[{"href":"https:\/\/www.tfsoleodinamica.it\/fr\/wp-json\/wp\/v2\/types\/product"}],"replies":[{"embeddable":true,"href":"https:\/\/www.tfsoleodinamica.it\/fr\/wp-json\/wp\/v2\/comments?post=6192"}],"wp:featuredmedia":[{"embeddable":true,"href":"https:\/\/www.tfsoleodinamica.it\/fr\/wp-json\/wp\/v2\/media\/6156"}],"wp:attachment":[{"href":"https:\/\/www.tfsoleodinamica.it\/fr\/wp-json\/wp\/v2\/media?parent=6192"}],"wp:term":[{"taxonomy":"product_brand","embeddable":true,"href":"https:\/\/www.tfsoleodinamica.it\/fr\/wp-json\/wp\/v2\/product_brand?post=6192"},{"taxonomy":"product_cat","embeddable":true,"href":"https:\/\/www.tfsoleodinamica.it\/fr\/wp-json\/wp\/v2\/product_cat?post=6192"},{"taxonomy":"product_tag","embeddable":true,"href":"https:\/\/www.tfsoleodinamica.it\/fr\/wp-json\/wp\/v2\/product_tag?post=6192"}],"curies":[{"name":"wp","href":"https:\/\/api.w.org\/{rel}","templated":true}]}}