{"id":6188,"date":"2026-04-15T12:13:04","date_gmt":"2026-04-15T12:13:04","guid":{"rendered":"https:\/\/www.tfsoleodinamica.it\/motore-idraulico-a-pistoni-radiali-hagglunds-atom\/"},"modified":"2026-04-15T13:35:27","modified_gmt":"2026-04-15T13:35:27","slug":"motore-idraulico-a-pistoni-radiali-hagglunds-atom","status":"publish","type":"product","link":"https:\/\/www.tfsoleodinamica.it\/fr\/motore-idraulico-a-pistoni-radiali-hagglunds-atom\/","title":{"rendered":"Moteur Hydraulique \u00e0 Pistons Radiaux H\u00e4gglunds Atom"},"content":{"rendered":"<p>L&rsquo;Atom de H\u00e4gglunds est un moteur hydraulique \u00e0 piston radial offrant un couple maximal de 13,6 kNm \u00e0 des vitesses de fonctionnement allant jusqu&rsquo;\u00e0 400 tr\/min. Avec des plages de cylindr\u00e9e allant de 503 \u00e0 2 513 cm\u00b3\/rev dans quatre tailles (10, 20, 30, 40), il offre des performances fiables \u00e0 des pressions de fonctionnement allant jusqu&rsquo;\u00e0 350 bars. Le moteur pr\u00e9sente une excellente densit\u00e9 de puissance et convient aux applications compactes \u00e0 hautes performances n\u00e9cessitant une transmission pr\u00e9cise du couple avec une maintenance minimale et un faible volume total occup\u00e9.<\/p>\n<ul>\n<li>Densit\u00e9 de puissance \u00e9lev\u00e9e et densit\u00e9 de couple \u00e9lev\u00e9e<\/li>\n<li>Gamme de vitesse jusqu&rsquo;\u00e0 400 tr\/min avec dimensionnement flexible<\/li>\n<li>Pression maximale de 350 bars avec un fonctionnement \u00e9conome en \u00e9nergie<\/li>\n<li>Tailles de cadre 10, 20, 30, 40 pour une int\u00e9gration flexible<\/li>\n<li>Faible encombrement avec un diam\u00e8tre de trou de passage de 60 mm<\/li>\n<li>Insensible aux chocs avec un moment d&rsquo;inertie tr\u00e8s faible<\/li>\n<\/ul>","protected":false},"excerpt":{"rendered":"<p><strong>H\u00e4gglunds Atom<\/strong> \u2013 L&rsquo;Atom de H\u00e4gglunds est un moteur hydraulique compact \u00e0 pistons radiaux con\u00e7u pour les applications n\u00e9cessitant une densit\u00e9 de puissance \u00e9lev\u00e9e dans un faible encombrement.<\/p>\n<p><a href=\"https:\/\/www.tfsoleodinamica.it\/wp-content\/uploads\/hagglunds-atom-brochure.pdf\" target=\"_blank\" rel=\"noopener noreferrer\">\ud83d\udcc4 T\u00e9l\u00e9charger la Brochure<\/a><\/p>\n","protected":false},"featured_media":6152,"comment_status":"open","ping_status":"closed","template":"","meta":[],"product_brand":[],"product_cat":[987,986],"product_tag":[],"class_list":{"0":"post-6188","1":"product","2":"type-product","3":"status-publish","4":"has-post-thumbnail","6":"product_cat-atom","7":"product_cat-motori-a-pistoni-radiali","8":"pa_brand-hagglunds","9":"pa_prodotto-motori-a-pistoni-radiali","10":"pa_serie-hagglunds-atom","12":"first","13":"instock","14":"shipping-taxable","15":"product-type-simple"},"yoast_head":"<!-- This site is optimized with the Yoast SEO plugin v27.4 - https:\/\/yoast.com\/product\/yoast-seo-wordpress\/ -->\n<title>Moteur Hydraulique \u00e0 Pistons Radiaux H\u00e4gglunds Atom - TFS Oleodinamica - Assistance et revente Bosch Rexroth<\/title>\n<meta name=\"description\" content=\"Assistenza, progettazione impianti oleodinamici. Vendita prodotti per oleodinamica. Rivenditore Bosch Rexroth.\" \/>\n<meta name=\"robots\" content=\"index, follow, max-snippet:-1, max-image-preview:large, max-video-preview:-1\" \/>\n<link rel=\"canonical\" href=\"https:\/\/www.tfsoleodinamica.it\/motore-idraulico-a-pistoni-radiali-hagglunds-atom\/\" \/>\n<meta property=\"og:locale\" content=\"fr_FR\" \/>\n<meta property=\"og:type\" content=\"article\" \/>\n<meta property=\"og:title\" content=\"Moteur Hydraulique \u00e0 Pistons Radiaux H\u00e4gglunds Atom - TFS Oleodinamica - Assistance et revente Bosch Rexroth\" \/>\n<meta property=\"og:description\" content=\"Assistenza, progettazione impianti oleodinamici. Vendita prodotti per oleodinamica. Rivenditore Bosch Rexroth.\" \/>\n<meta property=\"og:url\" content=\"https:\/\/www.tfsoleodinamica.it\/motore-idraulico-a-pistoni-radiali-hagglunds-atom\/\" \/>\n<meta property=\"og:site_name\" content=\"TFS Oleodinamica - Assistance et revente Bosch Rexroth\" \/>\n<meta property=\"article:publisher\" content=\"http:\/\/www.facebook.com\/tfsoleodinamica\" \/>\n<meta property=\"article:modified_time\" content=\"2026-04-15T13:35:27+00:00\" \/>\n<meta property=\"og:image\" content=\"https:\/\/www.tfsoleodinamica.it\/wp-content\/uploads\/2026\/04\/hagglunds-atom-motore-radiale-categoria.jpg\" \/>\n\t<meta property=\"og:image:width\" content=\"1280\" \/>\n\t<meta property=\"og:image:height\" content=\"720\" \/>\n\t<meta property=\"og:image:type\" content=\"image\/jpeg\" \/>\n<meta name=\"twitter:card\" content=\"summary_large_image\" \/>\n<meta name=\"twitter:label1\" content=\"Dur\u00e9e de lecture estim\u00e9e\" \/>\n\t<meta name=\"twitter:data1\" content=\"2 minutes\" \/>\n<script type=\"application\/ld+json\" class=\"yoast-schema-graph\">{\"@context\":\"https:\\\/\\\/schema.org\",\"@graph\":[{\"@type\":\"WebPage\",\"@id\":\"https:\\\/\\\/www.tfsoleodinamica.it\\\/motore-idraulico-a-pistoni-radiali-hagglunds-atom\\\/\",\"url\":\"https:\\\/\\\/www.tfsoleodinamica.it\\\/motore-idraulico-a-pistoni-radiali-hagglunds-atom\\\/\",\"name\":\"Moteur Hydraulique \u00e0 Pistons Radiaux H\u00e4gglunds Atom - TFS Oleodinamica - Assistance et revente Bosch Rexroth\",\"isPartOf\":{\"@id\":\"https:\\\/\\\/www.tfsoleodinamica.it\\\/#website\"},\"primaryImageOfPage\":{\"@id\":\"https:\\\/\\\/www.tfsoleodinamica.it\\\/motore-idraulico-a-pistoni-radiali-hagglunds-atom\\\/#primaryimage\"},\"image\":{\"@id\":\"https:\\\/\\\/www.tfsoleodinamica.it\\\/motore-idraulico-a-pistoni-radiali-hagglunds-atom\\\/#primaryimage\"},\"thumbnailUrl\":\"https:\\\/\\\/www.tfsoleodinamica.it\\\/wp-content\\\/uploads\\\/2026\\\/04\\\/hagglunds-atom-motore-radiale-categoria.jpg\",\"datePublished\":\"2026-04-15T12:13:04+00:00\",\"dateModified\":\"2026-04-15T13:35:27+00:00\",\"description\":\"Assistenza, progettazione impianti oleodinamici. Vendita prodotti per oleodinamica. Rivenditore Bosch Rexroth.\",\"breadcrumb\":{\"@id\":\"https:\\\/\\\/www.tfsoleodinamica.it\\\/motore-idraulico-a-pistoni-radiali-hagglunds-atom\\\/#breadcrumb\"},\"inLanguage\":\"fr-FR\",\"potentialAction\":[{\"@type\":\"ReadAction\",\"target\":[\"https:\\\/\\\/www.tfsoleodinamica.it\\\/motore-idraulico-a-pistoni-radiali-hagglunds-atom\\\/\"]}]},{\"@type\":\"ImageObject\",\"inLanguage\":\"fr-FR\",\"@id\":\"https:\\\/\\\/www.tfsoleodinamica.it\\\/motore-idraulico-a-pistoni-radiali-hagglunds-atom\\\/#primaryimage\",\"url\":\"https:\\\/\\\/www.tfsoleodinamica.it\\\/wp-content\\\/uploads\\\/2026\\\/04\\\/hagglunds-atom-motore-radiale-categoria.jpg\",\"contentUrl\":\"https:\\\/\\\/www.tfsoleodinamica.it\\\/wp-content\\\/uploads\\\/2026\\\/04\\\/hagglunds-atom-motore-radiale-categoria.jpg\",\"width\":1280,\"height\":720,\"caption\":\"[:it]H\u00e4gglunds Atom | Motori a Pistoni Radiali[:en]H\u00e4gglunds Atom | Radial Piston Motors[:fr]H\u00e4gglunds Atom | Moteurs \u00e0 Pistons Radiaux[:ru]H\u00e4gglunds Atom | \u0420\u0430\u0434\u0438\u0430\u043b\u044c\u043d\u043e-\u043f\u043e\u0440\u0448\u043d\u0435\u0432\u044b\u0435 \u0434\u0432\u0438\u0433\u0430\u0442\u0435\u043b\u0438[:]\"},{\"@type\":\"BreadcrumbList\",\"@id\":\"https:\\\/\\\/www.tfsoleodinamica.it\\\/motore-idraulico-a-pistoni-radiali-hagglunds-atom\\\/#breadcrumb\",\"itemListElement\":[{\"@type\":\"ListItem\",\"position\":1,\"name\":\"Home\",\"item\":\"https:\\\/\\\/www.tfsoleodinamica.it\\\/\"},{\"@type\":\"ListItem\",\"position\":2,\"name\":\"Boutique\",\"item\":\"https:\\\/\\\/www.tfsoleodinamica.it\\\/fr\\\/negozio\\\/\"},{\"@type\":\"ListItem\",\"position\":3,\"name\":\"Motore Idraulico a Pistoni Radiali H\u00e4gglunds Atom\"}]},{\"@type\":\"WebSite\",\"@id\":\"https:\\\/\\\/www.tfsoleodinamica.it\\\/#website\",\"url\":\"https:\\\/\\\/www.tfsoleodinamica.it\\\/\",\"name\":\"TFS Oleodinamica - Assistance et revente Bosch Rexroth\",\"description\":\"Assistance et revente de produits pour l&#039;hydraulique\",\"publisher\":{\"@id\":\"https:\\\/\\\/www.tfsoleodinamica.it\\\/#organization\"},\"potentialAction\":[{\"@type\":\"SearchAction\",\"target\":{\"@type\":\"EntryPoint\",\"urlTemplate\":\"https:\\\/\\\/www.tfsoleodinamica.it\\\/?s={search_term_string}\"},\"query-input\":{\"@type\":\"PropertyValueSpecification\",\"valueRequired\":true,\"valueName\":\"search_term_string\"}}],\"inLanguage\":\"fr-FR\"},{\"@type\":\"Organization\",\"@id\":\"https:\\\/\\\/www.tfsoleodinamica.it\\\/#organization\",\"name\":\"Tecno Fluid Service Srl\",\"url\":\"https:\\\/\\\/www.tfsoleodinamica.it\\\/\",\"logo\":{\"@type\":\"ImageObject\",\"inLanguage\":\"fr-FR\",\"@id\":\"https:\\\/\\\/www.tfsoleodinamica.it\\\/#\\\/schema\\\/logo\\\/image\\\/\",\"url\":\"https:\\\/\\\/www.tfsoleodinamica.it\\\/wp-content\\\/uploads\\\/logo-tfs.png\",\"contentUrl\":\"https:\\\/\\\/www.tfsoleodinamica.it\\\/wp-content\\\/uploads\\\/logo-tfs.png\",\"width\":82,\"height\":80,\"caption\":\"Tecno Fluid Service Srl\"},\"image\":{\"@id\":\"https:\\\/\\\/www.tfsoleodinamica.it\\\/#\\\/schema\\\/logo\\\/image\\\/\"},\"sameAs\":[\"http:\\\/\\\/www.facebook.com\\\/tfsoleodinamica\",\"http:\\\/\\\/www.linkedin.com\\\/company\\\/tfs-srl-tecno-fluid-service\",\"http:\\\/\\\/www.youtube.com\\\/watch?v=8XDyMn9zUQI\"]}]}<\/script>\n<!-- \/ Yoast SEO plugin. -->","yoast_head_json":{"title":"Moteur Hydraulique \u00e0 Pistons Radiaux H\u00e4gglunds Atom - TFS Oleodinamica - Assistance et revente Bosch Rexroth","description":"Assistenza, progettazione impianti oleodinamici. Vendita prodotti per oleodinamica. Rivenditore Bosch Rexroth.","robots":{"index":"index","follow":"follow","max-snippet":"max-snippet:-1","max-image-preview":"max-image-preview:large","max-video-preview":"max-video-preview:-1"},"canonical":"https:\/\/www.tfsoleodinamica.it\/motore-idraulico-a-pistoni-radiali-hagglunds-atom\/","og_locale":"fr_FR","og_type":"article","og_title":"Moteur Hydraulique \u00e0 Pistons Radiaux H\u00e4gglunds Atom - TFS Oleodinamica - Assistance et revente Bosch Rexroth","og_description":"Assistenza, progettazione impianti oleodinamici. Vendita prodotti per oleodinamica. Rivenditore Bosch Rexroth.","og_url":"https:\/\/www.tfsoleodinamica.it\/motore-idraulico-a-pistoni-radiali-hagglunds-atom\/","og_site_name":"TFS Oleodinamica - Assistance et revente Bosch Rexroth","article_publisher":"http:\/\/www.facebook.com\/tfsoleodinamica","article_modified_time":"2026-04-15T13:35:27+00:00","og_image":[{"width":1280,"height":720,"url":"https:\/\/www.tfsoleodinamica.it\/wp-content\/uploads\/2026\/04\/hagglunds-atom-motore-radiale-categoria.jpg","type":"image\/jpeg"}],"twitter_card":"summary_large_image","twitter_misc":{"Dur\u00e9e de lecture estim\u00e9e":"2 minutes"},"schema":{"@context":"https:\/\/schema.org","@graph":[{"@type":"WebPage","@id":"https:\/\/www.tfsoleodinamica.it\/motore-idraulico-a-pistoni-radiali-hagglunds-atom\/","url":"https:\/\/www.tfsoleodinamica.it\/motore-idraulico-a-pistoni-radiali-hagglunds-atom\/","name":"Moteur Hydraulique \u00e0 Pistons Radiaux H\u00e4gglunds Atom - TFS Oleodinamica - Assistance et revente Bosch Rexroth","isPartOf":{"@id":"https:\/\/www.tfsoleodinamica.it\/#website"},"primaryImageOfPage":{"@id":"https:\/\/www.tfsoleodinamica.it\/motore-idraulico-a-pistoni-radiali-hagglunds-atom\/#primaryimage"},"image":{"@id":"https:\/\/www.tfsoleodinamica.it\/motore-idraulico-a-pistoni-radiali-hagglunds-atom\/#primaryimage"},"thumbnailUrl":"https:\/\/www.tfsoleodinamica.it\/wp-content\/uploads\/2026\/04\/hagglunds-atom-motore-radiale-categoria.jpg","datePublished":"2026-04-15T12:13:04+00:00","dateModified":"2026-04-15T13:35:27+00:00","description":"Assistenza, progettazione impianti oleodinamici. Vendita prodotti per oleodinamica. Rivenditore Bosch Rexroth.","breadcrumb":{"@id":"https:\/\/www.tfsoleodinamica.it\/motore-idraulico-a-pistoni-radiali-hagglunds-atom\/#breadcrumb"},"inLanguage":"fr-FR","potentialAction":[{"@type":"ReadAction","target":["https:\/\/www.tfsoleodinamica.it\/motore-idraulico-a-pistoni-radiali-hagglunds-atom\/"]}]},{"@type":"ImageObject","inLanguage":"fr-FR","@id":"https:\/\/www.tfsoleodinamica.it\/motore-idraulico-a-pistoni-radiali-hagglunds-atom\/#primaryimage","url":"https:\/\/www.tfsoleodinamica.it\/wp-content\/uploads\/2026\/04\/hagglunds-atom-motore-radiale-categoria.jpg","contentUrl":"https:\/\/www.tfsoleodinamica.it\/wp-content\/uploads\/2026\/04\/hagglunds-atom-motore-radiale-categoria.jpg","width":1280,"height":720,"caption":"[:it]H\u00e4gglunds Atom | Motori a Pistoni Radiali[:en]H\u00e4gglunds Atom | Radial Piston Motors[:fr]H\u00e4gglunds Atom | Moteurs \u00e0 Pistons Radiaux[:ru]H\u00e4gglunds Atom | \u0420\u0430\u0434\u0438\u0430\u043b\u044c\u043d\u043e-\u043f\u043e\u0440\u0448\u043d\u0435\u0432\u044b\u0435 \u0434\u0432\u0438\u0433\u0430\u0442\u0435\u043b\u0438[:]"},{"@type":"BreadcrumbList","@id":"https:\/\/www.tfsoleodinamica.it\/motore-idraulico-a-pistoni-radiali-hagglunds-atom\/#breadcrumb","itemListElement":[{"@type":"ListItem","position":1,"name":"Home","item":"https:\/\/www.tfsoleodinamica.it\/"},{"@type":"ListItem","position":2,"name":"Boutique","item":"https:\/\/www.tfsoleodinamica.it\/fr\/negozio\/"},{"@type":"ListItem","position":3,"name":"Motore Idraulico a Pistoni Radiali H\u00e4gglunds Atom"}]},{"@type":"WebSite","@id":"https:\/\/www.tfsoleodinamica.it\/#website","url":"https:\/\/www.tfsoleodinamica.it\/","name":"TFS Oleodinamica - Assistance et revente Bosch Rexroth","description":"Assistance et revente de produits pour l&#039;hydraulique","publisher":{"@id":"https:\/\/www.tfsoleodinamica.it\/#organization"},"potentialAction":[{"@type":"SearchAction","target":{"@type":"EntryPoint","urlTemplate":"https:\/\/www.tfsoleodinamica.it\/?s={search_term_string}"},"query-input":{"@type":"PropertyValueSpecification","valueRequired":true,"valueName":"search_term_string"}}],"inLanguage":"fr-FR"},{"@type":"Organization","@id":"https:\/\/www.tfsoleodinamica.it\/#organization","name":"Tecno Fluid Service Srl","url":"https:\/\/www.tfsoleodinamica.it\/","logo":{"@type":"ImageObject","inLanguage":"fr-FR","@id":"https:\/\/www.tfsoleodinamica.it\/#\/schema\/logo\/image\/","url":"https:\/\/www.tfsoleodinamica.it\/wp-content\/uploads\/logo-tfs.png","contentUrl":"https:\/\/www.tfsoleodinamica.it\/wp-content\/uploads\/logo-tfs.png","width":82,"height":80,"caption":"Tecno Fluid Service Srl"},"image":{"@id":"https:\/\/www.tfsoleodinamica.it\/#\/schema\/logo\/image\/"},"sameAs":["http:\/\/www.facebook.com\/tfsoleodinamica","http:\/\/www.linkedin.com\/company\/tfs-srl-tecno-fluid-service","http:\/\/www.youtube.com\/watch?v=8XDyMn9zUQI"]}]}},"_links":{"self":[{"href":"https:\/\/www.tfsoleodinamica.it\/fr\/wp-json\/wp\/v2\/product\/6188","targetHints":{"allow":["GET"]}}],"collection":[{"href":"https:\/\/www.tfsoleodinamica.it\/fr\/wp-json\/wp\/v2\/product"}],"about":[{"href":"https:\/\/www.tfsoleodinamica.it\/fr\/wp-json\/wp\/v2\/types\/product"}],"replies":[{"embeddable":true,"href":"https:\/\/www.tfsoleodinamica.it\/fr\/wp-json\/wp\/v2\/comments?post=6188"}],"wp:featuredmedia":[{"embeddable":true,"href":"https:\/\/www.tfsoleodinamica.it\/fr\/wp-json\/wp\/v2\/media\/6152"}],"wp:attachment":[{"href":"https:\/\/www.tfsoleodinamica.it\/fr\/wp-json\/wp\/v2\/media?parent=6188"}],"wp:term":[{"taxonomy":"product_brand","embeddable":true,"href":"https:\/\/www.tfsoleodinamica.it\/fr\/wp-json\/wp\/v2\/product_brand?post=6188"},{"taxonomy":"product_cat","embeddable":true,"href":"https:\/\/www.tfsoleodinamica.it\/fr\/wp-json\/wp\/v2\/product_cat?post=6188"},{"taxonomy":"product_tag","embeddable":true,"href":"https:\/\/www.tfsoleodinamica.it\/fr\/wp-json\/wp\/v2\/product_tag?post=6188"}],"curies":[{"name":"wp","href":"https:\/\/api.w.org\/{rel}","templated":true}]}}