{"id":3318,"date":"2018-06-27T18:42:41","date_gmt":"2018-06-27T18:42:41","guid":{"rendered":"https:\/\/www.tfsoleodinamica.it\/?product=\/pompa-ad-ingranaggi-a-cilindrata-variabile-kp30\/"},"modified":"2018-10-19T11:12:11","modified_gmt":"2018-10-19T11:12:11","slug":"pompa-ad-ingranaggi-a-cilindrata-variabile-kp30","status":"publish","type":"product","link":"https:\/\/www.tfsoleodinamica.it\/fr\/pompa-ad-ingranaggi-a-cilindrata-variabile-kp30\/","title":{"rendered":"Pompe \u00e0 engrenages \u00e0 cylindr\u00e9e variable KP30"},"content":{"rendered":"\u00a0\u00bbPompes \u00e0 pistons axiaux \u00e0 cylindr\u00e9e variable, \u00e0 plateau oscillant, pour applications en circuit ouvert. SVP simple flux, DVP double flux sur la pompe \u00e0 piston et la pompe \u00e0 engrenages auxiliaire. Le contr\u00f4le constant du couple permet d&rsquo;optimiser les performances de la machine. SVP et DVP sont la solution id\u00e9ale pour les mini-pelles.<br \/>\nPompe \u00e0 piston : cylindr\u00e9es de 7,8 cm3\/tr \u00e0 30 cm3\/tr.<br \/>\nPompe \u00e0 engrenages : d\u00e9placements de 4,95 cm3\/tr \u00e0 21,14 cm3\/tr. Vitesse maximale jusqu&rsquo;\u00e0 2600 min-1&Prime;.","protected":false},"excerpt":{"rendered":"<p>Casappa | Plata KP. Per scaricare la brochure <a href=\"https:\/\/www.tfsoleodinamica.it\/wp-content\/uploads\/brochure-casappa-it.pdf\"> clicca qui <\/a>.<\/p>\n","protected":false},"featured_media":1628,"comment_status":"closed","ping_status":"closed","template":"","meta":[],"product_brand":[],"product_cat":[559,362,254],"product_tag":[],"class_list":{"0":"post-3318","1":"product","2":"type-product","3":"status-publish","4":"has-post-thumbnail","6":"product_cat-cilindrata-variabile-pompe-ad-ingranaggi-pompe","7":"product_cat-pompe-ad-ingranaggi","8":"product_cat-pompe-oleodinamiche","9":"pa_brand-casappa","10":"pa_dettagli-cilindrata-variabile","11":"pa_dimensione-467","12":"pa_dimensione-468","13":"pa_dimensione-469","14":"pa_prodotto-pompe-ad-ingranaggi","15":"pa_pronta-consegna-no","16":"pa_serie-plata-kp","18":"first","19":"instock","20":"product-type-variable"},"yoast_head":"<!-- This site is optimized with the Yoast SEO plugin v27.4 - https:\/\/yoast.com\/product\/yoast-seo-wordpress\/ -->\n<title>Pompe \u00e0 engrenages \u00e0 cylindr\u00e9e variable KP30 - TFS Oleodinamica - Assistance et revente Bosch Rexroth<\/title>\n<meta name=\"description\" content=\"Assistenza, progettazione impianti oleodinamici. Vendita prodotti per oleodinamica. Rivenditore Bosch Rexroth.\" \/>\n<meta name=\"robots\" content=\"index, follow, max-snippet:-1, max-image-preview:large, max-video-preview:-1\" \/>\n<link rel=\"canonical\" href=\"https:\/\/www.tfsoleodinamica.it\/pompa-ad-ingranaggi-a-cilindrata-variabile-kp30\/\" \/>\n<meta property=\"og:locale\" content=\"fr_FR\" \/>\n<meta property=\"og:type\" content=\"article\" \/>\n<meta property=\"og:title\" content=\"Pompe \u00e0 engrenages \u00e0 cylindr\u00e9e variable KP30 - TFS Oleodinamica - Assistance et revente Bosch Rexroth\" \/>\n<meta property=\"og:description\" content=\"Assistenza, progettazione impianti oleodinamici. Vendita prodotti per oleodinamica. Rivenditore Bosch Rexroth.\" \/>\n<meta property=\"og:url\" content=\"https:\/\/www.tfsoleodinamica.it\/pompa-ad-ingranaggi-a-cilindrata-variabile-kp30\/\" \/>\n<meta property=\"og:site_name\" content=\"TFS Oleodinamica - Assistance et revente Bosch Rexroth\" \/>\n<meta property=\"article:publisher\" content=\"http:\/\/www.facebook.com\/tfsoleodinamica\" \/>\n<meta property=\"article:modified_time\" content=\"2018-10-19T11:12:11+00:00\" \/>\n<meta property=\"og:image\" content=\"https:\/\/www.tfsoleodinamica.it\/wp-content\/uploads\/kappa-pump.jpg\" \/>\n\t<meta property=\"og:image:width\" content=\"326\" \/>\n\t<meta property=\"og:image:height\" content=\"326\" \/>\n\t<meta property=\"og:image:type\" content=\"image\/jpeg\" \/>\n<meta name=\"twitter:card\" content=\"summary_large_image\" \/>\n<meta name=\"twitter:label1\" content=\"Dur\u00e9e de lecture estim\u00e9e\" \/>\n\t<meta name=\"twitter:data1\" content=\"1 minute\" \/>\n<script type=\"application\/ld+json\" class=\"yoast-schema-graph\">{\"@context\":\"https:\\\/\\\/schema.org\",\"@graph\":[{\"@type\":\"WebPage\",\"@id\":\"https:\\\/\\\/www.tfsoleodinamica.it\\\/pompa-ad-ingranaggi-a-cilindrata-variabile-kp30\\\/\",\"url\":\"https:\\\/\\\/www.tfsoleodinamica.it\\\/pompa-ad-ingranaggi-a-cilindrata-variabile-kp30\\\/\",\"name\":\"Pompe \u00e0 engrenages \u00e0 cylindr\u00e9e variable KP30 - TFS Oleodinamica - Assistance et revente Bosch Rexroth\",\"isPartOf\":{\"@id\":\"https:\\\/\\\/www.tfsoleodinamica.it\\\/#website\"},\"primaryImageOfPage\":{\"@id\":\"https:\\\/\\\/www.tfsoleodinamica.it\\\/pompa-ad-ingranaggi-a-cilindrata-variabile-kp30\\\/#primaryimage\"},\"image\":{\"@id\":\"https:\\\/\\\/www.tfsoleodinamica.it\\\/pompa-ad-ingranaggi-a-cilindrata-variabile-kp30\\\/#primaryimage\"},\"thumbnailUrl\":\"https:\\\/\\\/www.tfsoleodinamica.it\\\/wp-content\\\/uploads\\\/kappa-pump.jpg\",\"datePublished\":\"2018-06-27T18:42:41+00:00\",\"dateModified\":\"2018-10-19T11:12:11+00:00\",\"description\":\"Assistenza, progettazione impianti oleodinamici. Vendita prodotti per oleodinamica. Rivenditore Bosch Rexroth.\",\"breadcrumb\":{\"@id\":\"https:\\\/\\\/www.tfsoleodinamica.it\\\/pompa-ad-ingranaggi-a-cilindrata-variabile-kp30\\\/#breadcrumb\"},\"inLanguage\":\"fr-FR\",\"potentialAction\":[{\"@type\":\"ReadAction\",\"target\":[\"https:\\\/\\\/www.tfsoleodinamica.it\\\/pompa-ad-ingranaggi-a-cilindrata-variabile-kp30\\\/\"]}]},{\"@type\":\"ImageObject\",\"inLanguage\":\"fr-FR\",\"@id\":\"https:\\\/\\\/www.tfsoleodinamica.it\\\/pompa-ad-ingranaggi-a-cilindrata-variabile-kp30\\\/#primaryimage\",\"url\":\"https:\\\/\\\/www.tfsoleodinamica.it\\\/wp-content\\\/uploads\\\/kappa-pump.jpg\",\"contentUrl\":\"https:\\\/\\\/www.tfsoleodinamica.it\\\/wp-content\\\/uploads\\\/kappa-pump.jpg\",\"width\":326,\"height\":326},{\"@type\":\"BreadcrumbList\",\"@id\":\"https:\\\/\\\/www.tfsoleodinamica.it\\\/pompa-ad-ingranaggi-a-cilindrata-variabile-kp30\\\/#breadcrumb\",\"itemListElement\":[{\"@type\":\"ListItem\",\"position\":1,\"name\":\"Home\",\"item\":\"https:\\\/\\\/www.tfsoleodinamica.it\\\/\"},{\"@type\":\"ListItem\",\"position\":2,\"name\":\"Boutique\",\"item\":\"https:\\\/\\\/www.tfsoleodinamica.it\\\/fr\\\/negozio\\\/\"},{\"@type\":\"ListItem\",\"position\":3,\"name\":\"Casappa\",\"item\":\"https:\\\/\\\/www.tfsoleodinamica.it\\\/fr\\\/brand\\\/casappa\\\/\"},{\"@type\":\"ListItem\",\"position\":4,\"name\":\"Pompa ad ingranaggi a cilindrata variabile KP30\"}]},{\"@type\":\"WebSite\",\"@id\":\"https:\\\/\\\/www.tfsoleodinamica.it\\\/#website\",\"url\":\"https:\\\/\\\/www.tfsoleodinamica.it\\\/\",\"name\":\"TFS Oleodinamica - Assistance et revente Bosch Rexroth\",\"description\":\"Assistance et revente de produits pour l&#039;hydraulique\",\"publisher\":{\"@id\":\"https:\\\/\\\/www.tfsoleodinamica.it\\\/#organization\"},\"potentialAction\":[{\"@type\":\"SearchAction\",\"target\":{\"@type\":\"EntryPoint\",\"urlTemplate\":\"https:\\\/\\\/www.tfsoleodinamica.it\\\/?s={search_term_string}\"},\"query-input\":{\"@type\":\"PropertyValueSpecification\",\"valueRequired\":true,\"valueName\":\"search_term_string\"}}],\"inLanguage\":\"fr-FR\"},{\"@type\":\"Organization\",\"@id\":\"https:\\\/\\\/www.tfsoleodinamica.it\\\/#organization\",\"name\":\"Tecno Fluid Service Srl\",\"url\":\"https:\\\/\\\/www.tfsoleodinamica.it\\\/\",\"logo\":{\"@type\":\"ImageObject\",\"inLanguage\":\"fr-FR\",\"@id\":\"https:\\\/\\\/www.tfsoleodinamica.it\\\/#\\\/schema\\\/logo\\\/image\\\/\",\"url\":\"https:\\\/\\\/www.tfsoleodinamica.it\\\/wp-content\\\/uploads\\\/logo-tfs.png\",\"contentUrl\":\"https:\\\/\\\/www.tfsoleodinamica.it\\\/wp-content\\\/uploads\\\/logo-tfs.png\",\"width\":82,\"height\":80,\"caption\":\"Tecno Fluid Service Srl\"},\"image\":{\"@id\":\"https:\\\/\\\/www.tfsoleodinamica.it\\\/#\\\/schema\\\/logo\\\/image\\\/\"},\"sameAs\":[\"http:\\\/\\\/www.facebook.com\\\/tfsoleodinamica\",\"http:\\\/\\\/www.linkedin.com\\\/company\\\/tfs-srl-tecno-fluid-service\",\"http:\\\/\\\/www.youtube.com\\\/watch?v=8XDyMn9zUQI\"]}]}<\/script>\n<!-- \/ Yoast SEO plugin. -->","yoast_head_json":{"title":"Pompe \u00e0 engrenages \u00e0 cylindr\u00e9e variable KP30 - TFS Oleodinamica - Assistance et revente Bosch Rexroth","description":"Assistenza, progettazione impianti oleodinamici. Vendita prodotti per oleodinamica. Rivenditore Bosch Rexroth.","robots":{"index":"index","follow":"follow","max-snippet":"max-snippet:-1","max-image-preview":"max-image-preview:large","max-video-preview":"max-video-preview:-1"},"canonical":"https:\/\/www.tfsoleodinamica.it\/pompa-ad-ingranaggi-a-cilindrata-variabile-kp30\/","og_locale":"fr_FR","og_type":"article","og_title":"Pompe \u00e0 engrenages \u00e0 cylindr\u00e9e variable KP30 - TFS Oleodinamica - Assistance et revente Bosch Rexroth","og_description":"Assistenza, progettazione impianti oleodinamici. Vendita prodotti per oleodinamica. Rivenditore Bosch Rexroth.","og_url":"https:\/\/www.tfsoleodinamica.it\/pompa-ad-ingranaggi-a-cilindrata-variabile-kp30\/","og_site_name":"TFS Oleodinamica - Assistance et revente Bosch Rexroth","article_publisher":"http:\/\/www.facebook.com\/tfsoleodinamica","article_modified_time":"2018-10-19T11:12:11+00:00","og_image":[{"width":326,"height":326,"url":"https:\/\/www.tfsoleodinamica.it\/wp-content\/uploads\/kappa-pump.jpg","type":"image\/jpeg"}],"twitter_card":"summary_large_image","twitter_misc":{"Dur\u00e9e de lecture estim\u00e9e":"1 minute"},"schema":{"@context":"https:\/\/schema.org","@graph":[{"@type":"WebPage","@id":"https:\/\/www.tfsoleodinamica.it\/pompa-ad-ingranaggi-a-cilindrata-variabile-kp30\/","url":"https:\/\/www.tfsoleodinamica.it\/pompa-ad-ingranaggi-a-cilindrata-variabile-kp30\/","name":"Pompe \u00e0 engrenages \u00e0 cylindr\u00e9e variable KP30 - TFS Oleodinamica - Assistance et revente Bosch Rexroth","isPartOf":{"@id":"https:\/\/www.tfsoleodinamica.it\/#website"},"primaryImageOfPage":{"@id":"https:\/\/www.tfsoleodinamica.it\/pompa-ad-ingranaggi-a-cilindrata-variabile-kp30\/#primaryimage"},"image":{"@id":"https:\/\/www.tfsoleodinamica.it\/pompa-ad-ingranaggi-a-cilindrata-variabile-kp30\/#primaryimage"},"thumbnailUrl":"https:\/\/www.tfsoleodinamica.it\/wp-content\/uploads\/kappa-pump.jpg","datePublished":"2018-06-27T18:42:41+00:00","dateModified":"2018-10-19T11:12:11+00:00","description":"Assistenza, progettazione impianti oleodinamici. Vendita prodotti per oleodinamica. Rivenditore Bosch Rexroth.","breadcrumb":{"@id":"https:\/\/www.tfsoleodinamica.it\/pompa-ad-ingranaggi-a-cilindrata-variabile-kp30\/#breadcrumb"},"inLanguage":"fr-FR","potentialAction":[{"@type":"ReadAction","target":["https:\/\/www.tfsoleodinamica.it\/pompa-ad-ingranaggi-a-cilindrata-variabile-kp30\/"]}]},{"@type":"ImageObject","inLanguage":"fr-FR","@id":"https:\/\/www.tfsoleodinamica.it\/pompa-ad-ingranaggi-a-cilindrata-variabile-kp30\/#primaryimage","url":"https:\/\/www.tfsoleodinamica.it\/wp-content\/uploads\/kappa-pump.jpg","contentUrl":"https:\/\/www.tfsoleodinamica.it\/wp-content\/uploads\/kappa-pump.jpg","width":326,"height":326},{"@type":"BreadcrumbList","@id":"https:\/\/www.tfsoleodinamica.it\/pompa-ad-ingranaggi-a-cilindrata-variabile-kp30\/#breadcrumb","itemListElement":[{"@type":"ListItem","position":1,"name":"Home","item":"https:\/\/www.tfsoleodinamica.it\/"},{"@type":"ListItem","position":2,"name":"Boutique","item":"https:\/\/www.tfsoleodinamica.it\/fr\/negozio\/"},{"@type":"ListItem","position":3,"name":"Casappa","item":"https:\/\/www.tfsoleodinamica.it\/fr\/brand\/casappa\/"},{"@type":"ListItem","position":4,"name":"Pompa ad ingranaggi a cilindrata variabile KP30"}]},{"@type":"WebSite","@id":"https:\/\/www.tfsoleodinamica.it\/#website","url":"https:\/\/www.tfsoleodinamica.it\/","name":"TFS Oleodinamica - Assistance et revente Bosch Rexroth","description":"Assistance et revente de produits pour l&#039;hydraulique","publisher":{"@id":"https:\/\/www.tfsoleodinamica.it\/#organization"},"potentialAction":[{"@type":"SearchAction","target":{"@type":"EntryPoint","urlTemplate":"https:\/\/www.tfsoleodinamica.it\/?s={search_term_string}"},"query-input":{"@type":"PropertyValueSpecification","valueRequired":true,"valueName":"search_term_string"}}],"inLanguage":"fr-FR"},{"@type":"Organization","@id":"https:\/\/www.tfsoleodinamica.it\/#organization","name":"Tecno Fluid Service Srl","url":"https:\/\/www.tfsoleodinamica.it\/","logo":{"@type":"ImageObject","inLanguage":"fr-FR","@id":"https:\/\/www.tfsoleodinamica.it\/#\/schema\/logo\/image\/","url":"https:\/\/www.tfsoleodinamica.it\/wp-content\/uploads\/logo-tfs.png","contentUrl":"https:\/\/www.tfsoleodinamica.it\/wp-content\/uploads\/logo-tfs.png","width":82,"height":80,"caption":"Tecno Fluid Service Srl"},"image":{"@id":"https:\/\/www.tfsoleodinamica.it\/#\/schema\/logo\/image\/"},"sameAs":["http:\/\/www.facebook.com\/tfsoleodinamica","http:\/\/www.linkedin.com\/company\/tfs-srl-tecno-fluid-service","http:\/\/www.youtube.com\/watch?v=8XDyMn9zUQI"]}]}},"_links":{"self":[{"href":"https:\/\/www.tfsoleodinamica.it\/fr\/wp-json\/wp\/v2\/product\/3318","targetHints":{"allow":["GET"]}}],"collection":[{"href":"https:\/\/www.tfsoleodinamica.it\/fr\/wp-json\/wp\/v2\/product"}],"about":[{"href":"https:\/\/www.tfsoleodinamica.it\/fr\/wp-json\/wp\/v2\/types\/product"}],"replies":[{"embeddable":true,"href":"https:\/\/www.tfsoleodinamica.it\/fr\/wp-json\/wp\/v2\/comments?post=3318"}],"wp:featuredmedia":[{"embeddable":true,"href":"https:\/\/www.tfsoleodinamica.it\/fr\/wp-json\/wp\/v2\/media\/1628"}],"wp:attachment":[{"href":"https:\/\/www.tfsoleodinamica.it\/fr\/wp-json\/wp\/v2\/media?parent=3318"}],"wp:term":[{"taxonomy":"product_brand","embeddable":true,"href":"https:\/\/www.tfsoleodinamica.it\/fr\/wp-json\/wp\/v2\/product_brand?post=3318"},{"taxonomy":"product_cat","embeddable":true,"href":"https:\/\/www.tfsoleodinamica.it\/fr\/wp-json\/wp\/v2\/product_cat?post=3318"},{"taxonomy":"product_tag","embeddable":true,"href":"https:\/\/www.tfsoleodinamica.it\/fr\/wp-json\/wp\/v2\/product_tag?post=3318"}],"curies":[{"name":"wp","href":"https:\/\/api.w.org\/{rel}","templated":true}]}}