{"id":3050,"date":"2018-06-27T18:38:46","date_gmt":"2018-06-27T18:38:46","guid":{"rendered":"https:\/\/www.tfsoleodinamica.it\/?product=\/pompa-ad-ingranaggi-ph-20\/"},"modified":"2018-10-19T11:47:32","modified_gmt":"2018-10-19T11:47:32","slug":"pompa-ad-ingranaggi-ph-20","status":"publish","type":"product","link":"https:\/\/www.tfsoleodinamica.it\/fr\/pompa-ad-ingranaggi-ph-20\/","title":{"rendered":"Pompe \u00e0 engrenages PH. 20"},"content":{"rendered":"\u00a0\u00bbPompes et moteurs \u00e0 engrenages construits en trois pi\u00e8ces avec un corps en fonte. La nouvelle s\u00e9rie de pompes et de moteurs \u00e0 engrenages \u00ab\u00a0PH\u00a0\u00bb est l&rsquo;\u00e9volution de la s\u00e9rie \u00ab\u00a0POLARIS\u00a0\u00bb. \u00ab\u00a0POLARIS PH\u00a0\u00bb poss\u00e8de un nouveau corps en fonte pour des performances \u00e9lev\u00e9es et toute la polyvalence de POLARIS en termes d&rsquo;arbres, de brides, d&rsquo;orifices et de vannes int\u00e9gr\u00e9s. Cette conception est particuli\u00e8rement adapt\u00e9e aux chariots \u00e9l\u00e9vateurs \u00e0 fourche, aux chargeurs compacts et \u00e0 toutes les applications o\u00f9 les pompes traditionnelles en aluminium sont utilis\u00e9es \u00e0 la limite de leurs performances. La possibilit\u00e9 d&rsquo;assembler des couvercles en fonte au corps permet non seulement d&rsquo;am\u00e9liorer les caract\u00e9ristiques de r\u00e9sistance, mais aussi de r\u00e9duire encore le niveau sonore.<br \/>\nD\u00e9placements de 8,26 cm3\/tr \u00e0 33,03 cm3\/tr. Pression maximale de pointe jusqu&rsquo;\u00e0 300 bars. Vitesse maximale jusqu&rsquo;\u00e0 3500 min\u00a0\u00bb.","protected":false},"excerpt":{"rendered":"<p>Casappa | Poparis PH. Per scaricare la brochure <a href=\"https:\/\/www.tfsoleodinamica.it\/wp-content\/uploads\/brochure-casappa-it.pdf\"> clicca qui <\/a>.<\/p>\n","protected":false},"featured_media":1638,"comment_status":"closed","ping_status":"closed","template":"","meta":[],"product_brand":[],"product_cat":[433,362,254],"product_tag":[],"class_list":{"0":"post-3050","1":"product","2":"type-product","3":"status-publish","4":"has-post-thumbnail","6":"product_cat-ghisa","7":"product_cat-pompe-ad-ingranaggi","8":"product_cat-pompe-oleodinamiche","9":"pa_brand-casappa","10":"pa_dettagli-ghisa","11":"pa_dimensione-10-9","12":"pa_dimensione-11-23","13":"pa_dimensione-14-53","14":"pa_dimensione-16-85","15":"pa_dimensione-18-29","16":"pa_dimensione-19-09","17":"pa_dimensione-21-14","18":"pa_dimensione-23-32","19":"pa_dimensione-24-84","20":"pa_dimensione-26-42","21":"pa_dimensione-28-21","22":"pa_dimensione-33-03","23":"pa_dimensione-8-26","24":"pa_prodotto-pompe-ad-ingranaggi","25":"pa_pronta-consegna-no","26":"pa_serie-poparis-ph","28":"first","29":"instock","30":"product-type-variable"},"yoast_head":"<!-- This site is optimized with the Yoast SEO plugin v27.4 - https:\/\/yoast.com\/product\/yoast-seo-wordpress\/ -->\n<title>Pompe \u00e0 engrenages PH. 20 - TFS Oleodinamica - Assistance et revente Bosch Rexroth<\/title>\n<meta name=\"description\" content=\"Assistenza, progettazione impianti oleodinamici. Vendita prodotti per oleodinamica. Rivenditore Bosch Rexroth.\" \/>\n<meta name=\"robots\" content=\"index, follow, max-snippet:-1, max-image-preview:large, max-video-preview:-1\" \/>\n<link rel=\"canonical\" href=\"https:\/\/www.tfsoleodinamica.it\/pompa-ad-ingranaggi-ph-20\/\" \/>\n<meta property=\"og:locale\" content=\"fr_FR\" \/>\n<meta property=\"og:type\" content=\"article\" \/>\n<meta property=\"og:title\" content=\"Pompe \u00e0 engrenages PH. 20 - TFS Oleodinamica - Assistance et revente Bosch Rexroth\" \/>\n<meta property=\"og:description\" content=\"Assistenza, progettazione impianti oleodinamici. Vendita prodotti per oleodinamica. Rivenditore Bosch Rexroth.\" \/>\n<meta property=\"og:url\" content=\"https:\/\/www.tfsoleodinamica.it\/pompa-ad-ingranaggi-ph-20\/\" \/>\n<meta property=\"og:site_name\" content=\"TFS Oleodinamica - Assistance et revente Bosch Rexroth\" \/>\n<meta property=\"article:publisher\" content=\"http:\/\/www.facebook.com\/tfsoleodinamica\" \/>\n<meta property=\"article:modified_time\" content=\"2018-10-19T11:47:32+00:00\" \/>\n<meta property=\"og:image\" content=\"https:\/\/www.tfsoleodinamica.it\/wp-content\/uploads\/polarisphp.jpg\" \/>\n\t<meta property=\"og:image:width\" content=\"326\" \/>\n\t<meta property=\"og:image:height\" content=\"326\" \/>\n\t<meta property=\"og:image:type\" content=\"image\/jpeg\" \/>\n<meta name=\"twitter:card\" content=\"summary_large_image\" \/>\n<meta name=\"twitter:label1\" content=\"Dur\u00e9e de lecture estim\u00e9e\" \/>\n\t<meta name=\"twitter:data1\" content=\"2 minutes\" \/>\n<script type=\"application\/ld+json\" class=\"yoast-schema-graph\">{\"@context\":\"https:\\\/\\\/schema.org\",\"@graph\":[{\"@type\":\"WebPage\",\"@id\":\"https:\\\/\\\/www.tfsoleodinamica.it\\\/pompa-ad-ingranaggi-ph-20\\\/\",\"url\":\"https:\\\/\\\/www.tfsoleodinamica.it\\\/pompa-ad-ingranaggi-ph-20\\\/\",\"name\":\"Pompe \u00e0 engrenages PH. 20 - TFS Oleodinamica - Assistance et revente Bosch Rexroth\",\"isPartOf\":{\"@id\":\"https:\\\/\\\/www.tfsoleodinamica.it\\\/#website\"},\"primaryImageOfPage\":{\"@id\":\"https:\\\/\\\/www.tfsoleodinamica.it\\\/pompa-ad-ingranaggi-ph-20\\\/#primaryimage\"},\"image\":{\"@id\":\"https:\\\/\\\/www.tfsoleodinamica.it\\\/pompa-ad-ingranaggi-ph-20\\\/#primaryimage\"},\"thumbnailUrl\":\"https:\\\/\\\/www.tfsoleodinamica.it\\\/wp-content\\\/uploads\\\/polarisphp.jpg\",\"datePublished\":\"2018-06-27T18:38:46+00:00\",\"dateModified\":\"2018-10-19T11:47:32+00:00\",\"description\":\"Assistenza, progettazione impianti oleodinamici. Vendita prodotti per oleodinamica. Rivenditore Bosch Rexroth.\",\"breadcrumb\":{\"@id\":\"https:\\\/\\\/www.tfsoleodinamica.it\\\/pompa-ad-ingranaggi-ph-20\\\/#breadcrumb\"},\"inLanguage\":\"fr-FR\",\"potentialAction\":[{\"@type\":\"ReadAction\",\"target\":[\"https:\\\/\\\/www.tfsoleodinamica.it\\\/pompa-ad-ingranaggi-ph-20\\\/\"]}]},{\"@type\":\"ImageObject\",\"inLanguage\":\"fr-FR\",\"@id\":\"https:\\\/\\\/www.tfsoleodinamica.it\\\/pompa-ad-ingranaggi-ph-20\\\/#primaryimage\",\"url\":\"https:\\\/\\\/www.tfsoleodinamica.it\\\/wp-content\\\/uploads\\\/polarisphp.jpg\",\"contentUrl\":\"https:\\\/\\\/www.tfsoleodinamica.it\\\/wp-content\\\/uploads\\\/polarisphp.jpg\",\"width\":326,\"height\":326},{\"@type\":\"BreadcrumbList\",\"@id\":\"https:\\\/\\\/www.tfsoleodinamica.it\\\/pompa-ad-ingranaggi-ph-20\\\/#breadcrumb\",\"itemListElement\":[{\"@type\":\"ListItem\",\"position\":1,\"name\":\"Home\",\"item\":\"https:\\\/\\\/www.tfsoleodinamica.it\\\/\"},{\"@type\":\"ListItem\",\"position\":2,\"name\":\"Boutique\",\"item\":\"https:\\\/\\\/www.tfsoleodinamica.it\\\/fr\\\/negozio\\\/\"},{\"@type\":\"ListItem\",\"position\":3,\"name\":\"Casappa\",\"item\":\"https:\\\/\\\/www.tfsoleodinamica.it\\\/fr\\\/brand\\\/casappa\\\/\"},{\"@type\":\"ListItem\",\"position\":4,\"name\":\"Pompa ad ingranaggi PH. 20\"}]},{\"@type\":\"WebSite\",\"@id\":\"https:\\\/\\\/www.tfsoleodinamica.it\\\/#website\",\"url\":\"https:\\\/\\\/www.tfsoleodinamica.it\\\/\",\"name\":\"TFS Oleodinamica - Assistance et revente Bosch Rexroth\",\"description\":\"Assistance et revente de produits pour l&#039;hydraulique\",\"publisher\":{\"@id\":\"https:\\\/\\\/www.tfsoleodinamica.it\\\/#organization\"},\"potentialAction\":[{\"@type\":\"SearchAction\",\"target\":{\"@type\":\"EntryPoint\",\"urlTemplate\":\"https:\\\/\\\/www.tfsoleodinamica.it\\\/?s={search_term_string}\"},\"query-input\":{\"@type\":\"PropertyValueSpecification\",\"valueRequired\":true,\"valueName\":\"search_term_string\"}}],\"inLanguage\":\"fr-FR\"},{\"@type\":\"Organization\",\"@id\":\"https:\\\/\\\/www.tfsoleodinamica.it\\\/#organization\",\"name\":\"Tecno Fluid Service Srl\",\"url\":\"https:\\\/\\\/www.tfsoleodinamica.it\\\/\",\"logo\":{\"@type\":\"ImageObject\",\"inLanguage\":\"fr-FR\",\"@id\":\"https:\\\/\\\/www.tfsoleodinamica.it\\\/#\\\/schema\\\/logo\\\/image\\\/\",\"url\":\"https:\\\/\\\/www.tfsoleodinamica.it\\\/wp-content\\\/uploads\\\/logo-tfs.png\",\"contentUrl\":\"https:\\\/\\\/www.tfsoleodinamica.it\\\/wp-content\\\/uploads\\\/logo-tfs.png\",\"width\":82,\"height\":80,\"caption\":\"Tecno Fluid Service Srl\"},\"image\":{\"@id\":\"https:\\\/\\\/www.tfsoleodinamica.it\\\/#\\\/schema\\\/logo\\\/image\\\/\"},\"sameAs\":[\"http:\\\/\\\/www.facebook.com\\\/tfsoleodinamica\",\"http:\\\/\\\/www.linkedin.com\\\/company\\\/tfs-srl-tecno-fluid-service\",\"http:\\\/\\\/www.youtube.com\\\/watch?v=8XDyMn9zUQI\"]}]}<\/script>\n<!-- \/ Yoast SEO plugin. -->","yoast_head_json":{"title":"Pompe \u00e0 engrenages PH. 20 - TFS Oleodinamica - Assistance et revente Bosch Rexroth","description":"Assistenza, progettazione impianti oleodinamici. Vendita prodotti per oleodinamica. Rivenditore Bosch Rexroth.","robots":{"index":"index","follow":"follow","max-snippet":"max-snippet:-1","max-image-preview":"max-image-preview:large","max-video-preview":"max-video-preview:-1"},"canonical":"https:\/\/www.tfsoleodinamica.it\/pompa-ad-ingranaggi-ph-20\/","og_locale":"fr_FR","og_type":"article","og_title":"Pompe \u00e0 engrenages PH. 20 - TFS Oleodinamica - Assistance et revente Bosch Rexroth","og_description":"Assistenza, progettazione impianti oleodinamici. Vendita prodotti per oleodinamica. Rivenditore Bosch Rexroth.","og_url":"https:\/\/www.tfsoleodinamica.it\/pompa-ad-ingranaggi-ph-20\/","og_site_name":"TFS Oleodinamica - Assistance et revente Bosch Rexroth","article_publisher":"http:\/\/www.facebook.com\/tfsoleodinamica","article_modified_time":"2018-10-19T11:47:32+00:00","og_image":[{"width":326,"height":326,"url":"https:\/\/www.tfsoleodinamica.it\/wp-content\/uploads\/polarisphp.jpg","type":"image\/jpeg"}],"twitter_card":"summary_large_image","twitter_misc":{"Dur\u00e9e de lecture estim\u00e9e":"2 minutes"},"schema":{"@context":"https:\/\/schema.org","@graph":[{"@type":"WebPage","@id":"https:\/\/www.tfsoleodinamica.it\/pompa-ad-ingranaggi-ph-20\/","url":"https:\/\/www.tfsoleodinamica.it\/pompa-ad-ingranaggi-ph-20\/","name":"Pompe \u00e0 engrenages PH. 20 - TFS Oleodinamica - Assistance et revente Bosch Rexroth","isPartOf":{"@id":"https:\/\/www.tfsoleodinamica.it\/#website"},"primaryImageOfPage":{"@id":"https:\/\/www.tfsoleodinamica.it\/pompa-ad-ingranaggi-ph-20\/#primaryimage"},"image":{"@id":"https:\/\/www.tfsoleodinamica.it\/pompa-ad-ingranaggi-ph-20\/#primaryimage"},"thumbnailUrl":"https:\/\/www.tfsoleodinamica.it\/wp-content\/uploads\/polarisphp.jpg","datePublished":"2018-06-27T18:38:46+00:00","dateModified":"2018-10-19T11:47:32+00:00","description":"Assistenza, progettazione impianti oleodinamici. Vendita prodotti per oleodinamica. Rivenditore Bosch Rexroth.","breadcrumb":{"@id":"https:\/\/www.tfsoleodinamica.it\/pompa-ad-ingranaggi-ph-20\/#breadcrumb"},"inLanguage":"fr-FR","potentialAction":[{"@type":"ReadAction","target":["https:\/\/www.tfsoleodinamica.it\/pompa-ad-ingranaggi-ph-20\/"]}]},{"@type":"ImageObject","inLanguage":"fr-FR","@id":"https:\/\/www.tfsoleodinamica.it\/pompa-ad-ingranaggi-ph-20\/#primaryimage","url":"https:\/\/www.tfsoleodinamica.it\/wp-content\/uploads\/polarisphp.jpg","contentUrl":"https:\/\/www.tfsoleodinamica.it\/wp-content\/uploads\/polarisphp.jpg","width":326,"height":326},{"@type":"BreadcrumbList","@id":"https:\/\/www.tfsoleodinamica.it\/pompa-ad-ingranaggi-ph-20\/#breadcrumb","itemListElement":[{"@type":"ListItem","position":1,"name":"Home","item":"https:\/\/www.tfsoleodinamica.it\/"},{"@type":"ListItem","position":2,"name":"Boutique","item":"https:\/\/www.tfsoleodinamica.it\/fr\/negozio\/"},{"@type":"ListItem","position":3,"name":"Casappa","item":"https:\/\/www.tfsoleodinamica.it\/fr\/brand\/casappa\/"},{"@type":"ListItem","position":4,"name":"Pompa ad ingranaggi PH. 20"}]},{"@type":"WebSite","@id":"https:\/\/www.tfsoleodinamica.it\/#website","url":"https:\/\/www.tfsoleodinamica.it\/","name":"TFS Oleodinamica - Assistance et revente Bosch Rexroth","description":"Assistance et revente de produits pour l&#039;hydraulique","publisher":{"@id":"https:\/\/www.tfsoleodinamica.it\/#organization"},"potentialAction":[{"@type":"SearchAction","target":{"@type":"EntryPoint","urlTemplate":"https:\/\/www.tfsoleodinamica.it\/?s={search_term_string}"},"query-input":{"@type":"PropertyValueSpecification","valueRequired":true,"valueName":"search_term_string"}}],"inLanguage":"fr-FR"},{"@type":"Organization","@id":"https:\/\/www.tfsoleodinamica.it\/#organization","name":"Tecno Fluid Service Srl","url":"https:\/\/www.tfsoleodinamica.it\/","logo":{"@type":"ImageObject","inLanguage":"fr-FR","@id":"https:\/\/www.tfsoleodinamica.it\/#\/schema\/logo\/image\/","url":"https:\/\/www.tfsoleodinamica.it\/wp-content\/uploads\/logo-tfs.png","contentUrl":"https:\/\/www.tfsoleodinamica.it\/wp-content\/uploads\/logo-tfs.png","width":82,"height":80,"caption":"Tecno Fluid Service Srl"},"image":{"@id":"https:\/\/www.tfsoleodinamica.it\/#\/schema\/logo\/image\/"},"sameAs":["http:\/\/www.facebook.com\/tfsoleodinamica","http:\/\/www.linkedin.com\/company\/tfs-srl-tecno-fluid-service","http:\/\/www.youtube.com\/watch?v=8XDyMn9zUQI"]}]}},"_links":{"self":[{"href":"https:\/\/www.tfsoleodinamica.it\/fr\/wp-json\/wp\/v2\/product\/3050","targetHints":{"allow":["GET"]}}],"collection":[{"href":"https:\/\/www.tfsoleodinamica.it\/fr\/wp-json\/wp\/v2\/product"}],"about":[{"href":"https:\/\/www.tfsoleodinamica.it\/fr\/wp-json\/wp\/v2\/types\/product"}],"replies":[{"embeddable":true,"href":"https:\/\/www.tfsoleodinamica.it\/fr\/wp-json\/wp\/v2\/comments?post=3050"}],"wp:featuredmedia":[{"embeddable":true,"href":"https:\/\/www.tfsoleodinamica.it\/fr\/wp-json\/wp\/v2\/media\/1638"}],"wp:attachment":[{"href":"https:\/\/www.tfsoleodinamica.it\/fr\/wp-json\/wp\/v2\/media?parent=3050"}],"wp:term":[{"taxonomy":"product_brand","embeddable":true,"href":"https:\/\/www.tfsoleodinamica.it\/fr\/wp-json\/wp\/v2\/product_brand?post=3050"},{"taxonomy":"product_cat","embeddable":true,"href":"https:\/\/www.tfsoleodinamica.it\/fr\/wp-json\/wp\/v2\/product_cat?post=3050"},{"taxonomy":"product_tag","embeddable":true,"href":"https:\/\/www.tfsoleodinamica.it\/fr\/wp-json\/wp\/v2\/product_tag?post=3050"}],"curies":[{"name":"wp","href":"https:\/\/api.w.org\/{rel}","templated":true}]}}