{"id":2945,"date":"2018-10-13T09:40:21","date_gmt":"2018-10-13T09:40:21","guid":{"rendered":"https:\/\/www.tfsoleodinamica.it\/prodotto\/pompa-a-pistoni-assiali-a-cilindrata-variabile-a4vtg-serie-33\/"},"modified":"2021-04-14T15:18:16","modified_gmt":"2021-04-14T15:18:16","slug":"pompa-a-pistoni-assiali-a-cilindrata-variabile-a4vtg-serie-33","status":"publish","type":"product","link":"https:\/\/www.tfsoleodinamica.it\/fr\/pompa-a-pistoni-assiali-a-cilindrata-variabile-a4vtg-serie-33\/","title":{"rendered":"A4VTG S\u00e9rie 33 pompe \u00e0 pistons axiaux \u00e0 cylindr\u00e9e variable"},"content":{"rendered":"- Pompe \u00e0 pistons axiaux \u00e0 cylindr\u00e9e variable avec plateau oscillant pour les entra\u00eenements hydrostatiques en boucle ferm\u00e9e<br \/>\n&#8211; Le d\u00e9bit est proportionnel \u00e0 la vitesse et \u00e0 la cylindr\u00e9e de l&rsquo;entra\u00eenement.<br \/>\n&#8211; Le d\u00e9bit augmente en fonction de l&rsquo;angle du plateau cyclique, de z\u00e9ro \u00e0 sa valeur maximale.<br \/>\n&#8211; Le sens du d\u00e9bit change progressivement lorsque le plateau cyclique est d\u00e9plac\u00e9 vers la position neutre.<br \/>\n&#8211; Deux soupapes de s\u00e9curit\u00e9 sont pr\u00e9vues sur les orifices haute pression pour prot\u00e9ger l&rsquo;entra\u00eenement hydrostatique (pompe et moteur) contre les surcharges.<br \/>\n&#8211; Les soupapes de s\u00e9curit\u00e9 haute pression font \u00e9galement office de soupapes de suralimentation.<br \/>\n&#8211; La pompe de suralimentation int\u00e9gr\u00e9e sert de pompe d&rsquo;alimentation et d&rsquo;alimentation en pression de contr\u00f4le.<br \/>\n&#8211; La pression de suralimentation maximale est limit\u00e9e par l&rsquo;int\u00e9gration d&rsquo;une soupape de suralimentation.<\/p>\n<p>Dimensions NG71, 90<br \/>\nPression nominale 400 bar<br \/>\nPression maximale 450 bar<br \/>\nCircuit ferm\u00e9<br \/>\nPour tambour dans les b\u00e9tonni\u00e8res mobiles","protected":false},"excerpt":{"rendered":"<p>Bosch Rexroth | A4VTG\/33. Per scaricare la brochure <a href=\"https:\/\/www.tfsoleodinamica.it\/wp-content\/uploads\/brochure-a4vtg_33.pdf\"> clicca qui <\/a>.<\/p>\n","protected":false},"featured_media":5451,"comment_status":"closed","ping_status":"closed","template":"","meta":[],"product_brand":[],"product_cat":[285,255,254],"product_tag":[],"class_list":{"0":"post-2945","1":"product","2":"type-product","3":"status-publish","4":"has-post-thumbnail","6":"product_cat-cilindrata-variabile","7":"product_cat-pompe-a-pistoni","8":"product_cat-pompe-oleodinamiche","9":"product_shipping_class-571","10":"pa_brand-bosch-rexroth","11":"pa_dettagli-cilindrata-variabile","12":"pa_dimensione-287","13":"pa_prodotto-pompe-a-pistoni","14":"pa_pronta-consegna-si","15":"pa_serie-a4vtg-33","17":"first","18":"outofstock","19":"product-type-simple"},"yoast_head":"<!-- This site is optimized with the Yoast SEO plugin v27.4 - https:\/\/yoast.com\/product\/yoast-seo-wordpress\/ -->\n<title>A4VTG S\u00e9rie 33 pompe \u00e0 pistons axiaux \u00e0 cylindr\u00e9e variable - TFS Oleodinamica - Assistance et revente Bosch Rexroth<\/title>\n<meta name=\"description\" content=\"Assistenza, progettazione impianti oleodinamici. Vendita prodotti per oleodinamica. Rivenditore Bosch Rexroth.\" \/>\n<meta name=\"robots\" content=\"index, follow, max-snippet:-1, max-image-preview:large, max-video-preview:-1\" \/>\n<link rel=\"canonical\" href=\"https:\/\/www.tfsoleodinamica.it\/pompa-a-pistoni-assiali-a-cilindrata-variabile-a4vtg-serie-33\/\" \/>\n<meta property=\"og:locale\" content=\"fr_FR\" \/>\n<meta property=\"og:type\" content=\"article\" \/>\n<meta property=\"og:title\" content=\"A4VTG S\u00e9rie 33 pompe \u00e0 pistons axiaux \u00e0 cylindr\u00e9e variable - TFS Oleodinamica - Assistance et revente Bosch Rexroth\" \/>\n<meta property=\"og:description\" content=\"Assistenza, progettazione impianti oleodinamici. Vendita prodotti per oleodinamica. Rivenditore Bosch Rexroth.\" \/>\n<meta property=\"og:url\" content=\"https:\/\/www.tfsoleodinamica.it\/pompa-a-pistoni-assiali-a-cilindrata-variabile-a4vtg-serie-33\/\" \/>\n<meta property=\"og:site_name\" content=\"TFS Oleodinamica - Assistance et revente Bosch Rexroth\" \/>\n<meta property=\"article:publisher\" content=\"http:\/\/www.facebook.com\/tfsoleodinamica\" \/>\n<meta property=\"article:modified_time\" content=\"2021-04-14T15:18:16+00:00\" \/>\n<meta property=\"og:image\" content=\"https:\/\/www.tfsoleodinamica.it\/wp-content\/uploads\/2018\/09\/a4vtg_33-300x300-1.jpg\" \/>\n\t<meta property=\"og:image:width\" content=\"300\" \/>\n\t<meta property=\"og:image:height\" content=\"300\" \/>\n\t<meta property=\"og:image:type\" content=\"image\/jpeg\" \/>\n<meta name=\"twitter:card\" content=\"summary_large_image\" \/>\n<meta name=\"twitter:label1\" content=\"Dur\u00e9e de lecture estim\u00e9e\" \/>\n\t<meta name=\"twitter:data1\" content=\"2 minutes\" \/>\n<script type=\"application\/ld+json\" class=\"yoast-schema-graph\">{\"@context\":\"https:\\\/\\\/schema.org\",\"@graph\":[{\"@type\":\"WebPage\",\"@id\":\"https:\\\/\\\/www.tfsoleodinamica.it\\\/pompa-a-pistoni-assiali-a-cilindrata-variabile-a4vtg-serie-33\\\/\",\"url\":\"https:\\\/\\\/www.tfsoleodinamica.it\\\/pompa-a-pistoni-assiali-a-cilindrata-variabile-a4vtg-serie-33\\\/\",\"name\":\"A4VTG S\u00e9rie 33 pompe \u00e0 pistons axiaux \u00e0 cylindr\u00e9e variable - TFS Oleodinamica - Assistance et revente Bosch Rexroth\",\"isPartOf\":{\"@id\":\"https:\\\/\\\/www.tfsoleodinamica.it\\\/#website\"},\"primaryImageOfPage\":{\"@id\":\"https:\\\/\\\/www.tfsoleodinamica.it\\\/pompa-a-pistoni-assiali-a-cilindrata-variabile-a4vtg-serie-33\\\/#primaryimage\"},\"image\":{\"@id\":\"https:\\\/\\\/www.tfsoleodinamica.it\\\/pompa-a-pistoni-assiali-a-cilindrata-variabile-a4vtg-serie-33\\\/#primaryimage\"},\"thumbnailUrl\":\"https:\\\/\\\/www.tfsoleodinamica.it\\\/wp-content\\\/uploads\\\/2018\\\/09\\\/a4vtg_33-300x300-1.jpg\",\"datePublished\":\"2018-10-13T09:40:21+00:00\",\"dateModified\":\"2021-04-14T15:18:16+00:00\",\"description\":\"Assistenza, progettazione impianti oleodinamici. Vendita prodotti per oleodinamica. Rivenditore Bosch Rexroth.\",\"breadcrumb\":{\"@id\":\"https:\\\/\\\/www.tfsoleodinamica.it\\\/pompa-a-pistoni-assiali-a-cilindrata-variabile-a4vtg-serie-33\\\/#breadcrumb\"},\"inLanguage\":\"fr-FR\",\"potentialAction\":[{\"@type\":\"ReadAction\",\"target\":[\"https:\\\/\\\/www.tfsoleodinamica.it\\\/pompa-a-pistoni-assiali-a-cilindrata-variabile-a4vtg-serie-33\\\/\"]}]},{\"@type\":\"ImageObject\",\"inLanguage\":\"fr-FR\",\"@id\":\"https:\\\/\\\/www.tfsoleodinamica.it\\\/pompa-a-pistoni-assiali-a-cilindrata-variabile-a4vtg-serie-33\\\/#primaryimage\",\"url\":\"https:\\\/\\\/www.tfsoleodinamica.it\\\/wp-content\\\/uploads\\\/2018\\\/09\\\/a4vtg_33-300x300-1.jpg\",\"contentUrl\":\"https:\\\/\\\/www.tfsoleodinamica.it\\\/wp-content\\\/uploads\\\/2018\\\/09\\\/a4vtg_33-300x300-1.jpg\",\"width\":300,\"height\":300},{\"@type\":\"BreadcrumbList\",\"@id\":\"https:\\\/\\\/www.tfsoleodinamica.it\\\/pompa-a-pistoni-assiali-a-cilindrata-variabile-a4vtg-serie-33\\\/#breadcrumb\",\"itemListElement\":[{\"@type\":\"ListItem\",\"position\":1,\"name\":\"Home\",\"item\":\"https:\\\/\\\/www.tfsoleodinamica.it\\\/\"},{\"@type\":\"ListItem\",\"position\":2,\"name\":\"Boutique\",\"item\":\"https:\\\/\\\/www.tfsoleodinamica.it\\\/fr\\\/negozio\\\/\"},{\"@type\":\"ListItem\",\"position\":3,\"name\":\"Bosch Rexroth\",\"item\":\"https:\\\/\\\/www.tfsoleodinamica.it\\\/ru\\\/brand\\\/bosch-rexroth\\\/\"},{\"@type\":\"ListItem\",\"position\":4,\"name\":\"Pompa a pistoni assiali a cilindrata variabile A4VTG Serie 33\"}]},{\"@type\":\"WebSite\",\"@id\":\"https:\\\/\\\/www.tfsoleodinamica.it\\\/#website\",\"url\":\"https:\\\/\\\/www.tfsoleodinamica.it\\\/\",\"name\":\"TFS Oleodinamica - Assistance et revente Bosch Rexroth\",\"description\":\"Assistance et revente de produits pour l&#039;hydraulique\",\"publisher\":{\"@id\":\"https:\\\/\\\/www.tfsoleodinamica.it\\\/#organization\"},\"potentialAction\":[{\"@type\":\"SearchAction\",\"target\":{\"@type\":\"EntryPoint\",\"urlTemplate\":\"https:\\\/\\\/www.tfsoleodinamica.it\\\/?s={search_term_string}\"},\"query-input\":{\"@type\":\"PropertyValueSpecification\",\"valueRequired\":true,\"valueName\":\"search_term_string\"}}],\"inLanguage\":\"fr-FR\"},{\"@type\":\"Organization\",\"@id\":\"https:\\\/\\\/www.tfsoleodinamica.it\\\/#organization\",\"name\":\"Tecno Fluid Service Srl\",\"url\":\"https:\\\/\\\/www.tfsoleodinamica.it\\\/\",\"logo\":{\"@type\":\"ImageObject\",\"inLanguage\":\"fr-FR\",\"@id\":\"https:\\\/\\\/www.tfsoleodinamica.it\\\/#\\\/schema\\\/logo\\\/image\\\/\",\"url\":\"https:\\\/\\\/www.tfsoleodinamica.it\\\/wp-content\\\/uploads\\\/logo-tfs.png\",\"contentUrl\":\"https:\\\/\\\/www.tfsoleodinamica.it\\\/wp-content\\\/uploads\\\/logo-tfs.png\",\"width\":82,\"height\":80,\"caption\":\"Tecno Fluid Service Srl\"},\"image\":{\"@id\":\"https:\\\/\\\/www.tfsoleodinamica.it\\\/#\\\/schema\\\/logo\\\/image\\\/\"},\"sameAs\":[\"http:\\\/\\\/www.facebook.com\\\/tfsoleodinamica\",\"http:\\\/\\\/www.linkedin.com\\\/company\\\/tfs-srl-tecno-fluid-service\",\"http:\\\/\\\/www.youtube.com\\\/watch?v=8XDyMn9zUQI\"]}]}<\/script>\n<!-- \/ Yoast SEO plugin. -->","yoast_head_json":{"title":"A4VTG S\u00e9rie 33 pompe \u00e0 pistons axiaux \u00e0 cylindr\u00e9e variable - TFS Oleodinamica - Assistance et revente Bosch Rexroth","description":"Assistenza, progettazione impianti oleodinamici. Vendita prodotti per oleodinamica. Rivenditore Bosch Rexroth.","robots":{"index":"index","follow":"follow","max-snippet":"max-snippet:-1","max-image-preview":"max-image-preview:large","max-video-preview":"max-video-preview:-1"},"canonical":"https:\/\/www.tfsoleodinamica.it\/pompa-a-pistoni-assiali-a-cilindrata-variabile-a4vtg-serie-33\/","og_locale":"fr_FR","og_type":"article","og_title":"A4VTG S\u00e9rie 33 pompe \u00e0 pistons axiaux \u00e0 cylindr\u00e9e variable - TFS Oleodinamica - Assistance et revente Bosch Rexroth","og_description":"Assistenza, progettazione impianti oleodinamici. Vendita prodotti per oleodinamica. Rivenditore Bosch Rexroth.","og_url":"https:\/\/www.tfsoleodinamica.it\/pompa-a-pistoni-assiali-a-cilindrata-variabile-a4vtg-serie-33\/","og_site_name":"TFS Oleodinamica - Assistance et revente Bosch Rexroth","article_publisher":"http:\/\/www.facebook.com\/tfsoleodinamica","article_modified_time":"2021-04-14T15:18:16+00:00","og_image":[{"width":300,"height":300,"url":"https:\/\/www.tfsoleodinamica.it\/wp-content\/uploads\/2018\/09\/a4vtg_33-300x300-1.jpg","type":"image\/jpeg"}],"twitter_card":"summary_large_image","twitter_misc":{"Dur\u00e9e de lecture estim\u00e9e":"2 minutes"},"schema":{"@context":"https:\/\/schema.org","@graph":[{"@type":"WebPage","@id":"https:\/\/www.tfsoleodinamica.it\/pompa-a-pistoni-assiali-a-cilindrata-variabile-a4vtg-serie-33\/","url":"https:\/\/www.tfsoleodinamica.it\/pompa-a-pistoni-assiali-a-cilindrata-variabile-a4vtg-serie-33\/","name":"A4VTG S\u00e9rie 33 pompe \u00e0 pistons axiaux \u00e0 cylindr\u00e9e variable - TFS Oleodinamica - Assistance et revente Bosch Rexroth","isPartOf":{"@id":"https:\/\/www.tfsoleodinamica.it\/#website"},"primaryImageOfPage":{"@id":"https:\/\/www.tfsoleodinamica.it\/pompa-a-pistoni-assiali-a-cilindrata-variabile-a4vtg-serie-33\/#primaryimage"},"image":{"@id":"https:\/\/www.tfsoleodinamica.it\/pompa-a-pistoni-assiali-a-cilindrata-variabile-a4vtg-serie-33\/#primaryimage"},"thumbnailUrl":"https:\/\/www.tfsoleodinamica.it\/wp-content\/uploads\/2018\/09\/a4vtg_33-300x300-1.jpg","datePublished":"2018-10-13T09:40:21+00:00","dateModified":"2021-04-14T15:18:16+00:00","description":"Assistenza, progettazione impianti oleodinamici. Vendita prodotti per oleodinamica. Rivenditore Bosch Rexroth.","breadcrumb":{"@id":"https:\/\/www.tfsoleodinamica.it\/pompa-a-pistoni-assiali-a-cilindrata-variabile-a4vtg-serie-33\/#breadcrumb"},"inLanguage":"fr-FR","potentialAction":[{"@type":"ReadAction","target":["https:\/\/www.tfsoleodinamica.it\/pompa-a-pistoni-assiali-a-cilindrata-variabile-a4vtg-serie-33\/"]}]},{"@type":"ImageObject","inLanguage":"fr-FR","@id":"https:\/\/www.tfsoleodinamica.it\/pompa-a-pistoni-assiali-a-cilindrata-variabile-a4vtg-serie-33\/#primaryimage","url":"https:\/\/www.tfsoleodinamica.it\/wp-content\/uploads\/2018\/09\/a4vtg_33-300x300-1.jpg","contentUrl":"https:\/\/www.tfsoleodinamica.it\/wp-content\/uploads\/2018\/09\/a4vtg_33-300x300-1.jpg","width":300,"height":300},{"@type":"BreadcrumbList","@id":"https:\/\/www.tfsoleodinamica.it\/pompa-a-pistoni-assiali-a-cilindrata-variabile-a4vtg-serie-33\/#breadcrumb","itemListElement":[{"@type":"ListItem","position":1,"name":"Home","item":"https:\/\/www.tfsoleodinamica.it\/"},{"@type":"ListItem","position":2,"name":"Boutique","item":"https:\/\/www.tfsoleodinamica.it\/fr\/negozio\/"},{"@type":"ListItem","position":3,"name":"Bosch Rexroth","item":"https:\/\/www.tfsoleodinamica.it\/ru\/brand\/bosch-rexroth\/"},{"@type":"ListItem","position":4,"name":"Pompa a pistoni assiali a cilindrata variabile A4VTG Serie 33"}]},{"@type":"WebSite","@id":"https:\/\/www.tfsoleodinamica.it\/#website","url":"https:\/\/www.tfsoleodinamica.it\/","name":"TFS Oleodinamica - Assistance et revente Bosch Rexroth","description":"Assistance et revente de produits pour l&#039;hydraulique","publisher":{"@id":"https:\/\/www.tfsoleodinamica.it\/#organization"},"potentialAction":[{"@type":"SearchAction","target":{"@type":"EntryPoint","urlTemplate":"https:\/\/www.tfsoleodinamica.it\/?s={search_term_string}"},"query-input":{"@type":"PropertyValueSpecification","valueRequired":true,"valueName":"search_term_string"}}],"inLanguage":"fr-FR"},{"@type":"Organization","@id":"https:\/\/www.tfsoleodinamica.it\/#organization","name":"Tecno Fluid Service Srl","url":"https:\/\/www.tfsoleodinamica.it\/","logo":{"@type":"ImageObject","inLanguage":"fr-FR","@id":"https:\/\/www.tfsoleodinamica.it\/#\/schema\/logo\/image\/","url":"https:\/\/www.tfsoleodinamica.it\/wp-content\/uploads\/logo-tfs.png","contentUrl":"https:\/\/www.tfsoleodinamica.it\/wp-content\/uploads\/logo-tfs.png","width":82,"height":80,"caption":"Tecno Fluid Service Srl"},"image":{"@id":"https:\/\/www.tfsoleodinamica.it\/#\/schema\/logo\/image\/"},"sameAs":["http:\/\/www.facebook.com\/tfsoleodinamica","http:\/\/www.linkedin.com\/company\/tfs-srl-tecno-fluid-service","http:\/\/www.youtube.com\/watch?v=8XDyMn9zUQI"]}]}},"_links":{"self":[{"href":"https:\/\/www.tfsoleodinamica.it\/fr\/wp-json\/wp\/v2\/product\/2945","targetHints":{"allow":["GET"]}}],"collection":[{"href":"https:\/\/www.tfsoleodinamica.it\/fr\/wp-json\/wp\/v2\/product"}],"about":[{"href":"https:\/\/www.tfsoleodinamica.it\/fr\/wp-json\/wp\/v2\/types\/product"}],"replies":[{"embeddable":true,"href":"https:\/\/www.tfsoleodinamica.it\/fr\/wp-json\/wp\/v2\/comments?post=2945"}],"wp:featuredmedia":[{"embeddable":true,"href":"https:\/\/www.tfsoleodinamica.it\/fr\/wp-json\/wp\/v2\/media\/5451"}],"wp:attachment":[{"href":"https:\/\/www.tfsoleodinamica.it\/fr\/wp-json\/wp\/v2\/media?parent=2945"}],"wp:term":[{"taxonomy":"product_brand","embeddable":true,"href":"https:\/\/www.tfsoleodinamica.it\/fr\/wp-json\/wp\/v2\/product_brand?post=2945"},{"taxonomy":"product_cat","embeddable":true,"href":"https:\/\/www.tfsoleodinamica.it\/fr\/wp-json\/wp\/v2\/product_cat?post=2945"},{"taxonomy":"product_tag","embeddable":true,"href":"https:\/\/www.tfsoleodinamica.it\/fr\/wp-json\/wp\/v2\/product_tag?post=2945"}],"curies":[{"name":"wp","href":"https:\/\/api.w.org\/{rel}","templated":true}]}}