{"id":2881,"date":"2018-09-18T10:34:22","date_gmt":"2018-09-18T10:34:22","guid":{"rendered":"https:\/\/www.tfsoleodinamica.it\/prodotto\/pompa-a-pistoni-assiali-a-cilindrata-variabile-a15vso-serie-10\/"},"modified":"2021-04-14T15:15:53","modified_gmt":"2021-04-14T15:15:53","slug":"pompa-a-pistoni-assiali-a-cilindrata-variabile-a15vso-serie-10","status":"publish","type":"product","link":"https:\/\/www.tfsoleodinamica.it\/fr\/pompa-a-pistoni-assiali-a-cilindrata-variabile-a15vso-serie-10\/","title":{"rendered":"Pompe \u00e0 pistons axiaux \u00e0 d\u00e9bit variable A15VSO S\u00e9rie 10"},"content":{"rendered":"Pompe \u00e0 pistons axiaux \u00e0 cylindr\u00e9e variable avec plateau oscillant pour les entra\u00eenements hydrostatiques en circuit ouvert.<br \/>\n&#8211; A utiliser de pr\u00e9f\u00e9rence dans des applications stationnaires.<br \/>\n&#8211; Le d\u00e9bit est proportionnel \u00e0 la vitesse et \u00e0 la cylindr\u00e9e de l&rsquo;entra\u00eenement.<br \/>\n&#8211; Le d\u00e9bit peut \u00eatre modifi\u00e9 \u00e0 l&rsquo;infini en ajustant l&rsquo;angle du plateau oscillant.<br \/>\n&#8211; La pompe peut fonctionner en auto-amor\u00e7age ou avec une pompe de gavage.<br \/>\n&#8211; Une large gamme de dispositifs de contr\u00f4le tr\u00e8s adaptables avec diverses fonctions de contr\u00f4le et de r\u00e9gulation pour les applications stationnaires.<br \/>\n&#8211; Possibilit\u00e9 d&rsquo;une fonction d&rsquo;amarrage \u00e0 100 % en fonction du contr\u00f4leur sp\u00e9cifique (mode de rotation, fonctionnement du moteur).<br \/>\n&#8211; L&rsquo;entra\u00eenement universel permet d&rsquo;ajouter des pompes \u00e0 engrenages et des pompes \u00e0 pistons axiaux jusqu&rsquo;\u00e0 la m\u00eame taille, c&rsquo;est-\u00e0-dire 100 % par l&rsquo;interm\u00e9diaire de l&rsquo;entra\u00eenement.<br \/>\n&#8211; Conception compacte<br \/>\n&#8211; Rendement \u00e9lev\u00e9<br \/>\n&#8211; Densit\u00e9 de puissance \u00e9lev\u00e9e<br \/>\n&#8211; Faible niveau sonore<\/p>\n<p>&#8211; Tailles nominales 110 &#8230; 280<br \/>\n&#8211; Pression nominale 350 bar<br \/>\n&#8211; Pression maximale 420 bar<br \/>\n&#8211; Circuit ouvert","protected":false},"excerpt":{"rendered":"<p>Bosch Rexroth | A15VSO. Per scaricare la brochure <a href=\"https:\/\/www.tfsoleodinamica.it\/wp-content\/uploads\/brochure-a15vso.pdf\"> clicca qui <\/a>.<\/p>\n","protected":false},"featured_media":5450,"comment_status":"closed","ping_status":"closed","template":"","meta":[],"product_brand":[],"product_cat":[285,255,301,254],"product_tag":[],"class_list":{"0":"post-2881","1":"product","2":"type-product","3":"status-publish","4":"has-post-thumbnail","6":"product_cat-cilindrata-variabile","7":"product_cat-pompe-a-pistoni","8":"product_cat-pompe-ad-alta-pressione","9":"product_cat-pompe-oleodinamiche","10":"pa_brand-bosch-rexroth","11":"pa_dettagli-cilindrata-variabile-pompe-ad-alta-pressione","12":"pa_dimensione-298","13":"pa_dimensione-302","14":"pa_dimensione-303","15":"pa_dimensione-304","16":"pa_prodotto-pompe-a-pistoni","17":"pa_pronta-consegna-si","18":"pa_serie-a15vso","20":"first","21":"outofstock","22":"product-type-variable"},"yoast_head":"<!-- This site is optimized with the Yoast SEO plugin v27.4 - https:\/\/yoast.com\/product\/yoast-seo-wordpress\/ -->\n<title>Pompe \u00e0 pistons axiaux \u00e0 d\u00e9bit variable A15VSO S\u00e9rie 10 - TFS Oleodinamica - Assistance et revente Bosch Rexroth<\/title>\n<meta name=\"description\" content=\"Assistenza, progettazione impianti oleodinamici. Vendita prodotti per oleodinamica. Rivenditore Bosch Rexroth.\" \/>\n<meta name=\"robots\" content=\"index, follow, max-snippet:-1, max-image-preview:large, max-video-preview:-1\" \/>\n<link rel=\"canonical\" href=\"https:\/\/www.tfsoleodinamica.it\/pompa-a-pistoni-assiali-a-cilindrata-variabile-a15vso-serie-10\/\" \/>\n<meta property=\"og:locale\" content=\"fr_FR\" \/>\n<meta property=\"og:type\" content=\"article\" \/>\n<meta property=\"og:title\" content=\"Pompe \u00e0 pistons axiaux \u00e0 d\u00e9bit variable A15VSO S\u00e9rie 10 - TFS Oleodinamica - Assistance et revente Bosch Rexroth\" \/>\n<meta property=\"og:description\" content=\"Assistenza, progettazione impianti oleodinamici. Vendita prodotti per oleodinamica. Rivenditore Bosch Rexroth.\" \/>\n<meta property=\"og:url\" content=\"https:\/\/www.tfsoleodinamica.it\/pompa-a-pistoni-assiali-a-cilindrata-variabile-a15vso-serie-10\/\" \/>\n<meta property=\"og:site_name\" content=\"TFS Oleodinamica - Assistance et revente Bosch Rexroth\" \/>\n<meta property=\"article:publisher\" content=\"http:\/\/www.facebook.com\/tfsoleodinamica\" \/>\n<meta property=\"article:modified_time\" content=\"2021-04-14T15:15:53+00:00\" \/>\n<meta property=\"og:image\" content=\"https:\/\/www.tfsoleodinamica.it\/wp-content\/uploads\/2018\/09\/a15vso-1.jpg\" \/>\n\t<meta property=\"og:image:width\" content=\"326\" \/>\n\t<meta property=\"og:image:height\" content=\"326\" \/>\n\t<meta property=\"og:image:type\" content=\"image\/jpeg\" \/>\n<meta name=\"twitter:card\" content=\"summary_large_image\" \/>\n<meta name=\"twitter:label1\" content=\"Dur\u00e9e de lecture estim\u00e9e\" \/>\n\t<meta name=\"twitter:data1\" content=\"2 minutes\" \/>\n<script type=\"application\/ld+json\" class=\"yoast-schema-graph\">{\"@context\":\"https:\\\/\\\/schema.org\",\"@graph\":[{\"@type\":\"WebPage\",\"@id\":\"https:\\\/\\\/www.tfsoleodinamica.it\\\/pompa-a-pistoni-assiali-a-cilindrata-variabile-a15vso-serie-10\\\/\",\"url\":\"https:\\\/\\\/www.tfsoleodinamica.it\\\/pompa-a-pistoni-assiali-a-cilindrata-variabile-a15vso-serie-10\\\/\",\"name\":\"Pompe \u00e0 pistons axiaux \u00e0 d\u00e9bit variable A15VSO S\u00e9rie 10 - TFS Oleodinamica - Assistance et revente Bosch Rexroth\",\"isPartOf\":{\"@id\":\"https:\\\/\\\/www.tfsoleodinamica.it\\\/#website\"},\"primaryImageOfPage\":{\"@id\":\"https:\\\/\\\/www.tfsoleodinamica.it\\\/pompa-a-pistoni-assiali-a-cilindrata-variabile-a15vso-serie-10\\\/#primaryimage\"},\"image\":{\"@id\":\"https:\\\/\\\/www.tfsoleodinamica.it\\\/pompa-a-pistoni-assiali-a-cilindrata-variabile-a15vso-serie-10\\\/#primaryimage\"},\"thumbnailUrl\":\"https:\\\/\\\/www.tfsoleodinamica.it\\\/wp-content\\\/uploads\\\/2018\\\/09\\\/a15vso-1.jpg\",\"datePublished\":\"2018-09-18T10:34:22+00:00\",\"dateModified\":\"2021-04-14T15:15:53+00:00\",\"description\":\"Assistenza, progettazione impianti oleodinamici. Vendita prodotti per oleodinamica. Rivenditore Bosch Rexroth.\",\"breadcrumb\":{\"@id\":\"https:\\\/\\\/www.tfsoleodinamica.it\\\/pompa-a-pistoni-assiali-a-cilindrata-variabile-a15vso-serie-10\\\/#breadcrumb\"},\"inLanguage\":\"fr-FR\",\"potentialAction\":[{\"@type\":\"ReadAction\",\"target\":[\"https:\\\/\\\/www.tfsoleodinamica.it\\\/pompa-a-pistoni-assiali-a-cilindrata-variabile-a15vso-serie-10\\\/\"]}]},{\"@type\":\"ImageObject\",\"inLanguage\":\"fr-FR\",\"@id\":\"https:\\\/\\\/www.tfsoleodinamica.it\\\/pompa-a-pistoni-assiali-a-cilindrata-variabile-a15vso-serie-10\\\/#primaryimage\",\"url\":\"https:\\\/\\\/www.tfsoleodinamica.it\\\/wp-content\\\/uploads\\\/2018\\\/09\\\/a15vso-1.jpg\",\"contentUrl\":\"https:\\\/\\\/www.tfsoleodinamica.it\\\/wp-content\\\/uploads\\\/2018\\\/09\\\/a15vso-1.jpg\",\"width\":326,\"height\":326},{\"@type\":\"BreadcrumbList\",\"@id\":\"https:\\\/\\\/www.tfsoleodinamica.it\\\/pompa-a-pistoni-assiali-a-cilindrata-variabile-a15vso-serie-10\\\/#breadcrumb\",\"itemListElement\":[{\"@type\":\"ListItem\",\"position\":1,\"name\":\"Home\",\"item\":\"https:\\\/\\\/www.tfsoleodinamica.it\\\/\"},{\"@type\":\"ListItem\",\"position\":2,\"name\":\"Boutique\",\"item\":\"https:\\\/\\\/www.tfsoleodinamica.it\\\/fr\\\/negozio\\\/\"},{\"@type\":\"ListItem\",\"position\":3,\"name\":\"Bosch Rexroth\",\"item\":\"https:\\\/\\\/www.tfsoleodinamica.it\\\/ru\\\/brand\\\/bosch-rexroth\\\/\"},{\"@type\":\"ListItem\",\"position\":4,\"name\":\"Pompa a pistoni assiali a cilindrata variabile A15VSO Serie 10\"}]},{\"@type\":\"WebSite\",\"@id\":\"https:\\\/\\\/www.tfsoleodinamica.it\\\/#website\",\"url\":\"https:\\\/\\\/www.tfsoleodinamica.it\\\/\",\"name\":\"TFS Oleodinamica - Assistance et revente Bosch Rexroth\",\"description\":\"Assistance et revente de produits pour l&#039;hydraulique\",\"publisher\":{\"@id\":\"https:\\\/\\\/www.tfsoleodinamica.it\\\/#organization\"},\"potentialAction\":[{\"@type\":\"SearchAction\",\"target\":{\"@type\":\"EntryPoint\",\"urlTemplate\":\"https:\\\/\\\/www.tfsoleodinamica.it\\\/?s={search_term_string}\"},\"query-input\":{\"@type\":\"PropertyValueSpecification\",\"valueRequired\":true,\"valueName\":\"search_term_string\"}}],\"inLanguage\":\"fr-FR\"},{\"@type\":\"Organization\",\"@id\":\"https:\\\/\\\/www.tfsoleodinamica.it\\\/#organization\",\"name\":\"Tecno Fluid Service Srl\",\"url\":\"https:\\\/\\\/www.tfsoleodinamica.it\\\/\",\"logo\":{\"@type\":\"ImageObject\",\"inLanguage\":\"fr-FR\",\"@id\":\"https:\\\/\\\/www.tfsoleodinamica.it\\\/#\\\/schema\\\/logo\\\/image\\\/\",\"url\":\"https:\\\/\\\/www.tfsoleodinamica.it\\\/wp-content\\\/uploads\\\/logo-tfs.png\",\"contentUrl\":\"https:\\\/\\\/www.tfsoleodinamica.it\\\/wp-content\\\/uploads\\\/logo-tfs.png\",\"width\":82,\"height\":80,\"caption\":\"Tecno Fluid Service Srl\"},\"image\":{\"@id\":\"https:\\\/\\\/www.tfsoleodinamica.it\\\/#\\\/schema\\\/logo\\\/image\\\/\"},\"sameAs\":[\"http:\\\/\\\/www.facebook.com\\\/tfsoleodinamica\",\"http:\\\/\\\/www.linkedin.com\\\/company\\\/tfs-srl-tecno-fluid-service\",\"http:\\\/\\\/www.youtube.com\\\/watch?v=8XDyMn9zUQI\"]}]}<\/script>\n<!-- \/ Yoast SEO plugin. -->","yoast_head_json":{"title":"Pompe \u00e0 pistons axiaux \u00e0 d\u00e9bit variable A15VSO S\u00e9rie 10 - TFS Oleodinamica - Assistance et revente Bosch Rexroth","description":"Assistenza, progettazione impianti oleodinamici. Vendita prodotti per oleodinamica. Rivenditore Bosch Rexroth.","robots":{"index":"index","follow":"follow","max-snippet":"max-snippet:-1","max-image-preview":"max-image-preview:large","max-video-preview":"max-video-preview:-1"},"canonical":"https:\/\/www.tfsoleodinamica.it\/pompa-a-pistoni-assiali-a-cilindrata-variabile-a15vso-serie-10\/","og_locale":"fr_FR","og_type":"article","og_title":"Pompe \u00e0 pistons axiaux \u00e0 d\u00e9bit variable A15VSO S\u00e9rie 10 - TFS Oleodinamica - Assistance et revente Bosch Rexroth","og_description":"Assistenza, progettazione impianti oleodinamici. Vendita prodotti per oleodinamica. Rivenditore Bosch Rexroth.","og_url":"https:\/\/www.tfsoleodinamica.it\/pompa-a-pistoni-assiali-a-cilindrata-variabile-a15vso-serie-10\/","og_site_name":"TFS Oleodinamica - Assistance et revente Bosch Rexroth","article_publisher":"http:\/\/www.facebook.com\/tfsoleodinamica","article_modified_time":"2021-04-14T15:15:53+00:00","og_image":[{"width":326,"height":326,"url":"https:\/\/www.tfsoleodinamica.it\/wp-content\/uploads\/2018\/09\/a15vso-1.jpg","type":"image\/jpeg"}],"twitter_card":"summary_large_image","twitter_misc":{"Dur\u00e9e de lecture estim\u00e9e":"2 minutes"},"schema":{"@context":"https:\/\/schema.org","@graph":[{"@type":"WebPage","@id":"https:\/\/www.tfsoleodinamica.it\/pompa-a-pistoni-assiali-a-cilindrata-variabile-a15vso-serie-10\/","url":"https:\/\/www.tfsoleodinamica.it\/pompa-a-pistoni-assiali-a-cilindrata-variabile-a15vso-serie-10\/","name":"Pompe \u00e0 pistons axiaux \u00e0 d\u00e9bit variable A15VSO S\u00e9rie 10 - TFS Oleodinamica - Assistance et revente Bosch Rexroth","isPartOf":{"@id":"https:\/\/www.tfsoleodinamica.it\/#website"},"primaryImageOfPage":{"@id":"https:\/\/www.tfsoleodinamica.it\/pompa-a-pistoni-assiali-a-cilindrata-variabile-a15vso-serie-10\/#primaryimage"},"image":{"@id":"https:\/\/www.tfsoleodinamica.it\/pompa-a-pistoni-assiali-a-cilindrata-variabile-a15vso-serie-10\/#primaryimage"},"thumbnailUrl":"https:\/\/www.tfsoleodinamica.it\/wp-content\/uploads\/2018\/09\/a15vso-1.jpg","datePublished":"2018-09-18T10:34:22+00:00","dateModified":"2021-04-14T15:15:53+00:00","description":"Assistenza, progettazione impianti oleodinamici. Vendita prodotti per oleodinamica. Rivenditore Bosch Rexroth.","breadcrumb":{"@id":"https:\/\/www.tfsoleodinamica.it\/pompa-a-pistoni-assiali-a-cilindrata-variabile-a15vso-serie-10\/#breadcrumb"},"inLanguage":"fr-FR","potentialAction":[{"@type":"ReadAction","target":["https:\/\/www.tfsoleodinamica.it\/pompa-a-pistoni-assiali-a-cilindrata-variabile-a15vso-serie-10\/"]}]},{"@type":"ImageObject","inLanguage":"fr-FR","@id":"https:\/\/www.tfsoleodinamica.it\/pompa-a-pistoni-assiali-a-cilindrata-variabile-a15vso-serie-10\/#primaryimage","url":"https:\/\/www.tfsoleodinamica.it\/wp-content\/uploads\/2018\/09\/a15vso-1.jpg","contentUrl":"https:\/\/www.tfsoleodinamica.it\/wp-content\/uploads\/2018\/09\/a15vso-1.jpg","width":326,"height":326},{"@type":"BreadcrumbList","@id":"https:\/\/www.tfsoleodinamica.it\/pompa-a-pistoni-assiali-a-cilindrata-variabile-a15vso-serie-10\/#breadcrumb","itemListElement":[{"@type":"ListItem","position":1,"name":"Home","item":"https:\/\/www.tfsoleodinamica.it\/"},{"@type":"ListItem","position":2,"name":"Boutique","item":"https:\/\/www.tfsoleodinamica.it\/fr\/negozio\/"},{"@type":"ListItem","position":3,"name":"Bosch Rexroth","item":"https:\/\/www.tfsoleodinamica.it\/ru\/brand\/bosch-rexroth\/"},{"@type":"ListItem","position":4,"name":"Pompa a pistoni assiali a cilindrata variabile A15VSO Serie 10"}]},{"@type":"WebSite","@id":"https:\/\/www.tfsoleodinamica.it\/#website","url":"https:\/\/www.tfsoleodinamica.it\/","name":"TFS Oleodinamica - Assistance et revente Bosch Rexroth","description":"Assistance et revente de produits pour l&#039;hydraulique","publisher":{"@id":"https:\/\/www.tfsoleodinamica.it\/#organization"},"potentialAction":[{"@type":"SearchAction","target":{"@type":"EntryPoint","urlTemplate":"https:\/\/www.tfsoleodinamica.it\/?s={search_term_string}"},"query-input":{"@type":"PropertyValueSpecification","valueRequired":true,"valueName":"search_term_string"}}],"inLanguage":"fr-FR"},{"@type":"Organization","@id":"https:\/\/www.tfsoleodinamica.it\/#organization","name":"Tecno Fluid Service Srl","url":"https:\/\/www.tfsoleodinamica.it\/","logo":{"@type":"ImageObject","inLanguage":"fr-FR","@id":"https:\/\/www.tfsoleodinamica.it\/#\/schema\/logo\/image\/","url":"https:\/\/www.tfsoleodinamica.it\/wp-content\/uploads\/logo-tfs.png","contentUrl":"https:\/\/www.tfsoleodinamica.it\/wp-content\/uploads\/logo-tfs.png","width":82,"height":80,"caption":"Tecno Fluid Service Srl"},"image":{"@id":"https:\/\/www.tfsoleodinamica.it\/#\/schema\/logo\/image\/"},"sameAs":["http:\/\/www.facebook.com\/tfsoleodinamica","http:\/\/www.linkedin.com\/company\/tfs-srl-tecno-fluid-service","http:\/\/www.youtube.com\/watch?v=8XDyMn9zUQI"]}]}},"_links":{"self":[{"href":"https:\/\/www.tfsoleodinamica.it\/fr\/wp-json\/wp\/v2\/product\/2881","targetHints":{"allow":["GET"]}}],"collection":[{"href":"https:\/\/www.tfsoleodinamica.it\/fr\/wp-json\/wp\/v2\/product"}],"about":[{"href":"https:\/\/www.tfsoleodinamica.it\/fr\/wp-json\/wp\/v2\/types\/product"}],"replies":[{"embeddable":true,"href":"https:\/\/www.tfsoleodinamica.it\/fr\/wp-json\/wp\/v2\/comments?post=2881"}],"wp:featuredmedia":[{"embeddable":true,"href":"https:\/\/www.tfsoleodinamica.it\/fr\/wp-json\/wp\/v2\/media\/5450"}],"wp:attachment":[{"href":"https:\/\/www.tfsoleodinamica.it\/fr\/wp-json\/wp\/v2\/media?parent=2881"}],"wp:term":[{"taxonomy":"product_brand","embeddable":true,"href":"https:\/\/www.tfsoleodinamica.it\/fr\/wp-json\/wp\/v2\/product_brand?post=2881"},{"taxonomy":"product_cat","embeddable":true,"href":"https:\/\/www.tfsoleodinamica.it\/fr\/wp-json\/wp\/v2\/product_cat?post=2881"},{"taxonomy":"product_tag","embeddable":true,"href":"https:\/\/www.tfsoleodinamica.it\/fr\/wp-json\/wp\/v2\/product_tag?post=2881"}],"curies":[{"name":"wp","href":"https:\/\/api.w.org\/{rel}","templated":true}]}}