{"id":2802,"date":"2018-09-18T10:33:27","date_gmt":"2018-09-18T10:33:27","guid":{"rendered":"https:\/\/www.tfsoleodinamica.it\/prodotto\/pompa-a-pistoni-assiali-a-cilindrata-fissa-a10fzo-serie-10\/"},"modified":"2021-04-14T14:59:44","modified_gmt":"2021-04-14T14:59:44","slug":"pompa-a-pistoni-assiali-a-cilindrata-fissa-a10fzo-serie-10","status":"publish","type":"product","link":"https:\/\/www.tfsoleodinamica.it\/fr\/pompa-a-pistoni-assiali-a-cilindrata-fissa-a10fzo-serie-10\/","title":{"rendered":"A10FZO Pompe \u00e0 pistons axiaux \u00e0 cylindr\u00e9e fixe de la s\u00e9rie 10"},"content":{"rendered":"Les unit\u00e9s \u00e0 pistons axiaux \u00e9prouv\u00e9es de la famille de produits A10 ont \u00e9t\u00e9 perfectionn\u00e9es pour \u00eatre utilis\u00e9es dans des entra\u00eenements \u00e0 vitesse contr\u00f4l\u00e9e. Elles sont approuv\u00e9es pour les op\u00e9rations de d\u00e9marrage\/arr\u00eat et sont con\u00e7ues pour changer le sens de rotation. M\u00eame \u00e0 la vitesse la plus basse, entre 0 et 200 tr\/min, elles fournissent une pression constante et offrent une efficacit\u00e9 extr\u00eamement \u00e9lev\u00e9e dans les op\u00e9rations de maintien de la pression. Les unit\u00e9s A10FZO peuvent \u00eatre utilis\u00e9es comme pompes \u00e0 un ou deux quadrants.<\/p>\n<p>\u25b6 Pour un fonctionnement \u00e0 vitesse variable avec des moteurs synchrones et asynchrones<br \/>\n\u25b6 Tailles de 3 \u00e0 180<br \/>\n\u25b6 Pression nominale \/ pression maximale voir donn\u00e9es techniques<br \/>\n\u25b6 Circuits ouverts et ferm\u00e9s","protected":false},"excerpt":{"rendered":"<p>Bosch Rexroth | A10FZO. Per scaricare la brochure <a href=\"https:\/\/www.tfsoleodinamica.it\/wp-content\/uploads\/brochure-a10fzo-a10vzo-a10fzg-a10vzg.pdf\"> clicca qui <\/a>.<\/p>\n","protected":false},"featured_media":5441,"comment_status":"closed","ping_status":"closed","template":"","meta":[],"product_brand":[],"product_cat":[256,257,255,254],"product_tag":[],"class_list":{"0":"post-2802","1":"product","2":"type-product","3":"status-publish","4":"has-post-thumbnail","6":"product_cat-cilindrata-fissa","7":"product_cat-per-unita-a-velocita-variabile-sytronics","8":"product_cat-pompe-a-pistoni","9":"product_cat-pompe-oleodinamiche","10":"pa_brand-bosch-rexroth","11":"pa_dettagli-cilindrata-fissa-per-unita-a-velocita-variabile-sytronics","12":"pa_dimensione-248","13":"pa_dimensione-258","14":"pa_dimensione-259","15":"pa_dimensione-260","16":"pa_dimensione-261","17":"pa_dimensione-262","18":"pa_dimensione-263","19":"pa_dimensione-264","20":"pa_dimensione-265","21":"pa_dimensione-266","22":"pa_dimensione-267","23":"pa_dimensione-268","24":"pa_dimensione-269","25":"pa_dimensione-270","26":"pa_dimensione-271","27":"pa_dimensione-272","28":"pa_dimensione-273","29":"pa_dimensione-274","30":"pa_dimensione-275","31":"pa_dimensione-276","32":"pa_dimensione-277","33":"pa_dimensione-278","34":"pa_dimensione-279","35":"pa_dimensione-280","36":"pa_dimensione-281","37":"pa_prodotto-pompe-a-pistoni","38":"pa_pronta-consegna-si","39":"pa_serie-a10fzo","41":"first","42":"outofstock","43":"product-type-variable"},"yoast_head":"<!-- This site is optimized with the Yoast SEO plugin v27.4 - https:\/\/yoast.com\/product\/yoast-seo-wordpress\/ -->\n<title>A10FZO Pompe \u00e0 pistons axiaux \u00e0 cylindr\u00e9e fixe de la s\u00e9rie 10 - TFS Oleodinamica - Assistance et revente Bosch Rexroth<\/title>\n<meta name=\"description\" content=\"Assistenza, progettazione impianti oleodinamici. Vendita prodotti per oleodinamica. Rivenditore Bosch Rexroth.\" \/>\n<meta name=\"robots\" content=\"index, follow, max-snippet:-1, max-image-preview:large, max-video-preview:-1\" \/>\n<link rel=\"canonical\" href=\"https:\/\/www.tfsoleodinamica.it\/pompa-a-pistoni-assiali-a-cilindrata-fissa-a10fzo-serie-10\/\" \/>\n<meta property=\"og:locale\" content=\"fr_FR\" \/>\n<meta property=\"og:type\" content=\"article\" \/>\n<meta property=\"og:title\" content=\"A10FZO Pompe \u00e0 pistons axiaux \u00e0 cylindr\u00e9e fixe de la s\u00e9rie 10 - TFS Oleodinamica - Assistance et revente Bosch Rexroth\" \/>\n<meta property=\"og:description\" content=\"Assistenza, progettazione impianti oleodinamici. Vendita prodotti per oleodinamica. Rivenditore Bosch Rexroth.\" \/>\n<meta property=\"og:url\" content=\"https:\/\/www.tfsoleodinamica.it\/pompa-a-pistoni-assiali-a-cilindrata-fissa-a10fzo-serie-10\/\" \/>\n<meta property=\"og:site_name\" content=\"TFS Oleodinamica - Assistance et revente Bosch Rexroth\" \/>\n<meta property=\"article:publisher\" content=\"http:\/\/www.facebook.com\/tfsoleodinamica\" \/>\n<meta property=\"article:modified_time\" content=\"2021-04-14T14:59:44+00:00\" \/>\n<meta property=\"og:image\" content=\"https:\/\/www.tfsoleodinamica.it\/wp-content\/uploads\/2018\/10\/a10fzo.jpg\" \/>\n\t<meta property=\"og:image:width\" content=\"326\" \/>\n\t<meta property=\"og:image:height\" content=\"326\" \/>\n\t<meta property=\"og:image:type\" content=\"image\/jpeg\" \/>\n<meta name=\"twitter:card\" content=\"summary_large_image\" \/>\n<meta name=\"twitter:label1\" content=\"Dur\u00e9e de lecture estim\u00e9e\" \/>\n\t<meta name=\"twitter:data1\" content=\"2 minutes\" \/>\n<script type=\"application\/ld+json\" class=\"yoast-schema-graph\">{\"@context\":\"https:\\\/\\\/schema.org\",\"@graph\":[{\"@type\":\"WebPage\",\"@id\":\"https:\\\/\\\/www.tfsoleodinamica.it\\\/pompa-a-pistoni-assiali-a-cilindrata-fissa-a10fzo-serie-10\\\/\",\"url\":\"https:\\\/\\\/www.tfsoleodinamica.it\\\/pompa-a-pistoni-assiali-a-cilindrata-fissa-a10fzo-serie-10\\\/\",\"name\":\"A10FZO Pompe \u00e0 pistons axiaux \u00e0 cylindr\u00e9e fixe de la s\u00e9rie 10 - TFS Oleodinamica - Assistance et revente Bosch Rexroth\",\"isPartOf\":{\"@id\":\"https:\\\/\\\/www.tfsoleodinamica.it\\\/#website\"},\"primaryImageOfPage\":{\"@id\":\"https:\\\/\\\/www.tfsoleodinamica.it\\\/pompa-a-pistoni-assiali-a-cilindrata-fissa-a10fzo-serie-10\\\/#primaryimage\"},\"image\":{\"@id\":\"https:\\\/\\\/www.tfsoleodinamica.it\\\/pompa-a-pistoni-assiali-a-cilindrata-fissa-a10fzo-serie-10\\\/#primaryimage\"},\"thumbnailUrl\":\"https:\\\/\\\/www.tfsoleodinamica.it\\\/wp-content\\\/uploads\\\/2018\\\/10\\\/a10fzo.jpg\",\"datePublished\":\"2018-09-18T10:33:27+00:00\",\"dateModified\":\"2021-04-14T14:59:44+00:00\",\"description\":\"Assistenza, progettazione impianti oleodinamici. Vendita prodotti per oleodinamica. Rivenditore Bosch Rexroth.\",\"breadcrumb\":{\"@id\":\"https:\\\/\\\/www.tfsoleodinamica.it\\\/pompa-a-pistoni-assiali-a-cilindrata-fissa-a10fzo-serie-10\\\/#breadcrumb\"},\"inLanguage\":\"fr-FR\",\"potentialAction\":[{\"@type\":\"ReadAction\",\"target\":[\"https:\\\/\\\/www.tfsoleodinamica.it\\\/pompa-a-pistoni-assiali-a-cilindrata-fissa-a10fzo-serie-10\\\/\"]}]},{\"@type\":\"ImageObject\",\"inLanguage\":\"fr-FR\",\"@id\":\"https:\\\/\\\/www.tfsoleodinamica.it\\\/pompa-a-pistoni-assiali-a-cilindrata-fissa-a10fzo-serie-10\\\/#primaryimage\",\"url\":\"https:\\\/\\\/www.tfsoleodinamica.it\\\/wp-content\\\/uploads\\\/2018\\\/10\\\/a10fzo.jpg\",\"contentUrl\":\"https:\\\/\\\/www.tfsoleodinamica.it\\\/wp-content\\\/uploads\\\/2018\\\/10\\\/a10fzo.jpg\",\"width\":326,\"height\":326},{\"@type\":\"BreadcrumbList\",\"@id\":\"https:\\\/\\\/www.tfsoleodinamica.it\\\/pompa-a-pistoni-assiali-a-cilindrata-fissa-a10fzo-serie-10\\\/#breadcrumb\",\"itemListElement\":[{\"@type\":\"ListItem\",\"position\":1,\"name\":\"Home\",\"item\":\"https:\\\/\\\/www.tfsoleodinamica.it\\\/\"},{\"@type\":\"ListItem\",\"position\":2,\"name\":\"Boutique\",\"item\":\"https:\\\/\\\/www.tfsoleodinamica.it\\\/fr\\\/negozio\\\/\"},{\"@type\":\"ListItem\",\"position\":3,\"name\":\"Bosch Rexroth\",\"item\":\"https:\\\/\\\/www.tfsoleodinamica.it\\\/ru\\\/brand\\\/bosch-rexroth\\\/\"},{\"@type\":\"ListItem\",\"position\":4,\"name\":\"Pompa a pistoni assiali a cilindrata fissa A10FZO Serie 10\"}]},{\"@type\":\"WebSite\",\"@id\":\"https:\\\/\\\/www.tfsoleodinamica.it\\\/#website\",\"url\":\"https:\\\/\\\/www.tfsoleodinamica.it\\\/\",\"name\":\"TFS Oleodinamica - Assistance et revente Bosch Rexroth\",\"description\":\"Assistance et revente de produits pour l&#039;hydraulique\",\"publisher\":{\"@id\":\"https:\\\/\\\/www.tfsoleodinamica.it\\\/#organization\"},\"potentialAction\":[{\"@type\":\"SearchAction\",\"target\":{\"@type\":\"EntryPoint\",\"urlTemplate\":\"https:\\\/\\\/www.tfsoleodinamica.it\\\/?s={search_term_string}\"},\"query-input\":{\"@type\":\"PropertyValueSpecification\",\"valueRequired\":true,\"valueName\":\"search_term_string\"}}],\"inLanguage\":\"fr-FR\"},{\"@type\":\"Organization\",\"@id\":\"https:\\\/\\\/www.tfsoleodinamica.it\\\/#organization\",\"name\":\"Tecno Fluid Service Srl\",\"url\":\"https:\\\/\\\/www.tfsoleodinamica.it\\\/\",\"logo\":{\"@type\":\"ImageObject\",\"inLanguage\":\"fr-FR\",\"@id\":\"https:\\\/\\\/www.tfsoleodinamica.it\\\/#\\\/schema\\\/logo\\\/image\\\/\",\"url\":\"https:\\\/\\\/www.tfsoleodinamica.it\\\/wp-content\\\/uploads\\\/logo-tfs.png\",\"contentUrl\":\"https:\\\/\\\/www.tfsoleodinamica.it\\\/wp-content\\\/uploads\\\/logo-tfs.png\",\"width\":82,\"height\":80,\"caption\":\"Tecno Fluid Service Srl\"},\"image\":{\"@id\":\"https:\\\/\\\/www.tfsoleodinamica.it\\\/#\\\/schema\\\/logo\\\/image\\\/\"},\"sameAs\":[\"http:\\\/\\\/www.facebook.com\\\/tfsoleodinamica\",\"http:\\\/\\\/www.linkedin.com\\\/company\\\/tfs-srl-tecno-fluid-service\",\"http:\\\/\\\/www.youtube.com\\\/watch?v=8XDyMn9zUQI\"]}]}<\/script>\n<!-- \/ Yoast SEO plugin. -->","yoast_head_json":{"title":"A10FZO Pompe \u00e0 pistons axiaux \u00e0 cylindr\u00e9e fixe de la s\u00e9rie 10 - TFS Oleodinamica - Assistance et revente Bosch Rexroth","description":"Assistenza, progettazione impianti oleodinamici. Vendita prodotti per oleodinamica. Rivenditore Bosch Rexroth.","robots":{"index":"index","follow":"follow","max-snippet":"max-snippet:-1","max-image-preview":"max-image-preview:large","max-video-preview":"max-video-preview:-1"},"canonical":"https:\/\/www.tfsoleodinamica.it\/pompa-a-pistoni-assiali-a-cilindrata-fissa-a10fzo-serie-10\/","og_locale":"fr_FR","og_type":"article","og_title":"A10FZO Pompe \u00e0 pistons axiaux \u00e0 cylindr\u00e9e fixe de la s\u00e9rie 10 - TFS Oleodinamica - Assistance et revente Bosch Rexroth","og_description":"Assistenza, progettazione impianti oleodinamici. Vendita prodotti per oleodinamica. Rivenditore Bosch Rexroth.","og_url":"https:\/\/www.tfsoleodinamica.it\/pompa-a-pistoni-assiali-a-cilindrata-fissa-a10fzo-serie-10\/","og_site_name":"TFS Oleodinamica - Assistance et revente Bosch Rexroth","article_publisher":"http:\/\/www.facebook.com\/tfsoleodinamica","article_modified_time":"2021-04-14T14:59:44+00:00","og_image":[{"width":326,"height":326,"url":"https:\/\/www.tfsoleodinamica.it\/wp-content\/uploads\/2018\/10\/a10fzo.jpg","type":"image\/jpeg"}],"twitter_card":"summary_large_image","twitter_misc":{"Dur\u00e9e de lecture estim\u00e9e":"2 minutes"},"schema":{"@context":"https:\/\/schema.org","@graph":[{"@type":"WebPage","@id":"https:\/\/www.tfsoleodinamica.it\/pompa-a-pistoni-assiali-a-cilindrata-fissa-a10fzo-serie-10\/","url":"https:\/\/www.tfsoleodinamica.it\/pompa-a-pistoni-assiali-a-cilindrata-fissa-a10fzo-serie-10\/","name":"A10FZO Pompe \u00e0 pistons axiaux \u00e0 cylindr\u00e9e fixe de la s\u00e9rie 10 - TFS Oleodinamica - Assistance et revente Bosch Rexroth","isPartOf":{"@id":"https:\/\/www.tfsoleodinamica.it\/#website"},"primaryImageOfPage":{"@id":"https:\/\/www.tfsoleodinamica.it\/pompa-a-pistoni-assiali-a-cilindrata-fissa-a10fzo-serie-10\/#primaryimage"},"image":{"@id":"https:\/\/www.tfsoleodinamica.it\/pompa-a-pistoni-assiali-a-cilindrata-fissa-a10fzo-serie-10\/#primaryimage"},"thumbnailUrl":"https:\/\/www.tfsoleodinamica.it\/wp-content\/uploads\/2018\/10\/a10fzo.jpg","datePublished":"2018-09-18T10:33:27+00:00","dateModified":"2021-04-14T14:59:44+00:00","description":"Assistenza, progettazione impianti oleodinamici. Vendita prodotti per oleodinamica. Rivenditore Bosch Rexroth.","breadcrumb":{"@id":"https:\/\/www.tfsoleodinamica.it\/pompa-a-pistoni-assiali-a-cilindrata-fissa-a10fzo-serie-10\/#breadcrumb"},"inLanguage":"fr-FR","potentialAction":[{"@type":"ReadAction","target":["https:\/\/www.tfsoleodinamica.it\/pompa-a-pistoni-assiali-a-cilindrata-fissa-a10fzo-serie-10\/"]}]},{"@type":"ImageObject","inLanguage":"fr-FR","@id":"https:\/\/www.tfsoleodinamica.it\/pompa-a-pistoni-assiali-a-cilindrata-fissa-a10fzo-serie-10\/#primaryimage","url":"https:\/\/www.tfsoleodinamica.it\/wp-content\/uploads\/2018\/10\/a10fzo.jpg","contentUrl":"https:\/\/www.tfsoleodinamica.it\/wp-content\/uploads\/2018\/10\/a10fzo.jpg","width":326,"height":326},{"@type":"BreadcrumbList","@id":"https:\/\/www.tfsoleodinamica.it\/pompa-a-pistoni-assiali-a-cilindrata-fissa-a10fzo-serie-10\/#breadcrumb","itemListElement":[{"@type":"ListItem","position":1,"name":"Home","item":"https:\/\/www.tfsoleodinamica.it\/"},{"@type":"ListItem","position":2,"name":"Boutique","item":"https:\/\/www.tfsoleodinamica.it\/fr\/negozio\/"},{"@type":"ListItem","position":3,"name":"Bosch Rexroth","item":"https:\/\/www.tfsoleodinamica.it\/ru\/brand\/bosch-rexroth\/"},{"@type":"ListItem","position":4,"name":"Pompa a pistoni assiali a cilindrata fissa A10FZO Serie 10"}]},{"@type":"WebSite","@id":"https:\/\/www.tfsoleodinamica.it\/#website","url":"https:\/\/www.tfsoleodinamica.it\/","name":"TFS Oleodinamica - Assistance et revente Bosch Rexroth","description":"Assistance et revente de produits pour l&#039;hydraulique","publisher":{"@id":"https:\/\/www.tfsoleodinamica.it\/#organization"},"potentialAction":[{"@type":"SearchAction","target":{"@type":"EntryPoint","urlTemplate":"https:\/\/www.tfsoleodinamica.it\/?s={search_term_string}"},"query-input":{"@type":"PropertyValueSpecification","valueRequired":true,"valueName":"search_term_string"}}],"inLanguage":"fr-FR"},{"@type":"Organization","@id":"https:\/\/www.tfsoleodinamica.it\/#organization","name":"Tecno Fluid Service Srl","url":"https:\/\/www.tfsoleodinamica.it\/","logo":{"@type":"ImageObject","inLanguage":"fr-FR","@id":"https:\/\/www.tfsoleodinamica.it\/#\/schema\/logo\/image\/","url":"https:\/\/www.tfsoleodinamica.it\/wp-content\/uploads\/logo-tfs.png","contentUrl":"https:\/\/www.tfsoleodinamica.it\/wp-content\/uploads\/logo-tfs.png","width":82,"height":80,"caption":"Tecno Fluid Service Srl"},"image":{"@id":"https:\/\/www.tfsoleodinamica.it\/#\/schema\/logo\/image\/"},"sameAs":["http:\/\/www.facebook.com\/tfsoleodinamica","http:\/\/www.linkedin.com\/company\/tfs-srl-tecno-fluid-service","http:\/\/www.youtube.com\/watch?v=8XDyMn9zUQI"]}]}},"_links":{"self":[{"href":"https:\/\/www.tfsoleodinamica.it\/fr\/wp-json\/wp\/v2\/product\/2802","targetHints":{"allow":["GET"]}}],"collection":[{"href":"https:\/\/www.tfsoleodinamica.it\/fr\/wp-json\/wp\/v2\/product"}],"about":[{"href":"https:\/\/www.tfsoleodinamica.it\/fr\/wp-json\/wp\/v2\/types\/product"}],"replies":[{"embeddable":true,"href":"https:\/\/www.tfsoleodinamica.it\/fr\/wp-json\/wp\/v2\/comments?post=2802"}],"wp:featuredmedia":[{"embeddable":true,"href":"https:\/\/www.tfsoleodinamica.it\/fr\/wp-json\/wp\/v2\/media\/5441"}],"wp:attachment":[{"href":"https:\/\/www.tfsoleodinamica.it\/fr\/wp-json\/wp\/v2\/media?parent=2802"}],"wp:term":[{"taxonomy":"product_brand","embeddable":true,"href":"https:\/\/www.tfsoleodinamica.it\/fr\/wp-json\/wp\/v2\/product_brand?post=2802"},{"taxonomy":"product_cat","embeddable":true,"href":"https:\/\/www.tfsoleodinamica.it\/fr\/wp-json\/wp\/v2\/product_cat?post=2802"},{"taxonomy":"product_tag","embeddable":true,"href":"https:\/\/www.tfsoleodinamica.it\/fr\/wp-json\/wp\/v2\/product_tag?post=2802"}],"curies":[{"name":"wp","href":"https:\/\/api.w.org\/{rel}","templated":true}]}}