{"id":805,"date":"2017-04-12T13:25:25","date_gmt":"2017-04-12T13:25:25","guid":{"rendered":"https:\/\/www.tfsoleodinamica.it\/?page_id=805"},"modified":"2026-04-14T07:36:31","modified_gmt":"2026-04-14T07:36:31","slug":"samhydraulik-2","status":"publish","type":"page","link":"https:\/\/www.tfsoleodinamica.it\/fr\/samhydraulik-2\/","title":{"rendered":"Samhydraulik"},"content":{"rendered":"<div class=\"wpb-content-wrapper\">[vc_row][vc_column][vc_text_separator title=\u00a0\u00bbPRODUITS &#038;gt ; SAMHYDRAULIK\u00a0\u00bb][\/vc_column][\/vc_row][vc_row][vc_column width=\u00a0\u00bb1\/6&Prime;][\/vc_column][vc_column width=\u00a0\u00bb2\/3&Prime;][vc_column_text]\n<p style=\"text-align: justify;\">Sp\u00e9cialis\u00e9e dans le domaine des transmissions hydrauliques, <strong>Samhydraulik<\/strong> est une entreprise industrielle bien \u00e9tablie qui, depuis plus de quarante ans, fournit \u00e0 ses clients des produits fiables ainsi que des solutions innovantes et fonctionnelles. <strong>TFS Oleodinamica<\/strong> a choisi la qualit\u00e9 de Samhydraulik car celle-ci est en constante \u00e9volution, notamment dans le secteur des moteurs \u00e0 pistons axiaux pour moyennes et hautes pressions, \u00e0 cylindr\u00e9e fixe et variable.<\/p>\n[\/vc_column_text][\/vc_column][vc_column width=\u00a0\u00bb1\/6&Prime;][\/vc_column][\/vc_row][vc_row fullwidth=\u00a0\u00bbtrue\u00a0\u00bb equal_columns=\u00a0\u00bbtrue\u00a0\u00bb attached=\u00a0\u00bbtrue\u00a0\u00bb][vc_column width=\u00a0\u00bb1\/3&Prime; offset=\u00a0\u00bbvc_hidden-md vc_hidden-sm vc_hidden-xs\u00a0\u00bb][vc_separator color=\u00a0\u00bbcustom\u00a0\u00bb border_width=\u00a0\u00bb10&Prime; accent_color=\u00a0\u00bb#db022a\u00a0\u00bb][\/vc_column][vc_column width=\u00a0\u00bb1\/3&Prime;][vc_single_image image=\u00a0\u00bb425&Prime; img_size=\u00a0\u00bbfull\u00a0\u00bb alignment=\u00a0\u00bbcenter\u00a0\u00bb css=\u00a0\u00bb.vc_custom_1540801734691{margin-top: -15px !important;}\u00a0\u00bb][\/vc_column][vc_column width=\u00a0\u00bb1\/3&Prime; offset=\u00a0\u00bbvc_hidden-md vc_hidden-sm vc_hidden-xs\u00a0\u00bb][vc_separator color=\u00a0\u00bbcustom\u00a0\u00bb border_width=\u00a0\u00bb10&Prime; accent_color=\u00a0\u00bb#db022a\u00a0\u00bb][\/vc_column][\/vc_row][vc_row][vc_column width=\u00a0\u00bb2\/3&Prime;][mk_table]\n<table style=\"width: 100%;\">\n<tbody>\n<tr style=\"height: 166px;\">\n<td style=\"text-align: left; width: 25%; height: 166px;\"><img loading=\"lazy\" decoding=\"async\" src=\"https:\/\/www.tfsoleodinamica.it\/wp-content\/uploads\/samhydraulik_motori_pistoni_assiali_cilindrata_fissa_-serie_sh1c.jpg\" alt=\"\" width=\"150\" height=\"150\" \/><\/td>\n<td style=\"width: 53.3614%; text-align: left; vertical-align: middle; height: 166px;\">Motori pistoni assiali cilindrata fissa serie SH1C<\/td>\n<\/tr>\n<tr style=\"height: 157px;\">\n<td style=\"text-align: left; width: 25%; height: 157px;\"><img loading=\"lazy\" decoding=\"async\" src=\"https:\/\/www.tfsoleodinamica.it\/wp-content\/uploads\/samhydraulik_motori_pistoni_assiali_cilindrata_fissa_-serie_sh11c.jpg\" alt=\"\" width=\"150\" height=\"150\" \/><\/td>\n<td style=\"width: 53.3614%; text-align: left; vertical-align: middle; height: 157px;\">Motori pistoni assiali cilindrata fissa serie SH11C<\/td>\n<\/tr>\n<tr style=\"height: 157px;\">\n<td style=\"text-align: left; width: 25%; height: 157px;\"><img loading=\"lazy\" decoding=\"async\" src=\"https:\/\/www.tfsoleodinamica.it\/wp-content\/uploads\/samhydraulik_motori_orbitanti-serie-ar.jpg\" alt=\"\" width=\"150\" height=\"150\" \/><\/td>\n<td style=\"width: 53.3614%; text-align: left; vertical-align: middle; height: 157px;\">Motori orbitanti serie AR<\/td>\n<\/tr>\n<tr style=\"height: 157px;\">\n<td style=\"text-align: left; width: 25%; height: 157px;\"><img loading=\"lazy\" decoding=\"async\" src=\"https:\/\/www.tfsoleodinamica.it\/wp-content\/uploads\/samhydraulik_motori_orbitanti-serie-bg-e-bh.jpg\" alt=\"\" width=\"150\" height=\"150\" \/><\/td>\n<td style=\"width: 53.3614%; text-align: left; vertical-align: middle; height: 157px;\">Motori orbitanti serie BG e BH<\/td>\n<\/tr>\n<tr style=\"height: 157px;\">\n<td style=\"text-align: left; width: 25%; height: 157px;\"><img loading=\"lazy\" decoding=\"async\" src=\"https:\/\/www.tfsoleodinamica.it\/wp-content\/uploads\/samhydraulik_motori_orbitanti-serie-bgm-e-bfp.jpg\" alt=\"\" width=\"150\" height=\"150\" \/><\/td>\n<td style=\"width: 53.3614%; text-align: left; vertical-align: middle; height: 157px;\">Motori orbitanti serie BGM e BFP<\/td>\n<\/tr>\n<tr style=\"height: 157px;\">\n<td style=\"text-align: left; width: 25%; height: 157px;\"><img loading=\"lazy\" decoding=\"async\" src=\"https:\/\/www.tfsoleodinamica.it\/wp-content\/uploads\/samhydraulik_motori_orbitanti-serie-br-e-bs-.jpg\" alt=\"\" width=\"150\" height=\"150\" \/><\/td>\n<td style=\"width: 53.3614%; text-align: left; vertical-align: middle; height: 157px;\">Motori orbitanti serie BR e BS<\/td>\n<\/tr>\n<tr style=\"height: 157px;\">\n<td style=\"text-align: left; width: 25%; height: 157px;\"><img loading=\"lazy\" decoding=\"async\" src=\"https:\/\/www.tfsoleodinamica.it\/wp-content\/uploads\/pompe-a-cilindrata-fissa-a10fzo-da-6-a-63cc.jpg\" alt=\"\" width=\"150\" height=\"150\" \/><\/td>\n<td style=\"width: 53.3614%; text-align: left; vertical-align: middle; height: 157px;\">Motori orbitanti serie HR<\/td>\n<\/tr>\n<tr style=\"height: 157px;\">\n<td style=\"text-align: left; width: 25%; height: 157px;\"><img loading=\"lazy\" decoding=\"async\" src=\"https:\/\/www.tfsoleodinamica.it\/wp-content\/uploads\/samhydraulik_pompe-e-motori_h1v_h2v.jpg\" alt=\"\" width=\"150\" height=\"150\" \/><\/td>\n<td style=\"width: 53.3614%; text-align: left; vertical-align: middle; height: 157px;\">Pompe e Motori H1V H2V<\/td>\n<\/tr>\n<\/tbody>\n<\/table>\n[\/mk_table][\/vc_column][vc_column width=\u00a0\u00bb1\/3&Prime;][vc_custom_heading text=\u00a0\u00bbDEMANDER UN DEVIS\u00a0\u00bb font_container=\u00a0\u00bbtag:h1|text_align:left\u00a0\u00bb use_theme_fonts=\u00a0\u00bbyes\u00a0\u00bb]\n<div class=\"wpcf7 no-js\" id=\"wpcf7-f232-o3\" lang=\"it-IT\" dir=\"ltr\" data-wpcf7-id=\"232\">\n<div class=\"screen-reader-response\"><p role=\"status\" aria-live=\"polite\" aria-atomic=\"true\"><\/p> <ul><\/ul><\/div>\n<form action=\"\/fr\/wp-json\/wp\/v2\/pages\/805#wpcf7-f232-o3\" method=\"post\" class=\"wpcf7-form init\" aria-label=\"Contact form\" enctype=\"multipart\/form-data\" novalidate=\"novalidate\" data-status=\"init\">\n<fieldset class=\"hidden-fields-container\"><input type=\"hidden\" name=\"_wpcf7\" value=\"232\" \/><input type=\"hidden\" name=\"_wpcf7_version\" value=\"6.1.5\" \/><input type=\"hidden\" name=\"_wpcf7_locale\" value=\"it_IT\" \/><input type=\"hidden\" name=\"_wpcf7_unit_tag\" value=\"wpcf7-f232-o3\" \/><input type=\"hidden\" name=\"_wpcf7_container_post\" value=\"0\" \/><input type=\"hidden\" name=\"_wpcf7_posted_data_hash\" value=\"\" \/><input type=\"hidden\" name=\"_wpcf7cf_hidden_group_fields\" value=\"[]\" \/><input type=\"hidden\" name=\"_wpcf7cf_hidden_groups\" value=\"[]\" \/><input type=\"hidden\" name=\"_wpcf7cf_visible_groups\" value=\"[]\" \/><input type=\"hidden\" name=\"_wpcf7cf_repeaters\" value=\"[]\" \/><input type=\"hidden\" name=\"_wpcf7cf_steps\" value=\"{}\" \/><input type=\"hidden\" name=\"_wpcf7cf_options\" value=\"{&quot;form_id&quot;:232,&quot;conditions&quot;:[],&quot;settings&quot;:{&quot;animation&quot;:&quot;yes&quot;,&quot;animation_intime&quot;:200,&quot;animation_outtime&quot;:200,&quot;conditions_ui&quot;:&quot;normal&quot;,&quot;notice_dismissed&quot;:false,&quot;notice_dismissed_update-cf7-5.6.4&quot;:true,&quot;notice_dismissed_update-cf7-6.1.5&quot;:true}}\" \/><input type=\"hidden\" name=\"_wpcf7dtx_version\" value=\"5.0.5\" \/>\n<\/fieldset>\n<p><label>Nom et Pr\u00e9nom \/ Entreprise*<br \/>\n<span class=\"wpcf7-form-control-wrap\" data-name=\"your-name\"><input size=\"40\" maxlength=\"400\" class=\"wpcf7-form-control wpcf7-text wpcf7-validates-as-required\" aria-required=\"true\" aria-invalid=\"false\" value=\"\" type=\"text\" name=\"your-name\" \/><\/span> <\/label>\n<\/p>\n<p><label>T\u00e9l\u00e9phone*<br \/>\n<span class=\"wpcf7-form-control-wrap\" data-name=\"telefono\"><input size=\"40\" maxlength=\"400\" class=\"wpcf7-form-control wpcf7-text\" aria-invalid=\"false\" value=\"\" type=\"text\" name=\"telefono\" \/><\/span><\/label>\n<\/p>\n<p><label> email*<br \/>\n<span class=\"wpcf7-form-control-wrap\" data-name=\"your-email\"><input size=\"40\" maxlength=\"400\" class=\"wpcf7-form-control wpcf7-email wpcf7-validates-as-required wpcf7-text wpcf7-validates-as-email\" aria-required=\"true\" aria-invalid=\"false\" value=\"\" type=\"email\" name=\"your-email\" \/><\/span> <\/label>\n<\/p>\n<p><label>Nation*<br \/>\n<span class=\"wpcf7-form-control-wrap\" data-name=\"nazione\"><input size=\"40\" maxlength=\"400\" class=\"wpcf7-form-control wpcf7-text wpcf7-validates-as-required\" aria-required=\"true\" aria-invalid=\"false\" value=\"\" type=\"text\" name=\"nazione\" \/><\/span> <\/label>\n<\/p>\n<p><label>Object<br \/>\n<span class=\"wpcf7-form-control-wrap dynamictext-756\" data-name=\"dynamictext-756\"><input type=\"text\" name=\"dynamictext-756\" class=\"wpcf7-form-control wpcf7-text wpcf7dtx wpcf7dtx-text\" aria-invalid=\"false\" value=\"Samhydraulik\"><\/span><br \/>\n<\/label>\n<\/p>\n<p><label>Demande<br \/>\n<span class=\"wpcf7-form-control-wrap\" data-name=\"your-message\"><textarea cols=\"40\" rows=\"10\" maxlength=\"2000\" class=\"wpcf7-form-control wpcf7-textarea\" aria-invalid=\"false\" name=\"your-message\"><\/textarea><\/span> <\/label>\n<\/p>\n<p><label> Joindre un fichier<br \/>\n<span class=\"wpcf7-form-control-wrap\" data-name=\"file-393\"><input size=\"40\" class=\"wpcf7-form-control wpcf7-file\" accept=\"audio\/*,video\/*,image\/*\" aria-invalid=\"false\" type=\"file\" name=\"file-393\" \/><\/span><br \/>\n<\/label>\n<\/p>\n<p><label><br \/>\n<span class=\"wpcf7-form-control-wrap\" data-name=\"quiz-938\"><label><span class=\"wpcf7-quiz-label\">5 - 3?<\/span> <input size=\"40\" class=\"wpcf7-form-control wpcf7-quiz\" autocomplete=\"off\" aria-required=\"true\" aria-invalid=\"false\" type=\"text\" name=\"quiz-938\" \/><\/label><input type=\"hidden\" name=\"_wpcf7_quiz_answer_quiz-938\" value=\"a000adebe434e2d5f2272fcaa1074c9e\" \/><\/span><br \/>\n<\/label>\n<\/p>\n<p><input class=\"wpcf7-form-control wpcf7-submit has-spinner\" type=\"submit\" value=\"Envoie\" \/>\n<\/p><div class=\"wpcf7-response-output\" aria-hidden=\"true\"><\/div>\n<\/form>\n<\/div>\n[\/vc_column][\/vc_row][vc_row][vc_column][vc_empty_space][\/vc_column][\/vc_row]\n<\/div>","protected":false},"excerpt":{"rendered":"<p>[vc_row][vc_column][vc_text_separator title=\u00a0\u00bbPRODUITS &#038;gt ; SAMHYDRAULIK\u00a0\u00bb][\/vc_column][\/vc_row][vc_row][vc_column width=\u00a0\u00bb1\/6&Prime;][\/vc_column][vc_column width=\u00a0\u00bb2\/3&Prime;][vc_column_text] Sp\u00e9cialis\u00e9e dans le domaine des transmissions hydrauliques, Samhydraulik est une entreprise industrielle bien \u00e9tablie qui, depuis plus de quarante ans, fournit \u00e0 ses clients des produits fiables ainsi que des solutions innovantes et fonctionnelles. TFS Oleodinamica a choisi la qualit\u00e9 de Samhydraulik car celle-ci est en constante \u00e9volution, [&hellip;]<\/p>\n","protected":false},"author":1,"featured_media":0,"parent":0,"menu_order":0,"comment_status":"closed","ping_status":"closed","template":"","meta":{"footnotes":""},"class_list":["post-805","page","type-page","status-publish","hentry"],"yoast_head":"<!-- This site is optimized with the Yoast SEO plugin v27.4 - https:\/\/yoast.com\/product\/yoast-seo-wordpress\/ -->\n<title>Samhydraulik - TFS Oleodinamica. Assistenza e rivendita<\/title>\n<meta name=\"description\" content=\"Samhydraulik \u00e8 una solida realt\u00e0 industriale che, da oltre quarant\u2019anni, fornisce ai suoi clienti prodotti affidabili e soluzioni innovative e funzionali\" \/>\n<meta name=\"robots\" content=\"index, follow, max-snippet:-1, max-image-preview:large, max-video-preview:-1\" \/>\n<link rel=\"canonical\" href=\"https:\/\/www.tfsoleodinamica.it\/samhydraulik-2\/\" \/>\n<meta property=\"og:locale\" content=\"fr_FR\" \/>\n<meta property=\"og:type\" content=\"article\" \/>\n<meta property=\"og:title\" content=\"Samhydraulik - TFS Oleodinamica. Assistenza e rivendita\" \/>\n<meta property=\"og:description\" content=\"Samhydraulik \u00e8 una solida realt\u00e0 industriale che, da oltre quarant\u2019anni, fornisce ai suoi clienti prodotti affidabili e soluzioni innovative e funzionali\" \/>\n<meta property=\"og:url\" content=\"https:\/\/www.tfsoleodinamica.it\/samhydraulik-2\/\" \/>\n<meta property=\"og:site_name\" content=\"TFS Oleodinamica - Assistance et revente Bosch Rexroth\" \/>\n<meta property=\"article:publisher\" content=\"http:\/\/www.facebook.com\/tfsoleodinamica\" \/>\n<meta property=\"article:modified_time\" content=\"2026-04-14T07:36:31+00:00\" \/>\n<meta property=\"og:image\" content=\"https:\/\/www.tfsoleodinamica.it\/wp-content\/uploads\/samhydraulik_motori_pistoni_assiali_cilindrata_fissa_-serie_sh1c.jpg\" \/>\n<meta name=\"twitter:card\" content=\"summary_large_image\" \/>\n<meta name=\"twitter:title\" content=\"Samhydraulik - TFS Oleodinamica. Assistenza e rivendita\" \/>\n<meta name=\"twitter:description\" content=\"Samhydraulik \u00e8 una solida realt\u00e0 industriale che, da oltre quarant\u2019anni, fornisce ai suoi clienti prodotti affidabili e soluzioni innovative e funzionali\" \/>\n<meta name=\"twitter:label1\" content=\"Dur\u00e9e de lecture estim\u00e9e\" \/>\n\t<meta name=\"twitter:data1\" content=\"3 minutes\" \/>\n<script type=\"application\/ld+json\" class=\"yoast-schema-graph\">{\"@context\":\"https:\\\/\\\/schema.org\",\"@graph\":[{\"@type\":\"WebPage\",\"@id\":\"https:\\\/\\\/www.tfsoleodinamica.it\\\/samhydraulik-2\\\/\",\"url\":\"https:\\\/\\\/www.tfsoleodinamica.it\\\/samhydraulik-2\\\/\",\"name\":\"Samhydraulik - TFS Oleodinamica. Assistenza e rivendita\",\"isPartOf\":{\"@id\":\"https:\\\/\\\/www.tfsoleodinamica.it\\\/#website\"},\"primaryImageOfPage\":{\"@id\":\"https:\\\/\\\/www.tfsoleodinamica.it\\\/samhydraulik-2\\\/#primaryimage\"},\"image\":{\"@id\":\"https:\\\/\\\/www.tfsoleodinamica.it\\\/samhydraulik-2\\\/#primaryimage\"},\"thumbnailUrl\":\"https:\\\/\\\/www.tfsoleodinamica.it\\\/wp-content\\\/uploads\\\/samhydraulik_motori_pistoni_assiali_cilindrata_fissa_-serie_sh1c.jpg\",\"datePublished\":\"2017-04-12T13:25:25+00:00\",\"dateModified\":\"2026-04-14T07:36:31+00:00\",\"description\":\"Samhydraulik \u00e8 una solida realt\u00e0 industriale che, da oltre quarant\u2019anni, fornisce ai suoi clienti prodotti affidabili e soluzioni innovative e funzionali\",\"breadcrumb\":{\"@id\":\"https:\\\/\\\/www.tfsoleodinamica.it\\\/samhydraulik-2\\\/#breadcrumb\"},\"inLanguage\":\"fr-FR\",\"potentialAction\":[{\"@type\":\"ReadAction\",\"target\":[\"https:\\\/\\\/www.tfsoleodinamica.it\\\/samhydraulik-2\\\/\"]}]},{\"@type\":\"ImageObject\",\"inLanguage\":\"fr-FR\",\"@id\":\"https:\\\/\\\/www.tfsoleodinamica.it\\\/samhydraulik-2\\\/#primaryimage\",\"url\":\"https:\\\/\\\/www.tfsoleodinamica.it\\\/wp-content\\\/uploads\\\/samhydraulik_motori_pistoni_assiali_cilindrata_fissa_-serie_sh1c.jpg\",\"contentUrl\":\"https:\\\/\\\/www.tfsoleodinamica.it\\\/wp-content\\\/uploads\\\/samhydraulik_motori_pistoni_assiali_cilindrata_fissa_-serie_sh1c.jpg\"},{\"@type\":\"BreadcrumbList\",\"@id\":\"https:\\\/\\\/www.tfsoleodinamica.it\\\/samhydraulik-2\\\/#breadcrumb\",\"itemListElement\":[{\"@type\":\"ListItem\",\"position\":1,\"name\":\"Home\",\"item\":\"https:\\\/\\\/www.tfsoleodinamica.it\\\/\"},{\"@type\":\"ListItem\",\"position\":2,\"name\":\"Samhydraulik\"}]},{\"@type\":\"WebSite\",\"@id\":\"https:\\\/\\\/www.tfsoleodinamica.it\\\/#website\",\"url\":\"https:\\\/\\\/www.tfsoleodinamica.it\\\/\",\"name\":\"TFS Oleodinamica - Assistance et revente Bosch Rexroth\",\"description\":\"Assistance et revente de produits pour l&#039;hydraulique\",\"publisher\":{\"@id\":\"https:\\\/\\\/www.tfsoleodinamica.it\\\/#organization\"},\"potentialAction\":[{\"@type\":\"SearchAction\",\"target\":{\"@type\":\"EntryPoint\",\"urlTemplate\":\"https:\\\/\\\/www.tfsoleodinamica.it\\\/?s={search_term_string}\"},\"query-input\":{\"@type\":\"PropertyValueSpecification\",\"valueRequired\":true,\"valueName\":\"search_term_string\"}}],\"inLanguage\":\"fr-FR\"},{\"@type\":\"Organization\",\"@id\":\"https:\\\/\\\/www.tfsoleodinamica.it\\\/#organization\",\"name\":\"Tecno Fluid Service Srl\",\"url\":\"https:\\\/\\\/www.tfsoleodinamica.it\\\/\",\"logo\":{\"@type\":\"ImageObject\",\"inLanguage\":\"fr-FR\",\"@id\":\"https:\\\/\\\/www.tfsoleodinamica.it\\\/#\\\/schema\\\/logo\\\/image\\\/\",\"url\":\"https:\\\/\\\/www.tfsoleodinamica.it\\\/wp-content\\\/uploads\\\/logo-tfs.png\",\"contentUrl\":\"https:\\\/\\\/www.tfsoleodinamica.it\\\/wp-content\\\/uploads\\\/logo-tfs.png\",\"width\":82,\"height\":80,\"caption\":\"Tecno Fluid Service Srl\"},\"image\":{\"@id\":\"https:\\\/\\\/www.tfsoleodinamica.it\\\/#\\\/schema\\\/logo\\\/image\\\/\"},\"sameAs\":[\"http:\\\/\\\/www.facebook.com\\\/tfsoleodinamica\",\"http:\\\/\\\/www.linkedin.com\\\/company\\\/tfs-srl-tecno-fluid-service\",\"http:\\\/\\\/www.youtube.com\\\/watch?v=8XDyMn9zUQI\"]}]}<\/script>\n<!-- \/ Yoast SEO plugin. -->","yoast_head_json":{"title":"Samhydraulik - TFS Oleodinamica. Assistenza e rivendita","description":"Samhydraulik \u00e8 una solida realt\u00e0 industriale che, da oltre quarant\u2019anni, fornisce ai suoi clienti prodotti affidabili e soluzioni innovative e funzionali","robots":{"index":"index","follow":"follow","max-snippet":"max-snippet:-1","max-image-preview":"max-image-preview:large","max-video-preview":"max-video-preview:-1"},"canonical":"https:\/\/www.tfsoleodinamica.it\/samhydraulik-2\/","og_locale":"fr_FR","og_type":"article","og_title":"Samhydraulik - TFS Oleodinamica. Assistenza e rivendita","og_description":"Samhydraulik \u00e8 una solida realt\u00e0 industriale che, da oltre quarant\u2019anni, fornisce ai suoi clienti prodotti affidabili e soluzioni innovative e funzionali","og_url":"https:\/\/www.tfsoleodinamica.it\/samhydraulik-2\/","og_site_name":"TFS Oleodinamica - Assistance et revente Bosch Rexroth","article_publisher":"http:\/\/www.facebook.com\/tfsoleodinamica","article_modified_time":"2026-04-14T07:36:31+00:00","og_image":[{"url":"https:\/\/www.tfsoleodinamica.it\/wp-content\/uploads\/samhydraulik_motori_pistoni_assiali_cilindrata_fissa_-serie_sh1c.jpg","type":"","width":"","height":""}],"twitter_card":"summary_large_image","twitter_title":"Samhydraulik - TFS Oleodinamica. Assistenza e rivendita","twitter_description":"Samhydraulik \u00e8 una solida realt\u00e0 industriale che, da oltre quarant\u2019anni, fornisce ai suoi clienti prodotti affidabili e soluzioni innovative e funzionali","twitter_misc":{"Dur\u00e9e de lecture estim\u00e9e":"3 minutes"},"schema":{"@context":"https:\/\/schema.org","@graph":[{"@type":"WebPage","@id":"https:\/\/www.tfsoleodinamica.it\/samhydraulik-2\/","url":"https:\/\/www.tfsoleodinamica.it\/samhydraulik-2\/","name":"Samhydraulik - TFS Oleodinamica. Assistenza e rivendita","isPartOf":{"@id":"https:\/\/www.tfsoleodinamica.it\/#website"},"primaryImageOfPage":{"@id":"https:\/\/www.tfsoleodinamica.it\/samhydraulik-2\/#primaryimage"},"image":{"@id":"https:\/\/www.tfsoleodinamica.it\/samhydraulik-2\/#primaryimage"},"thumbnailUrl":"https:\/\/www.tfsoleodinamica.it\/wp-content\/uploads\/samhydraulik_motori_pistoni_assiali_cilindrata_fissa_-serie_sh1c.jpg","datePublished":"2017-04-12T13:25:25+00:00","dateModified":"2026-04-14T07:36:31+00:00","description":"Samhydraulik \u00e8 una solida realt\u00e0 industriale che, da oltre quarant\u2019anni, fornisce ai suoi clienti prodotti affidabili e soluzioni innovative e funzionali","breadcrumb":{"@id":"https:\/\/www.tfsoleodinamica.it\/samhydraulik-2\/#breadcrumb"},"inLanguage":"fr-FR","potentialAction":[{"@type":"ReadAction","target":["https:\/\/www.tfsoleodinamica.it\/samhydraulik-2\/"]}]},{"@type":"ImageObject","inLanguage":"fr-FR","@id":"https:\/\/www.tfsoleodinamica.it\/samhydraulik-2\/#primaryimage","url":"https:\/\/www.tfsoleodinamica.it\/wp-content\/uploads\/samhydraulik_motori_pistoni_assiali_cilindrata_fissa_-serie_sh1c.jpg","contentUrl":"https:\/\/www.tfsoleodinamica.it\/wp-content\/uploads\/samhydraulik_motori_pistoni_assiali_cilindrata_fissa_-serie_sh1c.jpg"},{"@type":"BreadcrumbList","@id":"https:\/\/www.tfsoleodinamica.it\/samhydraulik-2\/#breadcrumb","itemListElement":[{"@type":"ListItem","position":1,"name":"Home","item":"https:\/\/www.tfsoleodinamica.it\/"},{"@type":"ListItem","position":2,"name":"Samhydraulik"}]},{"@type":"WebSite","@id":"https:\/\/www.tfsoleodinamica.it\/#website","url":"https:\/\/www.tfsoleodinamica.it\/","name":"TFS Oleodinamica - Assistance et revente Bosch Rexroth","description":"Assistance et revente de produits pour l&#039;hydraulique","publisher":{"@id":"https:\/\/www.tfsoleodinamica.it\/#organization"},"potentialAction":[{"@type":"SearchAction","target":{"@type":"EntryPoint","urlTemplate":"https:\/\/www.tfsoleodinamica.it\/?s={search_term_string}"},"query-input":{"@type":"PropertyValueSpecification","valueRequired":true,"valueName":"search_term_string"}}],"inLanguage":"fr-FR"},{"@type":"Organization","@id":"https:\/\/www.tfsoleodinamica.it\/#organization","name":"Tecno Fluid Service Srl","url":"https:\/\/www.tfsoleodinamica.it\/","logo":{"@type":"ImageObject","inLanguage":"fr-FR","@id":"https:\/\/www.tfsoleodinamica.it\/#\/schema\/logo\/image\/","url":"https:\/\/www.tfsoleodinamica.it\/wp-content\/uploads\/logo-tfs.png","contentUrl":"https:\/\/www.tfsoleodinamica.it\/wp-content\/uploads\/logo-tfs.png","width":82,"height":80,"caption":"Tecno Fluid Service Srl"},"image":{"@id":"https:\/\/www.tfsoleodinamica.it\/#\/schema\/logo\/image\/"},"sameAs":["http:\/\/www.facebook.com\/tfsoleodinamica","http:\/\/www.linkedin.com\/company\/tfs-srl-tecno-fluid-service","http:\/\/www.youtube.com\/watch?v=8XDyMn9zUQI"]}]}},"_links":{"self":[{"href":"https:\/\/www.tfsoleodinamica.it\/fr\/wp-json\/wp\/v2\/pages\/805","targetHints":{"allow":["GET"]}}],"collection":[{"href":"https:\/\/www.tfsoleodinamica.it\/fr\/wp-json\/wp\/v2\/pages"}],"about":[{"href":"https:\/\/www.tfsoleodinamica.it\/fr\/wp-json\/wp\/v2\/types\/page"}],"author":[{"embeddable":true,"href":"https:\/\/www.tfsoleodinamica.it\/fr\/wp-json\/wp\/v2\/users\/1"}],"replies":[{"embeddable":true,"href":"https:\/\/www.tfsoleodinamica.it\/fr\/wp-json\/wp\/v2\/comments?post=805"}],"version-history":[{"count":1,"href":"https:\/\/www.tfsoleodinamica.it\/fr\/wp-json\/wp\/v2\/pages\/805\/revisions"}],"predecessor-version":[{"id":6146,"href":"https:\/\/www.tfsoleodinamica.it\/fr\/wp-json\/wp\/v2\/pages\/805\/revisions\/6146"}],"wp:attachment":[{"href":"https:\/\/www.tfsoleodinamica.it\/fr\/wp-json\/wp\/v2\/media?parent=805"}],"curies":[{"name":"wp","href":"https:\/\/api.w.org\/{rel}","templated":true}]}}