{"id":649,"date":"2017-04-07T12:52:50","date_gmt":"2017-04-07T12:52:50","guid":{"rendered":"https:\/\/www.tfsoleodinamica.it\/?page_id=649"},"modified":"2026-04-14T07:36:15","modified_gmt":"2026-04-14T07:36:15","slug":"commercial-hydraulics","status":"publish","type":"page","link":"https:\/\/www.tfsoleodinamica.it\/fr\/commercial-hydraulics\/","title":{"rendered":"Hydraulique commerciale"},"content":{"rendered":"<div class=\"wpb-content-wrapper\">[vc_row][vc_column][vc_text_separator title=\u00a0\u00bbPRODUITS &#038;gt ; HYDRAULICS COMMERCIAUX\u00a0\u00bb][\/vc_column][\/vc_row][vc_row][vc_column width=\u00a0\u00bb1\/6&Prime;][\/vc_column][vc_column width=\u00a0\u00bb2\/3&Prime;][vc_column_text]\n<div class=\"csc-header csc-header-n1\">\n<p style=\"text-align: justify;\">Rattach\u00e9e au groupe Parker, dont elle fait partie \u00e0 part enti\u00e8re, <strong>Commercial Hydraulics<\/strong> est un nom historique dans le domaine des pompes hydrauliques, des moteurs hydrauliques \u00e0 engrenages, des pompes hydrauliques \u00e0 pistons, des diviseurs de d\u00e9bit hydrauliques et des vannes hydrauliques. <strong>TFS Oleodinamica<\/strong> continue de choisir Commercial pour les normes de qualit\u00e9 \u00e9lev\u00e9es qui l&#x27;ont toujours caract\u00e9ris\u00e9e et qui, aujourd&#x27;hui, la rapprochent de Parker.<\/p>\n<p><strong>\u00a0<\/strong><\/p>\n<\/div>\n[\/vc_column_text][\/vc_column][vc_column width=\u00a0\u00bb1\/6&Prime;][\/vc_column][\/vc_row][vc_row fullwidth=\u00a0\u00bbtrue\u00a0\u00bb equal_columns=\u00a0\u00bbtrue\u00a0\u00bb attached=\u00a0\u00bbtrue\u00a0\u00bb][vc_column width=\u00a0\u00bb1\/3&Prime; offset=\u00a0\u00bbvc_hidden-md vc_hidden-sm vc_hidden-xs\u00a0\u00bb][vc_separator color=\u00a0\u00bbcustom\u00a0\u00bb border_width=\u00a0\u00bb10&Prime; accent_color=\u00a0\u00bb#db022a\u00a0\u00bb][\/vc_column][vc_column width=\u00a0\u00bb1\/3&Prime; css=\u00a0\u00bb.vc_custom_1494487520063{margin-top: -15px !important;}\u00a0\u00bb][vc_single_image image=\u00a0\u00bb411&Prime; img_size=\u00a0\u00bbfull\u00a0\u00bb alignment=\u00a0\u00bbcenter\u00a0\u00bb][\/vc_column][vc_column width=\u00a0\u00bb1\/3&Prime; offset=\u00a0\u00bbvc_hidden-md vc_hidden-sm vc_hidden-xs\u00a0\u00bb][vc_separator color=\u00a0\u00bbcustom\u00a0\u00bb border_width=\u00a0\u00bb10&Prime; accent_color=\u00a0\u00bb#db022a\u00a0\u00bb][\/vc_column][\/vc_row][vc_row][vc_column width=\u00a0\u00bb2\/3&Prime;][mk_table]\n<table style=\"width: 100%;\">\n<tbody>\n<tr style=\"height: 157px;\">\n<td style=\"text-align: left; width: 25%; height: 166px;\"><img loading=\"lazy\" decoding=\"async\" src=\"https:\/\/www.tfsoleodinamica.it\/wp-content\/uploads\/tfs_immagine-non-disponibile-01.jpg\" alt=\"\" width=\"150\" height=\"150\" \/><\/td>\n<td style=\"width: 53.3614%; text-align: left; vertical-align: middle; height: 166px;\">Pompe a cilindrata fissa serie SNP: SNP1NN, SNP2NN, SNP3NN &amp; SNP4NN<\/td>\n<\/tr>\n<tr style=\"height: 157px;\">\n<td style=\"text-align: left; width: 25%; height: 166px;\"><img loading=\"lazy\" decoding=\"async\" src=\"https:\/\/www.tfsoleodinamica.it\/wp-content\/uploads\/tfs_immagine-non-disponibile-01.jpg\" alt=\"\" width=\"150\" height=\"150\" \/><\/td>\n<td style=\"width: 53.3614%; text-align: left; vertical-align: middle; height: 166px;\">Pompe a cilindrata fissa serie P: P30\/31, P50\/51, P75\/76, P315, P330, P350 e P365<\/td>\n<\/tr>\n<tr style=\"height: 157px;\">\n<td style=\"text-align: left; width: 25%; height: 166px;\"><img loading=\"lazy\" decoding=\"async\" src=\"https:\/\/www.tfsoleodinamica.it\/wp-content\/uploads\/tfs_immagine-non-disponibile-01.jpg\" alt=\"\" width=\"150\" height=\"150\" \/><\/td>\n<td style=\"width: 53.3614%; text-align: left; vertical-align: middle; height: 166px;\">Pompe ad elevate prestazioni fisse: F12<\/td>\n<\/tr>\n<tr style=\"height: 157px;\">\n<td style=\"text-align: left; width: 25%; height: 166px;\"><img loading=\"lazy\" decoding=\"async\" src=\"https:\/\/www.tfsoleodinamica.it\/wp-content\/uploads\/tfs_immagine-non-disponibile-01.jpg\" alt=\"\" width=\"150\" height=\"150\" \/><\/td>\n<td style=\"width: 53.3614%; text-align: left; vertical-align: middle; height: 166px;\">Pompe a palette a forma cingola o multistadio<\/td>\n<\/tr>\n<tr style=\"height: 157px;\">\n<td style=\"text-align: left; width: 25%; height: 166px;\"><img loading=\"lazy\" decoding=\"async\" src=\"https:\/\/www.tfsoleodinamica.it\/wp-content\/uploads\/tfs_immagine-non-disponibile-01.jpg\" alt=\"\" width=\"150\" height=\"150\" \/><\/td>\n<td style=\"width: 53.3614%; text-align: left; vertical-align: middle; height: 166px;\">Pompe a circuito chiuso Serie 45 e Serie 90<\/td>\n<\/tr>\n<tr style=\"height: 157px;\">\n<td style=\"text-align: left; width: 25%; height: 166px;\"><img loading=\"lazy\" decoding=\"async\" src=\"https:\/\/www.tfsoleodinamica.it\/wp-content\/uploads\/commercial-pgp-pgm-315-series-1.jpg\" alt=\"\" width=\"150\" height=\"150\" \/><\/td>\n<td style=\"width: 53.3614%; text-align: left; vertical-align: middle; height: 166px;\">Pompa Commercial serie PGV-PGM-315<\/td>\n<\/tr>\n<tr style=\"height: 157px;\">\n<td style=\"text-align: left; width: 25%; height: 157px;\"><img loading=\"lazy\" decoding=\"async\" src=\"https:\/\/www.tfsoleodinamica.it\/wp-content\/uploads\/commercial-hydraulics-p-pgp-pgm-30-series-1.jpg\" alt=\"\" width=\"150\" height=\"150\" \/><\/td>\n<td style=\"width: 53.3614%; text-align: left; vertical-align: middle; height: 157px;\">Pompa Commercial serie P-PGP-PGM-30<\/td>\n<\/tr>\n<tr style=\"height: 157px;\">\n<td style=\"text-align: left; width: 25%; height: 157px;\"><img loading=\"lazy\" decoding=\"async\" src=\"https:\/\/www.tfsoleodinamica.it\/wp-content\/uploads\/commercial-hydraulics-p-pgp-pgm-30-series-1.jpg\" alt=\"\" width=\"150\" height=\"150\" \/><\/td>\n<td style=\"width: 53.3614%; text-align: left; vertical-align: middle; height: 157px;\">Pompa Commercial serie P-PGP-PGM-50<\/td>\n<\/tr>\n<tr style=\"height: 157px;\">\n<td style=\"text-align: left; width: 25%; height: 157px;\"><img loading=\"lazy\" decoding=\"async\" src=\"https:\/\/www.tfsoleodinamica.it\/wp-content\/uploads\/commercial-hydraulics-p-pgp-pgm-30-series-1.jpg\" alt=\"\" width=\"150\" height=\"150\" \/><\/td>\n<td style=\"width: 53.3614%; text-align: left; vertical-align: middle; height: 157px;\">Pompa Commercial serie P-PGP-PGM-075<\/td>\n<\/tr>\n<tr style=\"height: 157px;\">\n<td style=\"text-align: left; width: 25%; height: 157px;\"><img loading=\"lazy\" decoding=\"async\" src=\"https:\/\/www.tfsoleodinamica.it\/wp-content\/uploads\/commercial-pgp-pgm-315-series-1.jpg\" alt=\"\" width=\"150\" height=\"150\" \/><\/td>\n<td style=\"width: 53.3614%; text-align: left; vertical-align: middle; height: 157px;\">Pompa Commercial serie PVG-PGM-330<\/td>\n<\/tr>\n<\/tbody>\n<\/table>\n[\/mk_table][\/vc_column][vc_column width=\u00a0\u00bb1\/3&Prime;][vc_custom_heading text=\u00a0\u00bbDEMANDER UN DEVIS\u00a0\u00bb font_container=\u00a0\u00bbtag:h1|text_align:left\u00a0\u00bb use_theme_fonts=\u00a0\u00bbyes\u00a0\u00bb]\n<div class=\"wpcf7 no-js\" id=\"wpcf7-f232-o3\" lang=\"it-IT\" dir=\"ltr\" data-wpcf7-id=\"232\">\n<div class=\"screen-reader-response\"><p role=\"status\" aria-live=\"polite\" aria-atomic=\"true\"><\/p> <ul><\/ul><\/div>\n<form action=\"\/fr\/wp-json\/wp\/v2\/pages\/649#wpcf7-f232-o3\" method=\"post\" class=\"wpcf7-form init\" aria-label=\"Contact form\" enctype=\"multipart\/form-data\" novalidate=\"novalidate\" data-status=\"init\">\n<fieldset class=\"hidden-fields-container\"><input type=\"hidden\" name=\"_wpcf7\" value=\"232\" \/><input type=\"hidden\" name=\"_wpcf7_version\" value=\"6.1.5\" \/><input type=\"hidden\" name=\"_wpcf7_locale\" value=\"it_IT\" \/><input type=\"hidden\" name=\"_wpcf7_unit_tag\" value=\"wpcf7-f232-o3\" \/><input type=\"hidden\" name=\"_wpcf7_container_post\" value=\"0\" \/><input type=\"hidden\" name=\"_wpcf7_posted_data_hash\" value=\"\" \/><input type=\"hidden\" name=\"_wpcf7cf_hidden_group_fields\" value=\"[]\" \/><input type=\"hidden\" name=\"_wpcf7cf_hidden_groups\" value=\"[]\" \/><input type=\"hidden\" name=\"_wpcf7cf_visible_groups\" value=\"[]\" \/><input type=\"hidden\" name=\"_wpcf7cf_repeaters\" value=\"[]\" \/><input type=\"hidden\" name=\"_wpcf7cf_steps\" value=\"{}\" \/><input type=\"hidden\" name=\"_wpcf7cf_options\" value=\"{&quot;form_id&quot;:232,&quot;conditions&quot;:[],&quot;settings&quot;:{&quot;animation&quot;:&quot;yes&quot;,&quot;animation_intime&quot;:200,&quot;animation_outtime&quot;:200,&quot;conditions_ui&quot;:&quot;normal&quot;,&quot;notice_dismissed&quot;:false,&quot;notice_dismissed_update-cf7-5.6.4&quot;:true,&quot;notice_dismissed_update-cf7-6.1.5&quot;:true}}\" \/><input type=\"hidden\" name=\"_wpcf7dtx_version\" value=\"5.0.5\" \/>\n<\/fieldset>\n<p><label>Nom et Pr\u00e9nom \/ Entreprise*<br \/>\n<span class=\"wpcf7-form-control-wrap\" data-name=\"your-name\"><input size=\"40\" maxlength=\"400\" class=\"wpcf7-form-control wpcf7-text wpcf7-validates-as-required\" aria-required=\"true\" aria-invalid=\"false\" value=\"\" type=\"text\" name=\"your-name\" \/><\/span> <\/label>\n<\/p>\n<p><label>T\u00e9l\u00e9phone*<br \/>\n<span class=\"wpcf7-form-control-wrap\" data-name=\"telefono\"><input size=\"40\" maxlength=\"400\" class=\"wpcf7-form-control wpcf7-text\" aria-invalid=\"false\" value=\"\" type=\"text\" name=\"telefono\" \/><\/span><\/label>\n<\/p>\n<p><label> email*<br \/>\n<span class=\"wpcf7-form-control-wrap\" data-name=\"your-email\"><input size=\"40\" maxlength=\"400\" class=\"wpcf7-form-control wpcf7-email wpcf7-validates-as-required wpcf7-text wpcf7-validates-as-email\" aria-required=\"true\" aria-invalid=\"false\" value=\"\" type=\"email\" name=\"your-email\" \/><\/span> <\/label>\n<\/p>\n<p><label>Nation*<br \/>\n<span class=\"wpcf7-form-control-wrap\" data-name=\"nazione\"><input size=\"40\" maxlength=\"400\" class=\"wpcf7-form-control wpcf7-text wpcf7-validates-as-required\" aria-required=\"true\" aria-invalid=\"false\" value=\"\" type=\"text\" name=\"nazione\" \/><\/span> <\/label>\n<\/p>\n<p><label>Object<br \/>\n<span class=\"wpcf7-form-control-wrap dynamictext-756\" data-name=\"dynamictext-756\"><input type=\"text\" name=\"dynamictext-756\" class=\"wpcf7-form-control wpcf7-text wpcf7dtx wpcf7dtx-text\" aria-invalid=\"false\" value=\"Hydraulique commerciale\"><\/span><br \/>\n<\/label>\n<\/p>\n<p><label>Demande<br \/>\n<span class=\"wpcf7-form-control-wrap\" data-name=\"your-message\"><textarea cols=\"40\" rows=\"10\" maxlength=\"2000\" class=\"wpcf7-form-control wpcf7-textarea\" aria-invalid=\"false\" name=\"your-message\"><\/textarea><\/span> <\/label>\n<\/p>\n<p><label> Joindre un fichier<br \/>\n<span class=\"wpcf7-form-control-wrap\" data-name=\"file-393\"><input size=\"40\" class=\"wpcf7-form-control wpcf7-file\" accept=\"audio\/*,video\/*,image\/*\" aria-invalid=\"false\" type=\"file\" name=\"file-393\" \/><\/span><br \/>\n<\/label>\n<\/p>\n<p><label><br \/>\n<span class=\"wpcf7-form-control-wrap\" data-name=\"quiz-938\"><label><span class=\"wpcf7-quiz-label\">3 + 5?<\/span> <input size=\"40\" class=\"wpcf7-form-control wpcf7-quiz\" autocomplete=\"off\" aria-required=\"true\" aria-invalid=\"false\" type=\"text\" name=\"quiz-938\" \/><\/label><input type=\"hidden\" name=\"_wpcf7_quiz_answer_quiz-938\" value=\"e3e1fd68b278caef437d64e9a7e3ee47\" \/><\/span><br \/>\n<\/label>\n<\/p>\n<p><input class=\"wpcf7-form-control wpcf7-submit has-spinner\" type=\"submit\" value=\"Envoie\" \/>\n<\/p><div class=\"wpcf7-response-output\" aria-hidden=\"true\"><\/div>\n<\/form>\n<\/div>\n[\/vc_column][\/vc_row][vc_row][vc_column][vc_empty_space][\/vc_column][\/vc_row]\n<\/div>","protected":false},"excerpt":{"rendered":"<p>[vc_row][vc_column][vc_text_separator title=\u00a0\u00bbPRODUITS &#038;gt ; HYDRAULICS COMMERCIAUX\u00a0\u00bb][\/vc_column][\/vc_row][vc_row][vc_column width=\u00a0\u00bb1\/6&Prime;][\/vc_column][vc_column width=\u00a0\u00bb2\/3&Prime;][vc_column_text] Rattach\u00e9e au groupe Parker, dont elle fait partie \u00e0 part enti\u00e8re, Commercial Hydraulics est un nom historique dans le domaine des pompes hydrauliques, des moteurs hydrauliques \u00e0 engrenages, des pompes hydrauliques \u00e0 pistons, des diviseurs de d\u00e9bit hydrauliques et des vannes hydrauliques. TFS Oleodinamica continue de choisir [&hellip;]<\/p>\n","protected":false},"author":1,"featured_media":0,"parent":0,"menu_order":0,"comment_status":"closed","ping_status":"closed","template":"","meta":{"footnotes":""},"class_list":["post-649","page","type-page","status-publish","hentry"],"yoast_head":"<!-- This site is optimized with the Yoast SEO plugin v27.4 - https:\/\/yoast.com\/product\/yoast-seo-wordpress\/ -->\n<title>Hydraulique commerciale - TFS Oleodinamica - Assistenza e rivendita<\/title>\n<meta name=\"description\" content=\"La Commercial Hydraulics \u00e8 un nome storico nel mondo delle pompe, dei motori ad ingranaggi, delle pompe a pistoni, dei divisori di flusso e delle valvole.\" \/>\n<meta name=\"robots\" content=\"index, follow, max-snippet:-1, max-image-preview:large, max-video-preview:-1\" \/>\n<link rel=\"canonical\" href=\"https:\/\/www.tfsoleodinamica.it\/commercial-hydraulics\/\" \/>\n<meta property=\"og:locale\" content=\"fr_FR\" \/>\n<meta property=\"og:type\" content=\"article\" \/>\n<meta property=\"og:title\" content=\"Commercial Hydraulics. TFS Oleodinamica - Assistenza e rivendita\" \/>\n<meta property=\"og:description\" content=\"La Commercial Hydraulics \u00e8 un nome storico nel mondo delle pompe, dei motori ad ingranaggi, delle pompe a pistoni, dei divisori di flusso e delle valvole.\" \/>\n<meta property=\"og:url\" content=\"https:\/\/www.tfsoleodinamica.it\/commercial-hydraulics\/\" \/>\n<meta property=\"og:site_name\" content=\"TFS Oleodinamica - Assistance et revente Bosch Rexroth\" \/>\n<meta property=\"article:publisher\" content=\"http:\/\/www.facebook.com\/tfsoleodinamica\" \/>\n<meta property=\"article:modified_time\" content=\"2026-04-14T07:36:15+00:00\" \/>\n<meta property=\"og:image\" content=\"https:\/\/www.tfsoleodinamica.it\/wp-content\/uploads\/tfs_immagine-non-disponibile-01.jpg\" \/>\n<meta name=\"twitter:card\" content=\"summary_large_image\" \/>\n<meta name=\"twitter:title\" content=\"Commercial Hydraulics. TFS Oleodinamica - Assistenza e rivendita\" \/>\n<meta name=\"twitter:description\" content=\"La Commercial Hydraulics \u00e8 un nome storico nel mondo delle pompe, dei motori ad ingranaggi, delle pompe a pistoni, dei divisori di flusso e delle valvole.\" \/>\n<meta name=\"twitter:label1\" content=\"Dur\u00e9e de lecture estim\u00e9e\" \/>\n\t<meta name=\"twitter:data1\" content=\"3 minutes\" \/>\n<script type=\"application\/ld+json\" class=\"yoast-schema-graph\">{\"@context\":\"https:\\\/\\\/schema.org\",\"@graph\":[{\"@type\":\"WebPage\",\"@id\":\"https:\\\/\\\/www.tfsoleodinamica.it\\\/commercial-hydraulics\\\/\",\"url\":\"https:\\\/\\\/www.tfsoleodinamica.it\\\/commercial-hydraulics\\\/\",\"name\":\"Hydraulique commerciale - TFS Oleodinamica - Assistenza e rivendita\",\"isPartOf\":{\"@id\":\"https:\\\/\\\/www.tfsoleodinamica.it\\\/#website\"},\"primaryImageOfPage\":{\"@id\":\"https:\\\/\\\/www.tfsoleodinamica.it\\\/commercial-hydraulics\\\/#primaryimage\"},\"image\":{\"@id\":\"https:\\\/\\\/www.tfsoleodinamica.it\\\/commercial-hydraulics\\\/#primaryimage\"},\"thumbnailUrl\":\"https:\\\/\\\/www.tfsoleodinamica.it\\\/wp-content\\\/uploads\\\/tfs_immagine-non-disponibile-01.jpg\",\"datePublished\":\"2017-04-07T12:52:50+00:00\",\"dateModified\":\"2026-04-14T07:36:15+00:00\",\"description\":\"La Commercial Hydraulics \u00e8 un nome storico nel mondo delle pompe, dei motori ad ingranaggi, delle pompe a pistoni, dei divisori di flusso e delle valvole.\",\"breadcrumb\":{\"@id\":\"https:\\\/\\\/www.tfsoleodinamica.it\\\/commercial-hydraulics\\\/#breadcrumb\"},\"inLanguage\":\"fr-FR\",\"potentialAction\":[{\"@type\":\"ReadAction\",\"target\":[\"https:\\\/\\\/www.tfsoleodinamica.it\\\/commercial-hydraulics\\\/\"]}]},{\"@type\":\"ImageObject\",\"inLanguage\":\"fr-FR\",\"@id\":\"https:\\\/\\\/www.tfsoleodinamica.it\\\/commercial-hydraulics\\\/#primaryimage\",\"url\":\"https:\\\/\\\/www.tfsoleodinamica.it\\\/wp-content\\\/uploads\\\/tfs_immagine-non-disponibile-01.jpg\",\"contentUrl\":\"https:\\\/\\\/www.tfsoleodinamica.it\\\/wp-content\\\/uploads\\\/tfs_immagine-non-disponibile-01.jpg\"},{\"@type\":\"BreadcrumbList\",\"@id\":\"https:\\\/\\\/www.tfsoleodinamica.it\\\/commercial-hydraulics\\\/#breadcrumb\",\"itemListElement\":[{\"@type\":\"ListItem\",\"position\":1,\"name\":\"Home\",\"item\":\"https:\\\/\\\/www.tfsoleodinamica.it\\\/\"},{\"@type\":\"ListItem\",\"position\":2,\"name\":\"Commercial Hydraulics\"}]},{\"@type\":\"WebSite\",\"@id\":\"https:\\\/\\\/www.tfsoleodinamica.it\\\/#website\",\"url\":\"https:\\\/\\\/www.tfsoleodinamica.it\\\/\",\"name\":\"TFS Oleodinamica - Assistance et revente Bosch Rexroth\",\"description\":\"Assistance et revente de produits pour l&#039;hydraulique\",\"publisher\":{\"@id\":\"https:\\\/\\\/www.tfsoleodinamica.it\\\/#organization\"},\"potentialAction\":[{\"@type\":\"SearchAction\",\"target\":{\"@type\":\"EntryPoint\",\"urlTemplate\":\"https:\\\/\\\/www.tfsoleodinamica.it\\\/?s={search_term_string}\"},\"query-input\":{\"@type\":\"PropertyValueSpecification\",\"valueRequired\":true,\"valueName\":\"search_term_string\"}}],\"inLanguage\":\"fr-FR\"},{\"@type\":\"Organization\",\"@id\":\"https:\\\/\\\/www.tfsoleodinamica.it\\\/#organization\",\"name\":\"Tecno Fluid Service Srl\",\"url\":\"https:\\\/\\\/www.tfsoleodinamica.it\\\/\",\"logo\":{\"@type\":\"ImageObject\",\"inLanguage\":\"fr-FR\",\"@id\":\"https:\\\/\\\/www.tfsoleodinamica.it\\\/#\\\/schema\\\/logo\\\/image\\\/\",\"url\":\"https:\\\/\\\/www.tfsoleodinamica.it\\\/wp-content\\\/uploads\\\/logo-tfs.png\",\"contentUrl\":\"https:\\\/\\\/www.tfsoleodinamica.it\\\/wp-content\\\/uploads\\\/logo-tfs.png\",\"width\":82,\"height\":80,\"caption\":\"Tecno Fluid Service Srl\"},\"image\":{\"@id\":\"https:\\\/\\\/www.tfsoleodinamica.it\\\/#\\\/schema\\\/logo\\\/image\\\/\"},\"sameAs\":[\"http:\\\/\\\/www.facebook.com\\\/tfsoleodinamica\",\"http:\\\/\\\/www.linkedin.com\\\/company\\\/tfs-srl-tecno-fluid-service\",\"http:\\\/\\\/www.youtube.com\\\/watch?v=8XDyMn9zUQI\"]}]}<\/script>\n<!-- \/ Yoast SEO plugin. -->","yoast_head_json":{"title":"Hydraulique commerciale - TFS Oleodinamica - Assistenza e rivendita","description":"La Commercial Hydraulics \u00e8 un nome storico nel mondo delle pompe, dei motori ad ingranaggi, delle pompe a pistoni, dei divisori di flusso e delle valvole.","robots":{"index":"index","follow":"follow","max-snippet":"max-snippet:-1","max-image-preview":"max-image-preview:large","max-video-preview":"max-video-preview:-1"},"canonical":"https:\/\/www.tfsoleodinamica.it\/commercial-hydraulics\/","og_locale":"fr_FR","og_type":"article","og_title":"Commercial Hydraulics. TFS Oleodinamica - Assistenza e rivendita","og_description":"La Commercial Hydraulics \u00e8 un nome storico nel mondo delle pompe, dei motori ad ingranaggi, delle pompe a pistoni, dei divisori di flusso e delle valvole.","og_url":"https:\/\/www.tfsoleodinamica.it\/commercial-hydraulics\/","og_site_name":"TFS Oleodinamica - Assistance et revente Bosch Rexroth","article_publisher":"http:\/\/www.facebook.com\/tfsoleodinamica","article_modified_time":"2026-04-14T07:36:15+00:00","og_image":[{"url":"https:\/\/www.tfsoleodinamica.it\/wp-content\/uploads\/tfs_immagine-non-disponibile-01.jpg","type":"","width":"","height":""}],"twitter_card":"summary_large_image","twitter_title":"Commercial Hydraulics. TFS Oleodinamica - Assistenza e rivendita","twitter_description":"La Commercial Hydraulics \u00e8 un nome storico nel mondo delle pompe, dei motori ad ingranaggi, delle pompe a pistoni, dei divisori di flusso e delle valvole.","twitter_misc":{"Dur\u00e9e de lecture estim\u00e9e":"3 minutes"},"schema":{"@context":"https:\/\/schema.org","@graph":[{"@type":"WebPage","@id":"https:\/\/www.tfsoleodinamica.it\/commercial-hydraulics\/","url":"https:\/\/www.tfsoleodinamica.it\/commercial-hydraulics\/","name":"Hydraulique commerciale - TFS Oleodinamica - Assistenza e rivendita","isPartOf":{"@id":"https:\/\/www.tfsoleodinamica.it\/#website"},"primaryImageOfPage":{"@id":"https:\/\/www.tfsoleodinamica.it\/commercial-hydraulics\/#primaryimage"},"image":{"@id":"https:\/\/www.tfsoleodinamica.it\/commercial-hydraulics\/#primaryimage"},"thumbnailUrl":"https:\/\/www.tfsoleodinamica.it\/wp-content\/uploads\/tfs_immagine-non-disponibile-01.jpg","datePublished":"2017-04-07T12:52:50+00:00","dateModified":"2026-04-14T07:36:15+00:00","description":"La Commercial Hydraulics \u00e8 un nome storico nel mondo delle pompe, dei motori ad ingranaggi, delle pompe a pistoni, dei divisori di flusso e delle valvole.","breadcrumb":{"@id":"https:\/\/www.tfsoleodinamica.it\/commercial-hydraulics\/#breadcrumb"},"inLanguage":"fr-FR","potentialAction":[{"@type":"ReadAction","target":["https:\/\/www.tfsoleodinamica.it\/commercial-hydraulics\/"]}]},{"@type":"ImageObject","inLanguage":"fr-FR","@id":"https:\/\/www.tfsoleodinamica.it\/commercial-hydraulics\/#primaryimage","url":"https:\/\/www.tfsoleodinamica.it\/wp-content\/uploads\/tfs_immagine-non-disponibile-01.jpg","contentUrl":"https:\/\/www.tfsoleodinamica.it\/wp-content\/uploads\/tfs_immagine-non-disponibile-01.jpg"},{"@type":"BreadcrumbList","@id":"https:\/\/www.tfsoleodinamica.it\/commercial-hydraulics\/#breadcrumb","itemListElement":[{"@type":"ListItem","position":1,"name":"Home","item":"https:\/\/www.tfsoleodinamica.it\/"},{"@type":"ListItem","position":2,"name":"Commercial Hydraulics"}]},{"@type":"WebSite","@id":"https:\/\/www.tfsoleodinamica.it\/#website","url":"https:\/\/www.tfsoleodinamica.it\/","name":"TFS Oleodinamica - Assistance et revente Bosch Rexroth","description":"Assistance et revente de produits pour l&#039;hydraulique","publisher":{"@id":"https:\/\/www.tfsoleodinamica.it\/#organization"},"potentialAction":[{"@type":"SearchAction","target":{"@type":"EntryPoint","urlTemplate":"https:\/\/www.tfsoleodinamica.it\/?s={search_term_string}"},"query-input":{"@type":"PropertyValueSpecification","valueRequired":true,"valueName":"search_term_string"}}],"inLanguage":"fr-FR"},{"@type":"Organization","@id":"https:\/\/www.tfsoleodinamica.it\/#organization","name":"Tecno Fluid Service Srl","url":"https:\/\/www.tfsoleodinamica.it\/","logo":{"@type":"ImageObject","inLanguage":"fr-FR","@id":"https:\/\/www.tfsoleodinamica.it\/#\/schema\/logo\/image\/","url":"https:\/\/www.tfsoleodinamica.it\/wp-content\/uploads\/logo-tfs.png","contentUrl":"https:\/\/www.tfsoleodinamica.it\/wp-content\/uploads\/logo-tfs.png","width":82,"height":80,"caption":"Tecno Fluid Service Srl"},"image":{"@id":"https:\/\/www.tfsoleodinamica.it\/#\/schema\/logo\/image\/"},"sameAs":["http:\/\/www.facebook.com\/tfsoleodinamica","http:\/\/www.linkedin.com\/company\/tfs-srl-tecno-fluid-service","http:\/\/www.youtube.com\/watch?v=8XDyMn9zUQI"]}]}},"_links":{"self":[{"href":"https:\/\/www.tfsoleodinamica.it\/fr\/wp-json\/wp\/v2\/pages\/649","targetHints":{"allow":["GET"]}}],"collection":[{"href":"https:\/\/www.tfsoleodinamica.it\/fr\/wp-json\/wp\/v2\/pages"}],"about":[{"href":"https:\/\/www.tfsoleodinamica.it\/fr\/wp-json\/wp\/v2\/types\/page"}],"author":[{"embeddable":true,"href":"https:\/\/www.tfsoleodinamica.it\/fr\/wp-json\/wp\/v2\/users\/1"}],"replies":[{"embeddable":true,"href":"https:\/\/www.tfsoleodinamica.it\/fr\/wp-json\/wp\/v2\/comments?post=649"}],"version-history":[{"count":1,"href":"https:\/\/www.tfsoleodinamica.it\/fr\/wp-json\/wp\/v2\/pages\/649\/revisions"}],"predecessor-version":[{"id":6139,"href":"https:\/\/www.tfsoleodinamica.it\/fr\/wp-json\/wp\/v2\/pages\/649\/revisions\/6139"}],"wp:attachment":[{"href":"https:\/\/www.tfsoleodinamica.it\/fr\/wp-json\/wp\/v2\/media?parent=649"}],"curies":[{"name":"wp","href":"https:\/\/api.w.org\/{rel}","templated":true}]}}