{"id":6161,"date":"2026-04-14T22:03:53","date_gmt":"2026-04-14T22:03:53","guid":{"rendered":"https:\/\/www.tfsoleodinamica.it\/?page_id=6161"},"modified":"2026-04-15T16:29:55","modified_gmt":"2026-04-15T16:29:55","slug":"hagglunds","status":"publish","type":"page","link":"https:\/\/www.tfsoleodinamica.it\/fr\/hagglunds\/","title":{"rendered":"H\u00e4gglunds"},"content":{"rendered":"<div class=\"wpb-content-wrapper\">H\u00e4gglunds: Moteurs Hydrauliques \u00e0 Pistons Radiaux<\/h1>\n<h2>Revendeur et Partenaire Service H\u00e4gglunds \u2014 Moteurs \u00e0 Pistons Radiaux<\/h2>\n<h3>Moteurs \u00e0 Pistons Radiaux H\u00e4gglunds et Pi\u00e8ces Originales<\/h3>\n[vc_row fullwidth=\u00a0\u00bbtrue\u00a0\u00bb equal_columns=\u00a0\u00bbtrue\u00a0\u00bb attached=\u00a0\u00bbtrue\u00a0\u00bb visibility=\u00a0\u00bbhidden-sm\u00a0\u00bb][vc_column offset=\u00a0\u00bbvc_hidden-md vc_hidden-sm vc_hidden-xs\u00a0\u00bb][vc_separator color=\u00a0\u00bbwhite\u00a0\u00bb border_width=\u00a0\u00bb10&Prime; el_width=\u00a0\u00bb90&Prime; css=\u00a0\u00bb.vc_custom_1618414491659{margin-top: 50px !important;}\u00a0\u00bb][\/vc_column][\/vc_row][vc_row fullwidth=\u00a0\u00bbtrue\u00a0\u00bb equal_columns=\u00a0\u00bbtrue\u00a0\u00bb attached=\u00a0\u00bbtrue\u00a0\u00bb visibility=\u00a0\u00bbhidden-sm\u00a0\u00bb][vc_column width=\u00a0\u00bb5\/12&Prime; offset=\u00a0\u00bbvc_hidden-md vc_hidden-sm vc_hidden-xs\u00a0\u00bb][vc_separator color=\u00a0\u00bbcustom\u00a0\u00bb border_width=\u00a0\u00bb10&Prime; el_width=\u00a0\u00bb90&Prime; accent_color=\u00a0\u00bb#db022a\u00a0\u00bb][\/vc_column][vc_column width=\u00a0\u00bb1\/6&Prime;][vc_single_image image=\u00a0\u00bb6149&Prime; img_size=\u00a0\u00bbfull\u00a0\u00bb alignment=\u00a0\u00bbcenter\u00a0\u00bb][\/vc_column][vc_column width=\u00a0\u00bb5\/12&Prime; offset=\u00a0\u00bbvc_hidden-md vc_hidden-sm vc_hidden-xs\u00a0\u00bb][vc_separator color=\u00a0\u00bbcustom\u00a0\u00bb border_width=\u00a0\u00bb10&Prime; el_width=\u00a0\u00bb90&Prime; accent_color=\u00a0\u00bb#db022a\u00a0\u00bb][\/vc_column][\/vc_row][vc_row][vc_column width=\u00a0\u00bb1\/6&Prime;][\/vc_column][vc_column width=\u00a0\u00bb2\/3&Prime;][vc_column_text css=\u00a0\u00bb.vc_custom_1624305618479{margin-bottom: 0px !important;}\u00a0\u00bb]\n<p style=\"text-align: center;\"><strong>H\u00e4gglunds<\/strong>, membre du groupe Bosch Rexroth, est le leader mondial des moteurs hydrauliques \u00e0 pistons radiaux \u00e0 basse vitesse et haute couple (LSHT). Avec plus de 50 ans d&rsquo;exp\u00e9rience, les moteurs H\u00e4gglunds offrent une densit\u00e9 de puissance exceptionnelle. Depuis plus de vingt ans, <strong>TFS Oleodinamica<\/strong> accompagne ses clients dans la s\u00e9lection et la maintenance des moteurs H\u00e4gglunds.<\/p>\n<p style=\"text-align: center;\"><strong>TFS OLEODINAMICA EST REVENDEUR ET PARTENAIRE SERVICE DE H\u00c4GGLUNDS<\/strong><\/p>\n[\/vc_column_text][vc_single_image image=\u00a0\u00bb6149&Prime; alignment=\u00a0\u00bbcenter\u00a0\u00bb onclick=\u00a0\u00bbcustom_link\u00a0\u00bb link=\u00a0\u00bbhttps:\/\/www.tfsoleodinamica.it\/product-category\/motori-a-pistoni-radiali\/\u00a0\u00bb][\/vc_column][vc_column width=\u00a0\u00bb1\/6&Prime;][\/vc_column][\/vc_row][vc_row][vc_column][vc_empty_space][\/vc_column][\/vc_row]\n<\/div>","protected":false},"excerpt":{"rendered":"<p>H\u00e4gglunds: Moteurs Hydrauliques \u00e0 Pistons Radiaux Revendeur et Partenaire Service H\u00e4gglunds \u2014 Moteurs \u00e0 Pistons Radiaux Moteurs \u00e0 Pistons Radiaux H\u00e4gglunds et Pi\u00e8ces Originales [vc_row fullwidth=\u00a0\u00bbtrue\u00a0\u00bb equal_columns=\u00a0\u00bbtrue\u00a0\u00bb attached=\u00a0\u00bbtrue\u00a0\u00bb visibility=\u00a0\u00bbhidden-sm\u00a0\u00bb][vc_column offset=\u00a0\u00bbvc_hidden-md vc_hidden-sm vc_hidden-xs\u00a0\u00bb][vc_separator color=\u00a0\u00bbwhite\u00a0\u00bb border_width=\u00a0\u00bb10&Prime; el_width=\u00a0\u00bb90&Prime; css=\u00a0\u00bb.vc_custom_1618414491659{margin-top: 50px !important;}\u00a0\u00bb][\/vc_column][\/vc_row][vc_row fullwidth=\u00a0\u00bbtrue\u00a0\u00bb equal_columns=\u00a0\u00bbtrue\u00a0\u00bb attached=\u00a0\u00bbtrue\u00a0\u00bb visibility=\u00a0\u00bbhidden-sm\u00a0\u00bb][vc_column width=\u00a0\u00bb5\/12&Prime; offset=\u00a0\u00bbvc_hidden-md vc_hidden-sm vc_hidden-xs\u00a0\u00bb][vc_separator color=\u00a0\u00bbcustom\u00a0\u00bb border_width=\u00a0\u00bb10&Prime; el_width=\u00a0\u00bb90&Prime; accent_color=\u00a0\u00bb#db022a\u00a0\u00bb][\/vc_column][vc_column width=\u00a0\u00bb1\/6&Prime;][vc_single_image image=\u00a0\u00bb6149&Prime; img_size=\u00a0\u00bbfull\u00a0\u00bb alignment=\u00a0\u00bbcenter\u00a0\u00bb][\/vc_column][vc_column width=\u00a0\u00bb5\/12&Prime; [&hellip;]<\/p>\n","protected":false},"author":2,"featured_media":0,"parent":0,"menu_order":0,"comment_status":"closed","ping_status":"closed","template":"","meta":{"footnotes":""},"class_list":["post-6161","page","type-page","status-publish","hentry"],"yoast_head":"<!-- This site is optimized with the Yoast SEO plugin v27.4 - https:\/\/yoast.com\/product\/yoast-seo-wordpress\/ -->\n<title>Rivenditore Bosch Rexroth | Pompe, Motori, Valvole \u2013 TFS Oleodinamica<\/title>\n<meta name=\"description\" content=\"TFS Oleodinamica \u00e8 CE-Partner Service Bosch Rexroth: pompe idrauliche, motori oleodinamici e valvole con assistenza certificata e pronta consegna.\" \/>\n<meta name=\"robots\" content=\"index, follow, max-snippet:-1, max-image-preview:large, max-video-preview:-1\" \/>\n<link rel=\"canonical\" href=\"https:\/\/www.tfsoleodinamica.it\/hagglunds\/\" \/>\n<meta property=\"og:locale\" content=\"fr_FR\" \/>\n<meta property=\"og:type\" content=\"article\" \/>\n<meta property=\"og:title\" content=\"Bosch Rexroth. TFS Oleodinamica - Assistenza e rivenditori Bosch Rexroth.\" \/>\n<meta property=\"og:description\" content=\"Bosch Rexroth \u00e8 una delle aziende leader a livello mondiale specializzata nelle tecnologie per l\u2019azionamento e il controllo del movimento\" \/>\n<meta property=\"og:url\" content=\"https:\/\/www.tfsoleodinamica.it\/hagglunds\/\" \/>\n<meta property=\"og:site_name\" content=\"TFS Oleodinamica - Assistance et revente Bosch Rexroth\" \/>\n<meta property=\"article:publisher\" content=\"http:\/\/www.facebook.com\/tfsoleodinamica\" \/>\n<meta property=\"article:modified_time\" content=\"2026-04-15T16:29:55+00:00\" \/>\n<meta property=\"og:image\" content=\"https:\/\/www.tfsoleodinamica.it\/wp-content\/uploads\/tfs_azienda-1.jpg\" \/>\n\t<meta property=\"og:image:width\" content=\"1920\" \/>\n\t<meta property=\"og:image:height\" content=\"1080\" \/>\n\t<meta property=\"og:image:type\" content=\"image\/jpeg\" \/>\n<meta name=\"twitter:card\" content=\"summary_large_image\" \/>\n<meta name=\"twitter:title\" content=\"Bosch Rexroth. TFS Oleodinamica - Assistenza e rivenditori Bosch Rexroth.\" \/>\n<meta name=\"twitter:description\" content=\"Bosch Rexroth \u00e8 una delle aziende leader a livello mondiale specializzata nelle tecnologie per l\u2019azionamento e il controllo del movimento\" \/>\n<meta name=\"twitter:label1\" content=\"Dur\u00e9e de lecture estim\u00e9e\" \/>\n\t<meta name=\"twitter:data1\" content=\"1 minute\" \/>\n<script type=\"application\/ld+json\" class=\"yoast-schema-graph\">{\"@context\":\"https:\\\/\\\/schema.org\",\"@graph\":[{\"@type\":\"WebPage\",\"@id\":\"https:\\\/\\\/www.tfsoleodinamica.it\\\/hagglunds\\\/\",\"url\":\"https:\\\/\\\/www.tfsoleodinamica.it\\\/hagglunds\\\/\",\"name\":\"Rivenditore Bosch Rexroth | Pompe, Motori, Valvole \u2013 TFS Oleodinamica\",\"isPartOf\":{\"@id\":\"https:\\\/\\\/www.tfsoleodinamica.it\\\/#website\"},\"datePublished\":\"2026-04-14T22:03:53+00:00\",\"dateModified\":\"2026-04-15T16:29:55+00:00\",\"description\":\"TFS Oleodinamica \u00e8 CE-Partner Service Bosch Rexroth: pompe idrauliche, motori oleodinamici e valvole con assistenza certificata e pronta consegna.\",\"breadcrumb\":{\"@id\":\"https:\\\/\\\/www.tfsoleodinamica.it\\\/hagglunds\\\/#breadcrumb\"},\"inLanguage\":\"fr-FR\",\"potentialAction\":[{\"@type\":\"ReadAction\",\"target\":[\"https:\\\/\\\/www.tfsoleodinamica.it\\\/hagglunds\\\/\"]}]},{\"@type\":\"BreadcrumbList\",\"@id\":\"https:\\\/\\\/www.tfsoleodinamica.it\\\/hagglunds\\\/#breadcrumb\",\"itemListElement\":[{\"@type\":\"ListItem\",\"position\":1,\"name\":\"Home\",\"item\":\"https:\\\/\\\/www.tfsoleodinamica.it\\\/\"},{\"@type\":\"ListItem\",\"position\":2,\"name\":\"H\u00e4gglunds\"}]},{\"@type\":\"WebSite\",\"@id\":\"https:\\\/\\\/www.tfsoleodinamica.it\\\/#website\",\"url\":\"https:\\\/\\\/www.tfsoleodinamica.it\\\/\",\"name\":\"TFS Oleodinamica - Assistance et revente Bosch Rexroth\",\"description\":\"Assistance et revente de produits pour l&#039;hydraulique\",\"publisher\":{\"@id\":\"https:\\\/\\\/www.tfsoleodinamica.it\\\/#organization\"},\"potentialAction\":[{\"@type\":\"SearchAction\",\"target\":{\"@type\":\"EntryPoint\",\"urlTemplate\":\"https:\\\/\\\/www.tfsoleodinamica.it\\\/?s={search_term_string}\"},\"query-input\":{\"@type\":\"PropertyValueSpecification\",\"valueRequired\":true,\"valueName\":\"search_term_string\"}}],\"inLanguage\":\"fr-FR\"},{\"@type\":\"Organization\",\"@id\":\"https:\\\/\\\/www.tfsoleodinamica.it\\\/#organization\",\"name\":\"Tecno Fluid Service Srl\",\"url\":\"https:\\\/\\\/www.tfsoleodinamica.it\\\/\",\"logo\":{\"@type\":\"ImageObject\",\"inLanguage\":\"fr-FR\",\"@id\":\"https:\\\/\\\/www.tfsoleodinamica.it\\\/#\\\/schema\\\/logo\\\/image\\\/\",\"url\":\"https:\\\/\\\/www.tfsoleodinamica.it\\\/wp-content\\\/uploads\\\/logo-tfs.png\",\"contentUrl\":\"https:\\\/\\\/www.tfsoleodinamica.it\\\/wp-content\\\/uploads\\\/logo-tfs.png\",\"width\":82,\"height\":80,\"caption\":\"Tecno Fluid Service Srl\"},\"image\":{\"@id\":\"https:\\\/\\\/www.tfsoleodinamica.it\\\/#\\\/schema\\\/logo\\\/image\\\/\"},\"sameAs\":[\"http:\\\/\\\/www.facebook.com\\\/tfsoleodinamica\",\"http:\\\/\\\/www.linkedin.com\\\/company\\\/tfs-srl-tecno-fluid-service\",\"http:\\\/\\\/www.youtube.com\\\/watch?v=8XDyMn9zUQI\"]}]}<\/script>\n<!-- \/ Yoast SEO plugin. -->","yoast_head_json":{"title":"Rivenditore Bosch Rexroth | Pompe, Motori, Valvole \u2013 TFS Oleodinamica","description":"TFS Oleodinamica \u00e8 CE-Partner Service Bosch Rexroth: pompe idrauliche, motori oleodinamici e valvole con assistenza certificata e pronta consegna.","robots":{"index":"index","follow":"follow","max-snippet":"max-snippet:-1","max-image-preview":"max-image-preview:large","max-video-preview":"max-video-preview:-1"},"canonical":"https:\/\/www.tfsoleodinamica.it\/hagglunds\/","og_locale":"fr_FR","og_type":"article","og_title":"Bosch Rexroth. TFS Oleodinamica - Assistenza e rivenditori Bosch Rexroth.","og_description":"Bosch Rexroth \u00e8 una delle aziende leader a livello mondiale specializzata nelle tecnologie per l\u2019azionamento e il controllo del movimento","og_url":"https:\/\/www.tfsoleodinamica.it\/hagglunds\/","og_site_name":"TFS Oleodinamica - Assistance et revente Bosch Rexroth","article_publisher":"http:\/\/www.facebook.com\/tfsoleodinamica","article_modified_time":"2026-04-15T16:29:55+00:00","og_image":[{"width":1920,"height":1080,"url":"https:\/\/www.tfsoleodinamica.it\/wp-content\/uploads\/tfs_azienda-1.jpg","type":"image\/jpeg"}],"twitter_card":"summary_large_image","twitter_title":"Bosch Rexroth. TFS Oleodinamica - Assistenza e rivenditori Bosch Rexroth.","twitter_description":"Bosch Rexroth \u00e8 una delle aziende leader a livello mondiale specializzata nelle tecnologie per l\u2019azionamento e il controllo del movimento","twitter_misc":{"Dur\u00e9e de lecture estim\u00e9e":"1 minute"},"schema":{"@context":"https:\/\/schema.org","@graph":[{"@type":"WebPage","@id":"https:\/\/www.tfsoleodinamica.it\/hagglunds\/","url":"https:\/\/www.tfsoleodinamica.it\/hagglunds\/","name":"Rivenditore Bosch Rexroth | Pompe, Motori, Valvole \u2013 TFS Oleodinamica","isPartOf":{"@id":"https:\/\/www.tfsoleodinamica.it\/#website"},"datePublished":"2026-04-14T22:03:53+00:00","dateModified":"2026-04-15T16:29:55+00:00","description":"TFS Oleodinamica \u00e8 CE-Partner Service Bosch Rexroth: pompe idrauliche, motori oleodinamici e valvole con assistenza certificata e pronta consegna.","breadcrumb":{"@id":"https:\/\/www.tfsoleodinamica.it\/hagglunds\/#breadcrumb"},"inLanguage":"fr-FR","potentialAction":[{"@type":"ReadAction","target":["https:\/\/www.tfsoleodinamica.it\/hagglunds\/"]}]},{"@type":"BreadcrumbList","@id":"https:\/\/www.tfsoleodinamica.it\/hagglunds\/#breadcrumb","itemListElement":[{"@type":"ListItem","position":1,"name":"Home","item":"https:\/\/www.tfsoleodinamica.it\/"},{"@type":"ListItem","position":2,"name":"H\u00e4gglunds"}]},{"@type":"WebSite","@id":"https:\/\/www.tfsoleodinamica.it\/#website","url":"https:\/\/www.tfsoleodinamica.it\/","name":"TFS Oleodinamica - Assistance et revente Bosch Rexroth","description":"Assistance et revente de produits pour l&#039;hydraulique","publisher":{"@id":"https:\/\/www.tfsoleodinamica.it\/#organization"},"potentialAction":[{"@type":"SearchAction","target":{"@type":"EntryPoint","urlTemplate":"https:\/\/www.tfsoleodinamica.it\/?s={search_term_string}"},"query-input":{"@type":"PropertyValueSpecification","valueRequired":true,"valueName":"search_term_string"}}],"inLanguage":"fr-FR"},{"@type":"Organization","@id":"https:\/\/www.tfsoleodinamica.it\/#organization","name":"Tecno Fluid Service Srl","url":"https:\/\/www.tfsoleodinamica.it\/","logo":{"@type":"ImageObject","inLanguage":"fr-FR","@id":"https:\/\/www.tfsoleodinamica.it\/#\/schema\/logo\/image\/","url":"https:\/\/www.tfsoleodinamica.it\/wp-content\/uploads\/logo-tfs.png","contentUrl":"https:\/\/www.tfsoleodinamica.it\/wp-content\/uploads\/logo-tfs.png","width":82,"height":80,"caption":"Tecno Fluid Service Srl"},"image":{"@id":"https:\/\/www.tfsoleodinamica.it\/#\/schema\/logo\/image\/"},"sameAs":["http:\/\/www.facebook.com\/tfsoleodinamica","http:\/\/www.linkedin.com\/company\/tfs-srl-tecno-fluid-service","http:\/\/www.youtube.com\/watch?v=8XDyMn9zUQI"]}]}},"_links":{"self":[{"href":"https:\/\/www.tfsoleodinamica.it\/fr\/wp-json\/wp\/v2\/pages\/6161","targetHints":{"allow":["GET"]}}],"collection":[{"href":"https:\/\/www.tfsoleodinamica.it\/fr\/wp-json\/wp\/v2\/pages"}],"about":[{"href":"https:\/\/www.tfsoleodinamica.it\/fr\/wp-json\/wp\/v2\/types\/page"}],"author":[{"embeddable":true,"href":"https:\/\/www.tfsoleodinamica.it\/fr\/wp-json\/wp\/v2\/users\/2"}],"replies":[{"embeddable":true,"href":"https:\/\/www.tfsoleodinamica.it\/fr\/wp-json\/wp\/v2\/comments?post=6161"}],"version-history":[{"count":18,"href":"https:\/\/www.tfsoleodinamica.it\/fr\/wp-json\/wp\/v2\/pages\/6161\/revisions"}],"predecessor-version":[{"id":6196,"href":"https:\/\/www.tfsoleodinamica.it\/fr\/wp-json\/wp\/v2\/pages\/6161\/revisions\/6196"}],"wp:attachment":[{"href":"https:\/\/www.tfsoleodinamica.it\/fr\/wp-json\/wp\/v2\/media?parent=6161"}],"curies":[{"name":"wp","href":"https:\/\/api.w.org\/{rel}","templated":true}]}}