{"id":6071,"date":"2023-03-07T11:31:34","date_gmt":"2023-03-07T11:31:34","guid":{"rendered":"https:\/\/www.tfsoleodinamica.it\/?page_id=6071"},"modified":"2023-03-15T12:28:52","modified_gmt":"2023-03-15T12:28:52","slug":"riparazione-pompe-e-motori-oleodinamici","status":"publish","type":"page","link":"https:\/\/www.tfsoleodinamica.it\/fr\/riparazione-pompe-e-motori-oleodinamici\/","title":{"rendered":"R\u00e9paration de pompes et de moteurs hydrauliques"},"content":{"rendered":"<div class=\"wpb-content-wrapper\">[vc_row][vc_column][vc_custom_heading text=\u00a0\u00bbR\u00e9paration de pompes et de moteurs hydrauliques\u00a0\u00bb font_container=\u00a0\u00bbtag:h2|text_align:left|color:%23e2001a\u00a0\u00bb use_theme_fonts=\u00a0\u00bbyes\u00a0\u00bb][vc_custom_heading text=\u00a0\u00bbSERVICE D&rsquo;EXCELLENCE CERTIFI\u00c9E Bosch Rexroth\u00a0\u00bb font_container=\u00a0\u00bbtag:h4|text_align:left\u00a0\u00bb use_theme_fonts=\u00a0\u00bbyes\u00a0\u00bb][vc_column_text css=\u00a0\u00bb.vc_custom_1678881235686{margin-bottom: 0px !important;}\u00a0\u00bb]\n<p class=\"western\">TFS est une entreprise qui propose des services complets dans le domaine de l&#x27;hydraulique et qui d\u00e9tient le certificat d&#x27;excellence SERVICE de Bosch Rexroth. Le fait d&#x27;\u00eatre revendeur et r\u00e9parateur Bosch Rexroth, entreprise leader dans le secteur de l&#x27;ol\u00e9ohydraulique, et, par cons\u00e9quent, de poss\u00e9der et d&#x27;utiliser l&#x27;un de leurs bancs d&#x27;essai, permet \u00e0 TFS d&#x27;\u00eatre l&#x27;une des rares entreprises en Italie capable d&#x27;offrir \u00e0 ses clients des prestations de maintenance de pompes et de moteurs pouvant \u00eatre certifi\u00e9es en termes de qualit\u00e9 <a href=\"https:\/\/www.tfsoleodinamica.it\/il-vantaggio-di-essere-riparatori-autorizzati-bosch-rexroth-nel-settore-delloleodinamica\/\">(lire l&#x27;article du blog)<\/a>.<\/p>\n<p class=\"western\">Le laboratoire de m\u00e9canique, le bureau de d\u00e9veloppement logiciel et la salle d&#x27;essai sont \u00e9quip\u00e9s des technologies les plus modernes, interconnect\u00e9es via un r\u00e9seau, afin que la maintenance des pompes et des moteurs puisse garantir une fiabilit\u00e9 maximale.<\/p>\n[\/vc_column_text][\/vc_column][\/vc_row][vc_row][vc_column width=\u00a0\u00bb1\/3&Prime;][vc_single_image image=\u00a0\u00bb6078&Prime; img_size=\u00a0\u00bbfull\u00a0\u00bb][\/vc_column][vc_column width=\u00a0\u00bb1\/3&Prime;][vc_single_image image=\u00a0\u00bb6079&Prime; img_size=\u00a0\u00bbfull\u00a0\u00bb][\/vc_column][vc_column width=\u00a0\u00bb1\/3&Prime;][vc_single_image image=\u00a0\u00bb6080&Prime; img_size=\u00a0\u00bbfull\u00a0\u00bb][\/vc_column][\/vc_row][vc_row][vc_column][vc_custom_heading text=\u00a0\u00bbNous effectuons des r\u00e9parations sur toutes les pompes et tous les moteurs hydrauliques\u00a0\u00bb font_container=\u00a0\u00bbtag:h2|text_align:left|color:%23e2001a\u00a0\u00bb use_theme_fonts=\u00a0\u00bbyes\u00a0\u00bb][vc_custom_heading text=\u00a0\u00bbUne fiabilit\u00e9 et une valeur sur lesquelles vous pouvez compter\u00a0\u00bb font_container=\u00a0\u00bbtag:h4|text_align:left\u00a0\u00bb use_theme_fonts=\u00a0\u00bbyes\u00a0\u00bb][vc_column_text css=\u00a0\u00bb.vc_custom_1678881326486{margin-bottom: 0px !important;}\u00a0\u00bb]\n<p class=\"western\">Outre la <a href=\"http:\/\/inserire link: https:\/\/www.tfsoleodinamica.it\/servizi-per-oleodinamica\/#PROGETTAZIONE\"><u>conception d&#x27;installations hydrauliques<\/u> <\/a>sur mesure et cl\u00e9s en main, l&#x27;organisation particuli\u00e8re et innovante du volet technique et op\u00e9rationnel de notre entreprise nous permet d&#x27;intervenir sur n&#x27;importe quel syst\u00e8me hydraulique, tant dans son ensemble que sur des composants sp\u00e9cifiques, pour des services de r\u00e9paration et de mise en service. Comme le montre notre<a href=\"https:\/\/www.tfsoleodinamica.it\/prodotti-per-oleodinamica\/\"> <u>catalogue de produits<\/u><\/a>, outre Bosch Rexroth, nous collaborons avec les principaux fabricants de composants hydrauliques et sommes donc en mesure d&#x27;assurer la r\u00e9paration, la maintenance et les essais de pompes, moteurs, v\u00e9rins, vannes, syst\u00e8mes de filtration et autres \u00e9quipements de marques telles que Casappa, Hydac, Sauer Danfoss, Tognella, Kawasaki, Linde, Bonfiglioli, Staffa, SAI, Samhydraulik, Brevini, Hydreco et bien d\u2019autres.<\/p>\n<p class=\"western\">Les \u00e9tapes de v\u00e9rification, de remise en \u00e9tat ou de remplacement des pi\u00e8ces, ainsi que les essais interm\u00e9diaires et finaux, suivent un protocole certifi\u00e9 qui garantit des marges d&#x27;erreur proches de z\u00e9ro.<\/p>\n[\/vc_column_text][\/vc_column][\/vc_row]\n<\/div>","protected":false},"excerpt":{"rendered":"<p>[vc_row][vc_column][vc_custom_heading text=\u00a0\u00bbR\u00e9paration de pompes et de moteurs hydrauliques\u00a0\u00bb font_container=\u00a0\u00bbtag:h2|text_align:left|color:%23e2001a\u00a0\u00bb use_theme_fonts=\u00a0\u00bbyes\u00a0\u00bb][vc_custom_heading text=\u00a0\u00bbSERVICE D&rsquo;EXCELLENCE CERTIFI\u00c9E Bosch Rexroth\u00a0\u00bb font_container=\u00a0\u00bbtag:h4|text_align:left\u00a0\u00bb use_theme_fonts=\u00a0\u00bbyes\u00a0\u00bb][vc_column_text css=\u00a0\u00bb.vc_custom_1678881235686{margin-bottom: 0px !important;}\u00a0\u00bb] TFS est une entreprise qui propose des services complets dans le domaine de l&#x27;hydraulique et qui d\u00e9tient le certificat d&#x27;excellence SERVICE de Bosch Rexroth. Le fait d&#x27;\u00eatre revendeur et r\u00e9parateur Bosch Rexroth, entreprise leader dans [&hellip;]<\/p>\n","protected":false},"author":2,"featured_media":0,"parent":0,"menu_order":0,"comment_status":"closed","ping_status":"closed","template":"","meta":{"footnotes":""},"class_list":["post-6071","page","type-page","status-publish","hentry"],"yoast_head":"<!-- This site is optimized with the Yoast SEO plugin v27.4 - https:\/\/yoast.com\/product\/yoast-seo-wordpress\/ -->\n<title>R\u00e9paration de pompes et de moteurs hydrauliques - TFS Oleodinamica - Assistance et revente Bosch Rexroth<\/title>\n<meta name=\"robots\" content=\"index, follow, max-snippet:-1, max-image-preview:large, max-video-preview:-1\" \/>\n<link rel=\"canonical\" href=\"https:\/\/www.tfsoleodinamica.it\/riparazione-pompe-e-motori-oleodinamici\/\" \/>\n<meta property=\"og:locale\" content=\"fr_FR\" \/>\n<meta property=\"og:type\" content=\"article\" \/>\n<meta property=\"og:title\" content=\"R\u00e9paration de pompes et de moteurs hydrauliques - TFS Oleodinamica - Assistance et revente Bosch Rexroth\" \/>\n<meta property=\"og:url\" content=\"https:\/\/www.tfsoleodinamica.it\/riparazione-pompe-e-motori-oleodinamici\/\" \/>\n<meta property=\"og:site_name\" content=\"TFS Oleodinamica - Assistance et revente Bosch Rexroth\" \/>\n<meta property=\"article:publisher\" content=\"http:\/\/www.facebook.com\/tfsoleodinamica\" \/>\n<meta property=\"article:modified_time\" content=\"2023-03-15T12:28:52+00:00\" \/>\n<meta property=\"og:image\" content=\"https:\/\/www.tfsoleodinamica.it\/wp-content\/uploads\/tfs_azienda-1.jpg\" \/>\n\t<meta property=\"og:image:width\" content=\"1920\" \/>\n\t<meta property=\"og:image:height\" content=\"1080\" \/>\n\t<meta property=\"og:image:type\" content=\"image\/jpeg\" \/>\n<meta name=\"twitter:card\" content=\"summary_large_image\" \/>\n<meta name=\"twitter:label1\" content=\"Dur\u00e9e de lecture estim\u00e9e\" \/>\n\t<meta name=\"twitter:data1\" content=\"2 minutes\" \/>\n<script type=\"application\/ld+json\" class=\"yoast-schema-graph\">{\"@context\":\"https:\\\/\\\/schema.org\",\"@graph\":[{\"@type\":\"WebPage\",\"@id\":\"https:\\\/\\\/www.tfsoleodinamica.it\\\/riparazione-pompe-e-motori-oleodinamici\\\/\",\"url\":\"https:\\\/\\\/www.tfsoleodinamica.it\\\/riparazione-pompe-e-motori-oleodinamici\\\/\",\"name\":\"R\u00e9paration de pompes et de moteurs hydrauliques - TFS Oleodinamica - Assistance et revente Bosch Rexroth\",\"isPartOf\":{\"@id\":\"https:\\\/\\\/www.tfsoleodinamica.it\\\/#website\"},\"datePublished\":\"2023-03-07T11:31:34+00:00\",\"dateModified\":\"2023-03-15T12:28:52+00:00\",\"breadcrumb\":{\"@id\":\"https:\\\/\\\/www.tfsoleodinamica.it\\\/riparazione-pompe-e-motori-oleodinamici\\\/#breadcrumb\"},\"inLanguage\":\"fr-FR\",\"potentialAction\":[{\"@type\":\"ReadAction\",\"target\":[\"https:\\\/\\\/www.tfsoleodinamica.it\\\/riparazione-pompe-e-motori-oleodinamici\\\/\"]}]},{\"@type\":\"BreadcrumbList\",\"@id\":\"https:\\\/\\\/www.tfsoleodinamica.it\\\/riparazione-pompe-e-motori-oleodinamici\\\/#breadcrumb\",\"itemListElement\":[{\"@type\":\"ListItem\",\"position\":1,\"name\":\"Home\",\"item\":\"https:\\\/\\\/www.tfsoleodinamica.it\\\/\"},{\"@type\":\"ListItem\",\"position\":2,\"name\":\"Riparazione pompe e motori oleodinamici\"}]},{\"@type\":\"WebSite\",\"@id\":\"https:\\\/\\\/www.tfsoleodinamica.it\\\/#website\",\"url\":\"https:\\\/\\\/www.tfsoleodinamica.it\\\/\",\"name\":\"TFS Oleodinamica - Assistance et revente Bosch Rexroth\",\"description\":\"Assistance et revente de produits pour l&#039;hydraulique\",\"publisher\":{\"@id\":\"https:\\\/\\\/www.tfsoleodinamica.it\\\/#organization\"},\"potentialAction\":[{\"@type\":\"SearchAction\",\"target\":{\"@type\":\"EntryPoint\",\"urlTemplate\":\"https:\\\/\\\/www.tfsoleodinamica.it\\\/?s={search_term_string}\"},\"query-input\":{\"@type\":\"PropertyValueSpecification\",\"valueRequired\":true,\"valueName\":\"search_term_string\"}}],\"inLanguage\":\"fr-FR\"},{\"@type\":\"Organization\",\"@id\":\"https:\\\/\\\/www.tfsoleodinamica.it\\\/#organization\",\"name\":\"Tecno Fluid Service Srl\",\"url\":\"https:\\\/\\\/www.tfsoleodinamica.it\\\/\",\"logo\":{\"@type\":\"ImageObject\",\"inLanguage\":\"fr-FR\",\"@id\":\"https:\\\/\\\/www.tfsoleodinamica.it\\\/#\\\/schema\\\/logo\\\/image\\\/\",\"url\":\"https:\\\/\\\/www.tfsoleodinamica.it\\\/wp-content\\\/uploads\\\/logo-tfs.png\",\"contentUrl\":\"https:\\\/\\\/www.tfsoleodinamica.it\\\/wp-content\\\/uploads\\\/logo-tfs.png\",\"width\":82,\"height\":80,\"caption\":\"Tecno Fluid Service Srl\"},\"image\":{\"@id\":\"https:\\\/\\\/www.tfsoleodinamica.it\\\/#\\\/schema\\\/logo\\\/image\\\/\"},\"sameAs\":[\"http:\\\/\\\/www.facebook.com\\\/tfsoleodinamica\",\"http:\\\/\\\/www.linkedin.com\\\/company\\\/tfs-srl-tecno-fluid-service\",\"http:\\\/\\\/www.youtube.com\\\/watch?v=8XDyMn9zUQI\"]}]}<\/script>\n<!-- \/ Yoast SEO plugin. -->","yoast_head_json":{"title":"R\u00e9paration de pompes et de moteurs hydrauliques - TFS Oleodinamica - Assistance et revente Bosch Rexroth","robots":{"index":"index","follow":"follow","max-snippet":"max-snippet:-1","max-image-preview":"max-image-preview:large","max-video-preview":"max-video-preview:-1"},"canonical":"https:\/\/www.tfsoleodinamica.it\/riparazione-pompe-e-motori-oleodinamici\/","og_locale":"fr_FR","og_type":"article","og_title":"R\u00e9paration de pompes et de moteurs hydrauliques - TFS Oleodinamica - Assistance et revente Bosch Rexroth","og_url":"https:\/\/www.tfsoleodinamica.it\/riparazione-pompe-e-motori-oleodinamici\/","og_site_name":"TFS Oleodinamica - Assistance et revente Bosch Rexroth","article_publisher":"http:\/\/www.facebook.com\/tfsoleodinamica","article_modified_time":"2023-03-15T12:28:52+00:00","og_image":[{"width":1920,"height":1080,"url":"https:\/\/www.tfsoleodinamica.it\/wp-content\/uploads\/tfs_azienda-1.jpg","type":"image\/jpeg"}],"twitter_card":"summary_large_image","twitter_misc":{"Dur\u00e9e de lecture estim\u00e9e":"2 minutes"},"schema":{"@context":"https:\/\/schema.org","@graph":[{"@type":"WebPage","@id":"https:\/\/www.tfsoleodinamica.it\/riparazione-pompe-e-motori-oleodinamici\/","url":"https:\/\/www.tfsoleodinamica.it\/riparazione-pompe-e-motori-oleodinamici\/","name":"R\u00e9paration de pompes et de moteurs hydrauliques - TFS Oleodinamica - Assistance et revente Bosch Rexroth","isPartOf":{"@id":"https:\/\/www.tfsoleodinamica.it\/#website"},"datePublished":"2023-03-07T11:31:34+00:00","dateModified":"2023-03-15T12:28:52+00:00","breadcrumb":{"@id":"https:\/\/www.tfsoleodinamica.it\/riparazione-pompe-e-motori-oleodinamici\/#breadcrumb"},"inLanguage":"fr-FR","potentialAction":[{"@type":"ReadAction","target":["https:\/\/www.tfsoleodinamica.it\/riparazione-pompe-e-motori-oleodinamici\/"]}]},{"@type":"BreadcrumbList","@id":"https:\/\/www.tfsoleodinamica.it\/riparazione-pompe-e-motori-oleodinamici\/#breadcrumb","itemListElement":[{"@type":"ListItem","position":1,"name":"Home","item":"https:\/\/www.tfsoleodinamica.it\/"},{"@type":"ListItem","position":2,"name":"Riparazione pompe e motori oleodinamici"}]},{"@type":"WebSite","@id":"https:\/\/www.tfsoleodinamica.it\/#website","url":"https:\/\/www.tfsoleodinamica.it\/","name":"TFS Oleodinamica - Assistance et revente Bosch Rexroth","description":"Assistance et revente de produits pour l&#039;hydraulique","publisher":{"@id":"https:\/\/www.tfsoleodinamica.it\/#organization"},"potentialAction":[{"@type":"SearchAction","target":{"@type":"EntryPoint","urlTemplate":"https:\/\/www.tfsoleodinamica.it\/?s={search_term_string}"},"query-input":{"@type":"PropertyValueSpecification","valueRequired":true,"valueName":"search_term_string"}}],"inLanguage":"fr-FR"},{"@type":"Organization","@id":"https:\/\/www.tfsoleodinamica.it\/#organization","name":"Tecno Fluid Service Srl","url":"https:\/\/www.tfsoleodinamica.it\/","logo":{"@type":"ImageObject","inLanguage":"fr-FR","@id":"https:\/\/www.tfsoleodinamica.it\/#\/schema\/logo\/image\/","url":"https:\/\/www.tfsoleodinamica.it\/wp-content\/uploads\/logo-tfs.png","contentUrl":"https:\/\/www.tfsoleodinamica.it\/wp-content\/uploads\/logo-tfs.png","width":82,"height":80,"caption":"Tecno Fluid Service Srl"},"image":{"@id":"https:\/\/www.tfsoleodinamica.it\/#\/schema\/logo\/image\/"},"sameAs":["http:\/\/www.facebook.com\/tfsoleodinamica","http:\/\/www.linkedin.com\/company\/tfs-srl-tecno-fluid-service","http:\/\/www.youtube.com\/watch?v=8XDyMn9zUQI"]}]}},"_links":{"self":[{"href":"https:\/\/www.tfsoleodinamica.it\/fr\/wp-json\/wp\/v2\/pages\/6071","targetHints":{"allow":["GET"]}}],"collection":[{"href":"https:\/\/www.tfsoleodinamica.it\/fr\/wp-json\/wp\/v2\/pages"}],"about":[{"href":"https:\/\/www.tfsoleodinamica.it\/fr\/wp-json\/wp\/v2\/types\/page"}],"author":[{"embeddable":true,"href":"https:\/\/www.tfsoleodinamica.it\/fr\/wp-json\/wp\/v2\/users\/2"}],"replies":[{"embeddable":true,"href":"https:\/\/www.tfsoleodinamica.it\/fr\/wp-json\/wp\/v2\/comments?post=6071"}],"version-history":[{"count":12,"href":"https:\/\/www.tfsoleodinamica.it\/fr\/wp-json\/wp\/v2\/pages\/6071\/revisions"}],"predecessor-version":[{"id":6089,"href":"https:\/\/www.tfsoleodinamica.it\/fr\/wp-json\/wp\/v2\/pages\/6071\/revisions\/6089"}],"wp:attachment":[{"href":"https:\/\/www.tfsoleodinamica.it\/fr\/wp-json\/wp\/v2\/media?parent=6071"}],"curies":[{"name":"wp","href":"https:\/\/api.w.org\/{rel}","templated":true}]}}