{"id":2712,"date":"2018-05-16T12:37:14","date_gmt":"2018-05-16T12:37:14","guid":{"rendered":"https:\/\/www.tfsoleodinamica.it\/?page_id=2712"},"modified":"2022-01-10T17:10:32","modified_gmt":"2022-01-10T17:10:32","slug":"azienda","status":"publish","type":"page","link":"https:\/\/www.tfsoleodinamica.it\/fr\/azienda\/","title":{"rendered":"Entreprise"},"content":{"rendered":"<div class=\"wpb-content-wrapper\">[vc_row css=\u00a0\u00bb.vc_custom_1526484775095{background-color: #ffffff !important;}\u00a0\u00bb][vc_column][vc_custom_heading text=\u00a0\u00bbL&rsquo;ENTREPRISE\u00a0\u00bb font_container=\u00a0\u00bbtag:h2|font_size:42|text_align:center|color:%23000000&Prime; use_theme_fonts=\u00a0\u00bbyes\u00a0\u00bb css=\u00a0\u00bb.vc_custom_1641402851352{padding-top: 110px !important;padding-bottom: 10px !important;}\u00a0\u00bb][vc_row_inner][vc_column_inner width=\u00a0\u00bb1\/3&Prime;][vc_empty_space][\/vc_column_inner][vc_column_inner width=\u00a0\u00bb1\/3&Prime;][vc_separator color=\u00a0\u00bbblack\u00a0\u00bb border_width=\u00a0\u00bb3&Prime; el_width=\u00a0\u00bb10&Prime;][\/vc_column_inner][vc_column_inner width=\u00a0\u00bb1\/3&Prime;][vc_empty_space height=\u00a0\u00bb0PX\u00a0\u00bb][\/vc_column_inner][\/vc_row_inner][vc_empty_space height=\u00a0\u00bb15PX\u00a0\u00bb][vc_video link=\u00a0\u00bbhttps:\/\/www.youtube.com\/watch?v=4Lhg2Ekt8s0&Prime; autoplay=\u00a0\u00bbtrue\u00a0\u00bb hide_controls=\u00a0\u00bbtrue\u00a0\u00bb][vc_custom_heading text=\u00a0\u00bbTecno Fluid Service existe depuis 1997 et a \u00e9t\u00e9 cr\u00e9\u00e9e et d\u00e9velopp\u00e9e gr\u00e2ce \u00e0 la longue exp\u00e9rience acquise par son fondateur, Angelo Pagano, dans le domaine des technologies li\u00e9es \u00e0 l&rsquo;hydraulique.<br \/>\nautour de l&rsquo;hydraulique, acquise par son fondateur, Angelo Pagano. Actuellement, elle se pr\u00e9sente sur le march\u00e9 international avec un groupe de<br \/>\ngroupe de 30 collaborateurs, chacun sp\u00e9cialis\u00e9 dans quatre domaines principaux :\u00a0\u00bb font_container=\u00a0\u00bbtag:p|font_size:16|text_align:center\u00a0\u00bb use_theme_fonts=\u00a0\u00bbyes\u00a0\u00bb css=\u00a0\u00bb.vc_custom_1641402873613{margin-top: 20px !important;padding-bottom: 0px !important;}\u00a0\u00bb][vc_row_inner is_fullwidth_content=\u00a0\u00bbfalse\u00a0\u00bb css=\u00a0\u00bb.vc_custom_1526484956537{padding-top: 15px !important;padding-bottom: 100px !important;}\u00a0\u00bb][vc_column_inner width=\u00a0\u00bb1\/2&Prime;][mk_custom_list el_class=\u00a0\u00bblist\u00a0\u00bb]\n<ul>\n<li><span style=\"font-size: 12pt;\">manutenzione, riparazione e rettifica di componenti ed impianti;<\/span><\/li>\n<li><span style=\"font-size: 12pt;\">vendita di soluzioni oleodinamiche, con un assortimento oltre 2000 prodotti;<\/span><\/li>\n<\/ul>\n[\/mk_custom_list][\/vc_column_inner][vc_column_inner width=\u00a0\u00bb1\/2&Prime;][mk_custom_list el_class=\u00a0\u00bblist\u00a0\u00bb]\n<ul>\n<li><span style=\"font-size: 12pt;\">progettazione e realizzazione di impianti di ingegneria complessi;<\/span><\/li>\n<li><span style=\"font-size: 12pt;\">customer care ed assistenza post vendita.<\/span><\/li>\n<\/ul>\n[\/mk_custom_list][\/vc_column_inner][\/vc_row_inner][vc_empty_space height=\u00a0\u00bb30PX\u00a0\u00bb][\/vc_column][\/vc_row][vc_row fullwidth=\u00a0\u00bbtrue\u00a0\u00bb visibility=\u00a0\u00bbvisible-sm\u00a0\u00bb css=\u00a0\u00bb.vc_custom_1526580862259{background-color: #dd7373 !important;}\u00a0\u00bb][vc_column][vc_single_image image=\u00a0\u00bb5416&Prime; img_size=\u00a0\u00bb300X450&Prime; alignment=\u00a0\u00bbcenter\u00a0\u00bb css_animation=\u00a0\u00bbfadeInLeft\u00a0\u00bb css=\u00a0\u00bb.vc_custom_1618081680653{padding-top: 80px !important;padding-bottom: 50px !important;}\u00a0\u00bb][\/vc_column][\/vc_row][vc_row fullwidth=\u00a0\u00bbtrue\u00a0\u00bb css=\u00a0\u00bb.vc_custom_1526580766746{background-color: #dd7373 !important;}\u00a0\u00bb][vc_column visibility=\u00a0\u00bbhidden-sm\u00a0\u00bb width=\u00a0\u00bb1\/3&Prime;][vc_single_image image=\u00a0\u00bb5416&Prime; img_size=\u00a0\u00bb300X450&Prime; alignment=\u00a0\u00bbright\u00a0\u00bb css_animation=\u00a0\u00bbfadeInLeft\u00a0\u00bb css=\u00a0\u00bb.vc_custom_1618081694326{padding-top: 80px !important;padding-bottom: 50px !important;}\u00a0\u00bb][\/vc_column][vc_column width=\u00a0\u00bb2\/3&Prime;][vc_custom_heading text=\u00a0\u00bbPOLITIQUE DE QUALIT\u00c9\u00a0\u00bb font_container=\u00a0\u00bbtag:h2|font_size:34|text_align:center|color:%23ffffff\u00a0\u00bb use_theme_fonts=\u00a0\u00bbyes\u00a0\u00bb css=\u00a0\u00bb.vc_custom_1641402885580{padding-top: 160px !important;padding-bottom: 10px !important;}\u00a0\u00bb][vc_row_inner][vc_column_inner width=\u00a0\u00bb1\/3&Prime;][vc_empty_space][\/vc_column_inner][vc_column_inner width=\u00a0\u00bb1\/3&Prime;][vc_separator color=\u00a0\u00bbwhite\u00a0\u00bb border_width=\u00a0\u00bb2&Prime; el_width=\u00a0\u00bb10&Prime;][\/vc_column_inner][vc_column_inner width=\u00a0\u00bb1\/3&Prime;][vc_empty_space height=\u00a0\u00bb0PX\u00a0\u00bb][\/vc_column_inner][\/vc_row_inner][vc_custom_heading text=\u00a0\u00bbLa fiabilit\u00e9, la qualit\u00e9 et la comp\u00e9tence ainsi qu&rsquo;une large gamme de produits hydrauliques font de notre entreprise le choix optimal pour les clients les plus exigeants. <TFS est certifi\u00e9 conform\u00e9ment \u00e0 la norme UNI EN ISO 9001 depuis 1999.\nLa certification du syst\u00e8me de gestion de la qualit\u00e9 (r\u00e9gie par les normes-cadres de la s\u00e9rie ISO 9000) garantit l'aptitude d'une organisation (qu'il s'agisse d'un producteur de biens ou d'un prestataire de services) \u00e0 structurer et \u00e0 g\u00e9rer ses ressources et ses processus de production de mani\u00e8re \u00e0 reconna\u00eetre et \u00e0 satisfaire les besoins des clients (y compris ceux li\u00e9s \u00e0 la conformit\u00e9 aux exigences obligatoires), ainsi que l'engagement d'am\u00e9liorer continuellement cette aptitude.\" font_container=\"tag:p|font_size:14|text_align:center|color:%23ffffff\" use_theme_fonts=\"yes\" css=\".vc_custom_1641402910187{padding-top: 10px !important;padding-right: 60px !important;padding-bottom: 140px !important;padding-left: 60px !important;}\"][\/vc_column][\/vc_row][vc_row][vc_column][vc_custom_heading text=\"MARCH\u00c9S SERVIS\" font_container=\"tag:h2|font_size:36|text_align:center|color:%23919191\" use_theme_fonts=\"yes\" css=\".vc_custom_1641402913846{padding-top: 150px !important;padding-bottom: 10px !important;}\"][vc_row_inner][vc_column_inner width=\"1\/3\"][vc_empty_space][\/vc_column_inner][vc_column_inner width=\"1\/3\"][vc_separator color=\"custom\" border_width=\"3\" el_width=\"10\" accent_color=\"#7f7f7f\"][\/vc_column_inner][vc_column_inner width=\"1\/3\"][vc_empty_space height=\"0PX\"][\/vc_column_inner][\/vc_row_inner][\/vc_column][\/vc_row][vc_row fullwidth=\"true\" fullwidth_content=\"false\" css=\".vc_custom_1526922468309{padding-top: 60px !important;padding-bottom: 170px !important;}\"][vc_column width=\"1\/6\"][vc_single_image image=\"5402\" img_size=\"full\" alignment=\"center\"][vc_custom_heading text=\"INDUSTRIEL\" font_container=\"tag:h2|font_size:18|text_align:center|color:%23dd3333\" google_fonts=\"font_family:Montserrat%3Aregular%2C700|font_style:400%20regular%3A400%3Anormal\"][\/vc_column][vc_column width=\"1\/6\"][vc_single_image image=\"5401\" img_size=\"full\" alignment=\"center\"][vc_custom_heading text=\"NAVY\" font_container=\"tag:h2|font_size:18|text_align:center|color:%23dd3333\" google_fonts=\"font_family:Montserrat%3Aregular%2C700|font_style:400%20regular%3A400%3Anormal\"][\/vc_column][vc_column width=\"1\/6\"][vc_single_image image=\"5400\" img_size=\"full\" alignment=\"center\"][vc_custom_heading text=\"AGRICULTURE\" font_container=\"tag:h2|font_size:18|text_align:center|color:%23dd3333\" google_fonts=\"font_family:Montserrat%3Aregular%2C700|font_style:400%20regular%3A400%3Anormal\"][\/vc_column][vc_column width=\"1\/6\"][vc_single_image image=\"5399\" img_size=\"full\" alignment=\"center\"][vc_custom_heading text=\"ECOLOGIE\" font_container=\"tag:h2|font_size:18|text_align:center|color:%23dd3333\" google_fonts=\"font_family:Montserrat%3Aregular%2C700|font_style:400%20regular%3A400%3Anormal\"][\/vc_column][vc_column width=\"1\/6\"][vc_single_image image=\"5398\" img_size=\"full\" alignment=\"center\"][vc_custom_heading text=\"TRANSPORTS\" font_container=\"tag:h2|font_size:18|text_align:center|color:%23dd3333\" google_fonts=\"font_family:Montserrat%3Aregular%2C700|font_style:400%20regular%3A400%3Anormal\"][\/vc_column][vc_column width=\"1\/6\"][vc_single_image image=\"5397\" img_size=\"full\" alignment=\"center\"][vc_custom_heading text=\"OFFSHORE\" font_container=\"tag:h2|font_size:18|text_align:center|color:%23dd3333\" google_fonts=\"font_family:Montserrat%3Aregular%2C700|font_style:400%20regular%3A400%3Anormal\"][\/vc_column][\/vc_row][vc_row fullwidth=\"true\" fullwidth_content=\"false\" column_padding=\"2\" animation=\"right-to-left\" css=\".vc_custom_1526921458234{padding-top: 120px !important;padding-bottom: 120px !important;background-color: #8c8c8c !important;}\"][vc_column width=\"1\/2\"][mk_milestone icon=\"mk-icon-star\" icon_size=\"medium\" align=\"center\" icon_color=\"#e0cb57\" stop=\"500\" speed=\"2654\" prefix=\"+\" text=\"<b>Satisfaction du client &#8211;<\/b> L&rsquo;\u00e9toile polaire de la TSF est la cr\u00e9ation de valeur pour le client, o\u00f9 la complexit\u00e9 accrue du probl\u00e8me \u00e0 r\u00e9soudre donne l&rsquo;occasion de d\u00e9montrer sa comp\u00e9tence.\u00a0\u00bb text_color=\u00a0\u00bb#ffffff\u00a0\u00bb text_size=\u00a0\u00bb34&Prime; font_family=\u00a0\u00bbMontserrat\u00a0\u00bb font_type=\u00a0\u00bbgoogle\u00a0\u00bb font_weight=\u00a0\u00bb600&Prime; desc_size=\u00a0\u00bb16&Prime;][mk_milestone icon=\u00a0\u00bbmk-li-loupe\u00a0\u00bb icon_size=\u00a0\u00bbmedium\u00a0\u00bb align=\u00a0\u00bbcenter\u00a0\u00bb icon_color=\u00a0\u00bb#fcfcfc\u00a0\u00bb stop=\u00a0\u00bb1000&Prime; speed=\u00a0\u00bb2654&Prime; suffix=\u00a0\u00bb+\u00a0\u00bb text=\u00a0\u00bb<b>PRODUITS PRETS A LA LIVRAISON &#8211;<\/b> Un catalogue avec une large s\u00e9lection de produits hydrauliques, pneumatiques et industriels.\u00a0\u00bb text_color=\u00a0\u00bb#ffffff\u00a0\u00bb text_size=\u00a0\u00bb34&Prime; font_family=\u00a0\u00bbMontserrat\u00a0\u00bb font_type=\u00a0\u00bbgoogle\u00a0\u00bb font_weight=\u00a0\u00bb600&Prime; desc_size=\u00a0\u00bb16&Prime;][\/vc_column][vc_column width=\u00a0\u00bb1\/2&Prime;][mk_milestone icon=\u00a0\u00bbmk-icon-users\u00a0\u00bb icon_size=\u00a0\u00bbmedium\u00a0\u00bb align=\u00a0\u00bbcenter\u00a0\u00bb icon_color=\u00a0\u00bb#ffffff\u00a0\u00bb stop=\u00a0\u00bb30&Prime; text=\u00a0\u00bb<b>Collaborateurs sp\u00e9cialis\u00e9s &#8211;<\/b> Tecno Fluid Service S.r.l. se pr\u00e9sente actuellement sur le march\u00e9 international avec un groupe de 30 collaborateurs, chacun sp\u00e9cialis\u00e9 dans son domaine d&rsquo;expertise.\u00a0\u00bb text_color=\u00a0\u00bb#f9f9f9&Prime; text_size=\u00a0\u00bb34&Prime; font_family=\u00a0\u00bbMontserrat\u00a0\u00bb font_type=\u00a0\u00bbgoogle\u00a0\u00bb font_weight=\u00a0\u00bb600&Prime; desc_size=\u00a0\u00bb16&Prime;][mk_milestone icon=\u00a0\u00bbmk-moon-clock-3&Prime; icon_size=\u00a0\u00bbmedium\u00a0\u00bb align=\u00a0\u00bbcenter\u00a0\u00bb icon_color=\u00a0\u00bb#e0c738&Prime; stop=\u00a0\u00bb21&Prime; speed=\u00a0\u00bb2654&Prime; text=\u00a0\u00bb<Vingt ans d'exp\u00e9rience dans le secteur garantissent le professionnalisme et la comp\u00e9tence de TFS Oleodinamica.\" text_color=\"#ffffff\" text_size=\"34\" font_family=\"Montserrat\" font_type=\"google\" font_weight=\"600\" desc_size=\"16\" el_class=\"anni\"][\/vc_column][\/vc_row][vc_row fullwidth=\"true\" css=\".vc_custom_1526580922245{padding-right: 40px !important;padding-left: 40px !important;background-color: #dd7171 !important;}\"][vc_column][vc_icon icon_fontawesome=\"fa fa-dot-circle-o\" color=\"white\" size=\"xl\" align=\"center\" css=\".vc_custom_1526490633516{padding-top: 110px !important;}\"][vc_custom_heading text=\"NOTRE MISSION\" font_container=\"tag:h2|font_size:42|text_align:center|color:%23ffffff\" use_theme_fonts=\"yes\" css=\".vc_custom_1641402920821{padding-bottom: 10px !important;}\"][vc_row_inner][vc_column_inner width=\"1\/3\"][vc_empty_space][\/vc_column_inner][vc_column_inner width=\"1\/3\"][vc_separator color=\"white\" border_width=\"3\" el_width=\"10\"][\/vc_column_inner][vc_column_inner width=\"1\/3\"][vc_empty_space height=\"0PX\"][\/vc_column_inner][\/vc_row_inner][vc_empty_space height=\"15PX\"][vc_custom_heading text=\"Tecno Fluid Service (TFS) est la solution int\u00e9gr\u00e9e pour tous les besoins li\u00e9s \u00e0 l'hydraulique, de la conception de syst\u00e8mes complexes \u00e0 la vente de produits, en passant par la r\u00e9paration et la rectification de composants et la fourniture de pi\u00e8ces de rechange.\nla conception de syst\u00e8mes complexes, la vente de produits, la r\u00e9paration et la rectification de composants et la fourniture de pi\u00e8ces de rechange.\nTFS adresse sa gamme de produits et de services aux entreprises op\u00e9rant dans diff\u00e9rents secteurs : \u00e9nergie, industrie, naval, a\u00e9ronautique, terrassement, etc.\na\u00e9ronautique navale, terrassement, agriculture, sid\u00e9rurgie, m\u00e9canique, ferroviaire, plasturgie.\" font_container=\"tag:p|font_size:16|text_align:center|color:%23ffffff\" use_theme_fonts=\"yes\" css=\".vc_custom_1641402926724{padding-bottom: 100px !important;}\"][\/vc_column][\/vc_row][vc_row equal_columns=\"true\" css=\".vc_custom_1526485816934{background-color: #ffffff !important;}\"][vc_column width=\"2\/3\"][vc_custom_heading text=\"NOTRE CATALOGUE\" font_container=\"tag:h2|font_size:36|text_align:center|color:%23000000\" use_theme_fonts=\"yes\" css=\".vc_custom_1641402961021{padding-top: 150px !important;padding-bottom: 10px !important;}\"][vc_row_inner][vc_column_inner width=\"1\/3\"][vc_empty_space][\/vc_column_inner][vc_column_inner width=\"1\/3\"][vc_separator color=\"black\" border_width=\"3\" el_width=\"10\"][\/vc_column_inner][vc_column_inner width=\"1\/3\"][vc_empty_space height=\"0PX\"][\/vc_column_inner][\/vc_row_inner][vc_empty_space height=\"15PX\"][vc_custom_heading text=\"Gr\u00e2ce au vaste assortiment de produits en stock provenant des marques les plus connues du secteur, TFS est en mesure de garantir la rapidit\u00e9 et la continuit\u00e9 des services et de la technologie offerts. Tecno Fluid Service met \u00e0 la disposition de ses clients un assortiment total de plus de 2000 produits, avec la possibilit\u00e9 de consulter le catalogue en ligne, ainsi qu'une vaste s\u00e9lection de produits hydrauliques, pneumatiques et industriels en stock.\" font_container=\"tag:p|font_size:15|text_align:center\" use_theme_fonts=\"yes\" css=\".vc_custom_1641402967167{padding-right: 30px !important;padding-bottom: 150px !important;padding-left: 30px !important;}\"][\/vc_column][vc_column visibility=\"hidden-sm\" width=\"1\/3\"][vc_single_image image=\"5417\" img_size=\"full\" css=\".vc_custom_1618081718170{padding-top: 150px !important;}\"][\/vc_column][\/vc_row]\n<\/div>","protected":false},"excerpt":{"rendered":"<p>[vc_row css=\u00a0\u00bb.vc_custom_1526484775095{background-color: #ffffff !important;}\u00a0\u00bb][vc_column][vc_custom_heading text=\u00a0\u00bbL&rsquo;ENTREPRISE\u00a0\u00bb font_container=\u00a0\u00bbtag:h2|font_size:42|text_align:center|color:%23000000&Prime; use_theme_fonts=\u00a0\u00bbyes\u00a0\u00bb css=\u00a0\u00bb.vc_custom_1641402851352{padding-top: 110px !important;padding-bottom: 10px !important;}\u00a0\u00bb][vc_row_inner][vc_column_inner width=\u00a0\u00bb1\/3&Prime;][vc_empty_space][\/vc_column_inner][vc_column_inner width=\u00a0\u00bb1\/3&Prime;][vc_separator color=\u00a0\u00bbblack\u00a0\u00bb border_width=\u00a0\u00bb3&Prime; el_width=\u00a0\u00bb10&Prime;][\/vc_column_inner][vc_column_inner width=\u00a0\u00bb1\/3&Prime;][vc_empty_space height=\u00a0\u00bb0PX\u00a0\u00bb][\/vc_column_inner][\/vc_row_inner][vc_empty_space height=\u00a0\u00bb15PX\u00a0\u00bb][vc_video link=\u00a0\u00bbhttps:\/\/www.youtube.com\/watch?v=4Lhg2Ekt8s0&Prime; autoplay=\u00a0\u00bbtrue\u00a0\u00bb hide_controls=\u00a0\u00bbtrue\u00a0\u00bb][vc_custom_heading text=\u00a0\u00bbTecno Fluid Service existe depuis 1997 et a \u00e9t\u00e9 cr\u00e9\u00e9e et d\u00e9velopp\u00e9e gr\u00e2ce \u00e0 la longue exp\u00e9rience acquise par son fondateur, Angelo Pagano, dans le domaine des technologies li\u00e9es \u00e0 l&rsquo;hydraulique. autour [&hellip;]<\/p>\n","protected":false},"author":1,"featured_media":0,"parent":0,"menu_order":0,"comment_status":"closed","ping_status":"closed","template":"","meta":{"footnotes":""},"class_list":["post-2712","page","type-page","status-publish","hentry"],"yoast_head":"<!-- This site is optimized with the Yoast SEO plugin v27.4 - https:\/\/yoast.com\/product\/yoast-seo-wordpress\/ -->\n<title>Entreprise - TFS Oleodinamica - Assistance et revente Bosch Rexroth<\/title>\n<meta name=\"robots\" content=\"index, follow, max-snippet:-1, max-image-preview:large, max-video-preview:-1\" \/>\n<link rel=\"canonical\" href=\"https:\/\/www.tfsoleodinamica.it\/azienda\/\" \/>\n<meta property=\"og:locale\" content=\"fr_FR\" \/>\n<meta property=\"og:type\" content=\"article\" \/>\n<meta property=\"og:title\" content=\"Entreprise - TFS Oleodinamica - Assistance et revente Bosch Rexroth\" \/>\n<meta property=\"og:url\" content=\"https:\/\/www.tfsoleodinamica.it\/azienda\/\" \/>\n<meta property=\"og:site_name\" content=\"TFS Oleodinamica - Assistance et revente Bosch Rexroth\" \/>\n<meta property=\"article:publisher\" content=\"http:\/\/www.facebook.com\/tfsoleodinamica\" \/>\n<meta property=\"article:modified_time\" content=\"2022-01-10T17:10:32+00:00\" \/>\n<meta property=\"og:image\" content=\"https:\/\/www.tfsoleodinamica.it\/wp-content\/uploads\/tfs_azienda-1.jpg\" \/>\n\t<meta property=\"og:image:width\" content=\"1920\" \/>\n\t<meta property=\"og:image:height\" content=\"1080\" \/>\n\t<meta property=\"og:image:type\" content=\"image\/jpeg\" \/>\n<meta name=\"twitter:card\" content=\"summary_large_image\" \/>\n<meta name=\"twitter:label1\" content=\"Dur\u00e9e de lecture estim\u00e9e\" \/>\n\t<meta name=\"twitter:data1\" content=\"4 minutes\" \/>\n<script type=\"application\/ld+json\" class=\"yoast-schema-graph\">{\"@context\":\"https:\\\/\\\/schema.org\",\"@graph\":[{\"@type\":\"WebPage\",\"@id\":\"https:\\\/\\\/www.tfsoleodinamica.it\\\/azienda\\\/\",\"url\":\"https:\\\/\\\/www.tfsoleodinamica.it\\\/azienda\\\/\",\"name\":\"Entreprise - TFS Oleodinamica - Assistance et revente Bosch Rexroth\",\"isPartOf\":{\"@id\":\"https:\\\/\\\/www.tfsoleodinamica.it\\\/#website\"},\"datePublished\":\"2018-05-16T12:37:14+00:00\",\"dateModified\":\"2022-01-10T17:10:32+00:00\",\"breadcrumb\":{\"@id\":\"https:\\\/\\\/www.tfsoleodinamica.it\\\/azienda\\\/#breadcrumb\"},\"inLanguage\":\"fr-FR\",\"potentialAction\":[{\"@type\":\"ReadAction\",\"target\":[\"https:\\\/\\\/www.tfsoleodinamica.it\\\/azienda\\\/\"]}]},{\"@type\":\"BreadcrumbList\",\"@id\":\"https:\\\/\\\/www.tfsoleodinamica.it\\\/azienda\\\/#breadcrumb\",\"itemListElement\":[{\"@type\":\"ListItem\",\"position\":1,\"name\":\"Home\",\"item\":\"https:\\\/\\\/www.tfsoleodinamica.it\\\/\"},{\"@type\":\"ListItem\",\"position\":2,\"name\":\"Azienda\"}]},{\"@type\":\"WebSite\",\"@id\":\"https:\\\/\\\/www.tfsoleodinamica.it\\\/#website\",\"url\":\"https:\\\/\\\/www.tfsoleodinamica.it\\\/\",\"name\":\"TFS Oleodinamica - Assistance et revente Bosch Rexroth\",\"description\":\"Assistance et revente de produits pour l&#039;hydraulique\",\"publisher\":{\"@id\":\"https:\\\/\\\/www.tfsoleodinamica.it\\\/#organization\"},\"potentialAction\":[{\"@type\":\"SearchAction\",\"target\":{\"@type\":\"EntryPoint\",\"urlTemplate\":\"https:\\\/\\\/www.tfsoleodinamica.it\\\/?s={search_term_string}\"},\"query-input\":{\"@type\":\"PropertyValueSpecification\",\"valueRequired\":true,\"valueName\":\"search_term_string\"}}],\"inLanguage\":\"fr-FR\"},{\"@type\":\"Organization\",\"@id\":\"https:\\\/\\\/www.tfsoleodinamica.it\\\/#organization\",\"name\":\"Tecno Fluid Service Srl\",\"url\":\"https:\\\/\\\/www.tfsoleodinamica.it\\\/\",\"logo\":{\"@type\":\"ImageObject\",\"inLanguage\":\"fr-FR\",\"@id\":\"https:\\\/\\\/www.tfsoleodinamica.it\\\/#\\\/schema\\\/logo\\\/image\\\/\",\"url\":\"https:\\\/\\\/www.tfsoleodinamica.it\\\/wp-content\\\/uploads\\\/logo-tfs.png\",\"contentUrl\":\"https:\\\/\\\/www.tfsoleodinamica.it\\\/wp-content\\\/uploads\\\/logo-tfs.png\",\"width\":82,\"height\":80,\"caption\":\"Tecno Fluid Service Srl\"},\"image\":{\"@id\":\"https:\\\/\\\/www.tfsoleodinamica.it\\\/#\\\/schema\\\/logo\\\/image\\\/\"},\"sameAs\":[\"http:\\\/\\\/www.facebook.com\\\/tfsoleodinamica\",\"http:\\\/\\\/www.linkedin.com\\\/company\\\/tfs-srl-tecno-fluid-service\",\"http:\\\/\\\/www.youtube.com\\\/watch?v=8XDyMn9zUQI\"]}]}<\/script>\n<!-- \/ Yoast SEO plugin. -->","yoast_head_json":{"title":"Entreprise - TFS Oleodinamica - Assistance et revente Bosch Rexroth","robots":{"index":"index","follow":"follow","max-snippet":"max-snippet:-1","max-image-preview":"max-image-preview:large","max-video-preview":"max-video-preview:-1"},"canonical":"https:\/\/www.tfsoleodinamica.it\/azienda\/","og_locale":"fr_FR","og_type":"article","og_title":"Entreprise - TFS Oleodinamica - Assistance et revente Bosch Rexroth","og_url":"https:\/\/www.tfsoleodinamica.it\/azienda\/","og_site_name":"TFS Oleodinamica - Assistance et revente Bosch Rexroth","article_publisher":"http:\/\/www.facebook.com\/tfsoleodinamica","article_modified_time":"2022-01-10T17:10:32+00:00","og_image":[{"width":1920,"height":1080,"url":"https:\/\/www.tfsoleodinamica.it\/wp-content\/uploads\/tfs_azienda-1.jpg","type":"image\/jpeg"}],"twitter_card":"summary_large_image","twitter_misc":{"Dur\u00e9e de lecture estim\u00e9e":"4 minutes"},"schema":{"@context":"https:\/\/schema.org","@graph":[{"@type":"WebPage","@id":"https:\/\/www.tfsoleodinamica.it\/azienda\/","url":"https:\/\/www.tfsoleodinamica.it\/azienda\/","name":"Entreprise - TFS Oleodinamica - Assistance et revente Bosch Rexroth","isPartOf":{"@id":"https:\/\/www.tfsoleodinamica.it\/#website"},"datePublished":"2018-05-16T12:37:14+00:00","dateModified":"2022-01-10T17:10:32+00:00","breadcrumb":{"@id":"https:\/\/www.tfsoleodinamica.it\/azienda\/#breadcrumb"},"inLanguage":"fr-FR","potentialAction":[{"@type":"ReadAction","target":["https:\/\/www.tfsoleodinamica.it\/azienda\/"]}]},{"@type":"BreadcrumbList","@id":"https:\/\/www.tfsoleodinamica.it\/azienda\/#breadcrumb","itemListElement":[{"@type":"ListItem","position":1,"name":"Home","item":"https:\/\/www.tfsoleodinamica.it\/"},{"@type":"ListItem","position":2,"name":"Azienda"}]},{"@type":"WebSite","@id":"https:\/\/www.tfsoleodinamica.it\/#website","url":"https:\/\/www.tfsoleodinamica.it\/","name":"TFS Oleodinamica - Assistance et revente Bosch Rexroth","description":"Assistance et revente de produits pour l&#039;hydraulique","publisher":{"@id":"https:\/\/www.tfsoleodinamica.it\/#organization"},"potentialAction":[{"@type":"SearchAction","target":{"@type":"EntryPoint","urlTemplate":"https:\/\/www.tfsoleodinamica.it\/?s={search_term_string}"},"query-input":{"@type":"PropertyValueSpecification","valueRequired":true,"valueName":"search_term_string"}}],"inLanguage":"fr-FR"},{"@type":"Organization","@id":"https:\/\/www.tfsoleodinamica.it\/#organization","name":"Tecno Fluid Service Srl","url":"https:\/\/www.tfsoleodinamica.it\/","logo":{"@type":"ImageObject","inLanguage":"fr-FR","@id":"https:\/\/www.tfsoleodinamica.it\/#\/schema\/logo\/image\/","url":"https:\/\/www.tfsoleodinamica.it\/wp-content\/uploads\/logo-tfs.png","contentUrl":"https:\/\/www.tfsoleodinamica.it\/wp-content\/uploads\/logo-tfs.png","width":82,"height":80,"caption":"Tecno Fluid Service Srl"},"image":{"@id":"https:\/\/www.tfsoleodinamica.it\/#\/schema\/logo\/image\/"},"sameAs":["http:\/\/www.facebook.com\/tfsoleodinamica","http:\/\/www.linkedin.com\/company\/tfs-srl-tecno-fluid-service","http:\/\/www.youtube.com\/watch?v=8XDyMn9zUQI"]}]}},"_links":{"self":[{"href":"https:\/\/www.tfsoleodinamica.it\/fr\/wp-json\/wp\/v2\/pages\/2712","targetHints":{"allow":["GET"]}}],"collection":[{"href":"https:\/\/www.tfsoleodinamica.it\/fr\/wp-json\/wp\/v2\/pages"}],"about":[{"href":"https:\/\/www.tfsoleodinamica.it\/fr\/wp-json\/wp\/v2\/types\/page"}],"author":[{"embeddable":true,"href":"https:\/\/www.tfsoleodinamica.it\/fr\/wp-json\/wp\/v2\/users\/1"}],"replies":[{"embeddable":true,"href":"https:\/\/www.tfsoleodinamica.it\/fr\/wp-json\/wp\/v2\/comments?post=2712"}],"version-history":[{"count":5,"href":"https:\/\/www.tfsoleodinamica.it\/fr\/wp-json\/wp\/v2\/pages\/2712\/revisions"}],"predecessor-version":[{"id":5920,"href":"https:\/\/www.tfsoleodinamica.it\/fr\/wp-json\/wp\/v2\/pages\/2712\/revisions\/5920"}],"wp:attachment":[{"href":"https:\/\/www.tfsoleodinamica.it\/fr\/wp-json\/wp\/v2\/media?parent=2712"}],"curies":[{"name":"wp","href":"https:\/\/api.w.org\/{rel}","templated":true}]}}