{"id":6194,"date":"2026-04-15T12:13:29","date_gmt":"2026-04-15T12:13:29","guid":{"rendered":"https:\/\/www.tfsoleodinamica.it\/motore-idraulico-a-pistoni-radiali-hagglunds-viking-vi\/"},"modified":"2026-04-15T13:35:39","modified_gmt":"2026-04-15T13:35:39","slug":"motore-idraulico-a-pistoni-radiali-hagglunds-viking-vi","status":"publish","type":"product","link":"https:\/\/www.tfsoleodinamica.it\/en\/motore-idraulico-a-pistoni-radiali-hagglunds-viking-vi\/","title":{"rendered":"H\u00e4gglunds Viking (VI) Radial Piston Hydraulic Motor"},"content":{"rendered":"<p>The H\u00e4gglunds Viking (VI) radial piston hydraulic motor is available in three series (44, 64, 84) with displacement range from 3,325 to 38,000 cm\u00b3\/rev. The motor features displacement shift capability enabling 2-speed operation with ratio options of 1:2, 1:3, or 2:3. Rated speeds range from 25 to 100 rpm with maximum speeds up to 200 rpm, operating at pressures up to 320-360 bar depending on configuration. The symmetric design prevents pressure pulsations in the motor case, and the motor is available in both driving and braking configurations with multiple seal types.<\/p>\n<ul>\n<li>Three series (44, 64, 84) with displacement 3,325\u201338,000 cm\u00b3\/rev<\/li>\n<li>Displacement shift capability with 2-speed ratio options (1:2, 1:3, 2:3)<\/li>\n<li>Symmetric design preventing case pressure pulsations<\/li>\n<li>Rated speeds 25\u2013100 rpm with maximum to 200 rpm<\/li>\n<li>Operating pressure to 320 bar (64 series) or 360 bar (44 series)<\/li>\n<li>Available in driving and braking modes with multiple seal options<\/li>\n<\/ul>","protected":false},"excerpt":{"rendered":"<p><strong>H\u00e4gglunds Viking<\/strong> \u2013 The H\u00e4gglunds VI (Viking) is a versatile radial piston hydraulic motor featuring displacement shift capability and 2-speed operation for diverse industrial applications.<\/p>\n<p><a href=\"https:\/\/www.tfsoleodinamica.it\/wp-content\/uploads\/hagglunds-viking-brochure.pdf\" target=\"_blank\" rel=\"noopener noreferrer\">\ud83d\udcc4 Download Brochure<\/a><\/p>\n","protected":false},"featured_media":6159,"comment_status":"open","ping_status":"closed","template":"","meta":[],"product_brand":[],"product_cat":[986,993],"product_tag":[],"class_list":{"0":"post-6194","1":"product","2":"type-product","3":"status-publish","4":"has-post-thumbnail","6":"product_cat-motori-a-pistoni-radiali","7":"product_cat-viking","8":"pa_brand-hagglunds","9":"pa_prodotto-motori-a-pistoni-radiali","10":"pa_serie-hagglunds-viking","12":"first","13":"instock","14":"shipping-taxable","15":"product-type-simple"},"yoast_head":"<!-- This site is optimized with the Yoast SEO plugin v27.4 - https:\/\/yoast.com\/product\/yoast-seo-wordpress\/ -->\n<title>H\u00e4gglunds Viking (VI) Radial Piston Hydraulic Motor - TFS Oleodinamica - Bosch Rexroth&#039;s partner<\/title>\n<meta name=\"description\" content=\"Assistenza, progettazione impianti oleodinamici. Vendita prodotti per oleodinamica. Rivenditore Bosch Rexroth.\" \/>\n<meta name=\"robots\" content=\"index, follow, max-snippet:-1, max-image-preview:large, max-video-preview:-1\" \/>\n<link rel=\"canonical\" href=\"https:\/\/www.tfsoleodinamica.it\/motore-idraulico-a-pistoni-radiali-hagglunds-viking-vi\/\" \/>\n<meta property=\"og:locale\" content=\"en_US\" \/>\n<meta property=\"og:type\" content=\"article\" \/>\n<meta property=\"og:title\" content=\"H\u00e4gglunds Viking (VI) Radial Piston Hydraulic Motor - TFS Oleodinamica - Bosch Rexroth&#039;s partner\" \/>\n<meta property=\"og:description\" content=\"Assistenza, progettazione impianti oleodinamici. Vendita prodotti per oleodinamica. Rivenditore Bosch Rexroth.\" \/>\n<meta property=\"og:url\" content=\"https:\/\/www.tfsoleodinamica.it\/motore-idraulico-a-pistoni-radiali-hagglunds-viking-vi\/\" \/>\n<meta property=\"og:site_name\" content=\"TFS Oleodinamica - Bosch Rexroth&#039;s partner\" \/>\n<meta property=\"article:publisher\" content=\"http:\/\/www.facebook.com\/tfsoleodinamica\" \/>\n<meta property=\"article:modified_time\" content=\"2026-04-15T13:35:39+00:00\" \/>\n<meta property=\"og:image\" content=\"https:\/\/www.tfsoleodinamica.it\/wp-content\/uploads\/2026\/04\/hagglunds-viking-motore-radiale-categoria.jpg\" \/>\n\t<meta property=\"og:image:width\" content=\"1280\" \/>\n\t<meta property=\"og:image:height\" content=\"720\" \/>\n\t<meta property=\"og:image:type\" content=\"image\/jpeg\" \/>\n<meta name=\"twitter:card\" content=\"summary_large_image\" \/>\n<meta name=\"twitter:label1\" content=\"Est. reading time\" \/>\n\t<meta name=\"twitter:data1\" content=\"2 minutes\" \/>\n<script type=\"application\/ld+json\" class=\"yoast-schema-graph\">{\"@context\":\"https:\\\/\\\/schema.org\",\"@graph\":[{\"@type\":\"WebPage\",\"@id\":\"https:\\\/\\\/www.tfsoleodinamica.it\\\/motore-idraulico-a-pistoni-radiali-hagglunds-viking-vi\\\/\",\"url\":\"https:\\\/\\\/www.tfsoleodinamica.it\\\/motore-idraulico-a-pistoni-radiali-hagglunds-viking-vi\\\/\",\"name\":\"H\u00e4gglunds Viking (VI) Radial Piston Hydraulic Motor - TFS Oleodinamica - Bosch Rexroth&#039;s partner\",\"isPartOf\":{\"@id\":\"https:\\\/\\\/www.tfsoleodinamica.it\\\/#website\"},\"primaryImageOfPage\":{\"@id\":\"https:\\\/\\\/www.tfsoleodinamica.it\\\/motore-idraulico-a-pistoni-radiali-hagglunds-viking-vi\\\/#primaryimage\"},\"image\":{\"@id\":\"https:\\\/\\\/www.tfsoleodinamica.it\\\/motore-idraulico-a-pistoni-radiali-hagglunds-viking-vi\\\/#primaryimage\"},\"thumbnailUrl\":\"https:\\\/\\\/www.tfsoleodinamica.it\\\/wp-content\\\/uploads\\\/2026\\\/04\\\/hagglunds-viking-motore-radiale-categoria.jpg\",\"datePublished\":\"2026-04-15T12:13:29+00:00\",\"dateModified\":\"2026-04-15T13:35:39+00:00\",\"description\":\"Assistenza, progettazione impianti oleodinamici. Vendita prodotti per oleodinamica. Rivenditore Bosch Rexroth.\",\"breadcrumb\":{\"@id\":\"https:\\\/\\\/www.tfsoleodinamica.it\\\/motore-idraulico-a-pistoni-radiali-hagglunds-viking-vi\\\/#breadcrumb\"},\"inLanguage\":\"en-US\",\"potentialAction\":[{\"@type\":\"ReadAction\",\"target\":[\"https:\\\/\\\/www.tfsoleodinamica.it\\\/motore-idraulico-a-pistoni-radiali-hagglunds-viking-vi\\\/\"]}]},{\"@type\":\"ImageObject\",\"inLanguage\":\"en-US\",\"@id\":\"https:\\\/\\\/www.tfsoleodinamica.it\\\/motore-idraulico-a-pistoni-radiali-hagglunds-viking-vi\\\/#primaryimage\",\"url\":\"https:\\\/\\\/www.tfsoleodinamica.it\\\/wp-content\\\/uploads\\\/2026\\\/04\\\/hagglunds-viking-motore-radiale-categoria.jpg\",\"contentUrl\":\"https:\\\/\\\/www.tfsoleodinamica.it\\\/wp-content\\\/uploads\\\/2026\\\/04\\\/hagglunds-viking-motore-radiale-categoria.jpg\",\"width\":1280,\"height\":720,\"caption\":\"[:it]H\u00e4gglunds Viking | Motori a Pistoni Radiali[:en]H\u00e4gglunds Viking | Radial Piston Motors[:fr]H\u00e4gglunds Viking | Moteurs \u00e0 Pistons Radiaux[:ru]H\u00e4gglunds Viking | \u0420\u0430\u0434\u0438\u0430\u043b\u044c\u043d\u043e-\u043f\u043e\u0440\u0448\u043d\u0435\u0432\u044b\u0435 \u0434\u0432\u0438\u0433\u0430\u0442\u0435\u043b\u0438[:]\"},{\"@type\":\"BreadcrumbList\",\"@id\":\"https:\\\/\\\/www.tfsoleodinamica.it\\\/motore-idraulico-a-pistoni-radiali-hagglunds-viking-vi\\\/#breadcrumb\",\"itemListElement\":[{\"@type\":\"ListItem\",\"position\":1,\"name\":\"Home\",\"item\":\"https:\\\/\\\/www.tfsoleodinamica.it\\\/\"},{\"@type\":\"ListItem\",\"position\":2,\"name\":\"Boutique\",\"item\":\"https:\\\/\\\/www.tfsoleodinamica.it\\\/fr\\\/negozio\\\/\"},{\"@type\":\"ListItem\",\"position\":3,\"name\":\"Motore Idraulico a Pistoni Radiali H\u00e4gglunds Viking (VI)\"}]},{\"@type\":\"WebSite\",\"@id\":\"https:\\\/\\\/www.tfsoleodinamica.it\\\/#website\",\"url\":\"https:\\\/\\\/www.tfsoleodinamica.it\\\/\",\"name\":\"TFS Oleodinamica - Bosch Rexroth&#039;s partner\",\"description\":\"Assistance and resale of products for hydraulics\",\"publisher\":{\"@id\":\"https:\\\/\\\/www.tfsoleodinamica.it\\\/#organization\"},\"potentialAction\":[{\"@type\":\"SearchAction\",\"target\":{\"@type\":\"EntryPoint\",\"urlTemplate\":\"https:\\\/\\\/www.tfsoleodinamica.it\\\/?s={search_term_string}\"},\"query-input\":{\"@type\":\"PropertyValueSpecification\",\"valueRequired\":true,\"valueName\":\"search_term_string\"}}],\"inLanguage\":\"en-US\"},{\"@type\":\"Organization\",\"@id\":\"https:\\\/\\\/www.tfsoleodinamica.it\\\/#organization\",\"name\":\"Tecno Fluid Service Srl\",\"url\":\"https:\\\/\\\/www.tfsoleodinamica.it\\\/\",\"logo\":{\"@type\":\"ImageObject\",\"inLanguage\":\"en-US\",\"@id\":\"https:\\\/\\\/www.tfsoleodinamica.it\\\/#\\\/schema\\\/logo\\\/image\\\/\",\"url\":\"https:\\\/\\\/www.tfsoleodinamica.it\\\/wp-content\\\/uploads\\\/logo-tfs.png\",\"contentUrl\":\"https:\\\/\\\/www.tfsoleodinamica.it\\\/wp-content\\\/uploads\\\/logo-tfs.png\",\"width\":82,\"height\":80,\"caption\":\"Tecno Fluid Service Srl\"},\"image\":{\"@id\":\"https:\\\/\\\/www.tfsoleodinamica.it\\\/#\\\/schema\\\/logo\\\/image\\\/\"},\"sameAs\":[\"http:\\\/\\\/www.facebook.com\\\/tfsoleodinamica\",\"http:\\\/\\\/www.linkedin.com\\\/company\\\/tfs-srl-tecno-fluid-service\",\"http:\\\/\\\/www.youtube.com\\\/watch?v=8XDyMn9zUQI\"]}]}<\/script>\n<!-- \/ Yoast SEO plugin. -->","yoast_head_json":{"title":"H\u00e4gglunds Viking (VI) Radial Piston Hydraulic Motor - TFS Oleodinamica - Bosch Rexroth&#039;s partner","description":"Assistenza, progettazione impianti oleodinamici. Vendita prodotti per oleodinamica. Rivenditore Bosch Rexroth.","robots":{"index":"index","follow":"follow","max-snippet":"max-snippet:-1","max-image-preview":"max-image-preview:large","max-video-preview":"max-video-preview:-1"},"canonical":"https:\/\/www.tfsoleodinamica.it\/motore-idraulico-a-pistoni-radiali-hagglunds-viking-vi\/","og_locale":"en_US","og_type":"article","og_title":"H\u00e4gglunds Viking (VI) Radial Piston Hydraulic Motor - TFS Oleodinamica - Bosch Rexroth&#039;s partner","og_description":"Assistenza, progettazione impianti oleodinamici. Vendita prodotti per oleodinamica. Rivenditore Bosch Rexroth.","og_url":"https:\/\/www.tfsoleodinamica.it\/motore-idraulico-a-pistoni-radiali-hagglunds-viking-vi\/","og_site_name":"TFS Oleodinamica - Bosch Rexroth&#039;s partner","article_publisher":"http:\/\/www.facebook.com\/tfsoleodinamica","article_modified_time":"2026-04-15T13:35:39+00:00","og_image":[{"width":1280,"height":720,"url":"https:\/\/www.tfsoleodinamica.it\/wp-content\/uploads\/2026\/04\/hagglunds-viking-motore-radiale-categoria.jpg","type":"image\/jpeg"}],"twitter_card":"summary_large_image","twitter_misc":{"Est. reading time":"2 minutes"},"schema":{"@context":"https:\/\/schema.org","@graph":[{"@type":"WebPage","@id":"https:\/\/www.tfsoleodinamica.it\/motore-idraulico-a-pistoni-radiali-hagglunds-viking-vi\/","url":"https:\/\/www.tfsoleodinamica.it\/motore-idraulico-a-pistoni-radiali-hagglunds-viking-vi\/","name":"H\u00e4gglunds Viking (VI) Radial Piston Hydraulic Motor - TFS Oleodinamica - Bosch Rexroth&#039;s partner","isPartOf":{"@id":"https:\/\/www.tfsoleodinamica.it\/#website"},"primaryImageOfPage":{"@id":"https:\/\/www.tfsoleodinamica.it\/motore-idraulico-a-pistoni-radiali-hagglunds-viking-vi\/#primaryimage"},"image":{"@id":"https:\/\/www.tfsoleodinamica.it\/motore-idraulico-a-pistoni-radiali-hagglunds-viking-vi\/#primaryimage"},"thumbnailUrl":"https:\/\/www.tfsoleodinamica.it\/wp-content\/uploads\/2026\/04\/hagglunds-viking-motore-radiale-categoria.jpg","datePublished":"2026-04-15T12:13:29+00:00","dateModified":"2026-04-15T13:35:39+00:00","description":"Assistenza, progettazione impianti oleodinamici. Vendita prodotti per oleodinamica. Rivenditore Bosch Rexroth.","breadcrumb":{"@id":"https:\/\/www.tfsoleodinamica.it\/motore-idraulico-a-pistoni-radiali-hagglunds-viking-vi\/#breadcrumb"},"inLanguage":"en-US","potentialAction":[{"@type":"ReadAction","target":["https:\/\/www.tfsoleodinamica.it\/motore-idraulico-a-pistoni-radiali-hagglunds-viking-vi\/"]}]},{"@type":"ImageObject","inLanguage":"en-US","@id":"https:\/\/www.tfsoleodinamica.it\/motore-idraulico-a-pistoni-radiali-hagglunds-viking-vi\/#primaryimage","url":"https:\/\/www.tfsoleodinamica.it\/wp-content\/uploads\/2026\/04\/hagglunds-viking-motore-radiale-categoria.jpg","contentUrl":"https:\/\/www.tfsoleodinamica.it\/wp-content\/uploads\/2026\/04\/hagglunds-viking-motore-radiale-categoria.jpg","width":1280,"height":720,"caption":"[:it]H\u00e4gglunds Viking | Motori a Pistoni Radiali[:en]H\u00e4gglunds Viking | Radial Piston Motors[:fr]H\u00e4gglunds Viking | Moteurs \u00e0 Pistons Radiaux[:ru]H\u00e4gglunds Viking | \u0420\u0430\u0434\u0438\u0430\u043b\u044c\u043d\u043e-\u043f\u043e\u0440\u0448\u043d\u0435\u0432\u044b\u0435 \u0434\u0432\u0438\u0433\u0430\u0442\u0435\u043b\u0438[:]"},{"@type":"BreadcrumbList","@id":"https:\/\/www.tfsoleodinamica.it\/motore-idraulico-a-pistoni-radiali-hagglunds-viking-vi\/#breadcrumb","itemListElement":[{"@type":"ListItem","position":1,"name":"Home","item":"https:\/\/www.tfsoleodinamica.it\/"},{"@type":"ListItem","position":2,"name":"Boutique","item":"https:\/\/www.tfsoleodinamica.it\/fr\/negozio\/"},{"@type":"ListItem","position":3,"name":"Motore Idraulico a Pistoni Radiali H\u00e4gglunds Viking (VI)"}]},{"@type":"WebSite","@id":"https:\/\/www.tfsoleodinamica.it\/#website","url":"https:\/\/www.tfsoleodinamica.it\/","name":"TFS Oleodinamica - Bosch Rexroth&#039;s partner","description":"Assistance and resale of products for hydraulics","publisher":{"@id":"https:\/\/www.tfsoleodinamica.it\/#organization"},"potentialAction":[{"@type":"SearchAction","target":{"@type":"EntryPoint","urlTemplate":"https:\/\/www.tfsoleodinamica.it\/?s={search_term_string}"},"query-input":{"@type":"PropertyValueSpecification","valueRequired":true,"valueName":"search_term_string"}}],"inLanguage":"en-US"},{"@type":"Organization","@id":"https:\/\/www.tfsoleodinamica.it\/#organization","name":"Tecno Fluid Service Srl","url":"https:\/\/www.tfsoleodinamica.it\/","logo":{"@type":"ImageObject","inLanguage":"en-US","@id":"https:\/\/www.tfsoleodinamica.it\/#\/schema\/logo\/image\/","url":"https:\/\/www.tfsoleodinamica.it\/wp-content\/uploads\/logo-tfs.png","contentUrl":"https:\/\/www.tfsoleodinamica.it\/wp-content\/uploads\/logo-tfs.png","width":82,"height":80,"caption":"Tecno Fluid Service Srl"},"image":{"@id":"https:\/\/www.tfsoleodinamica.it\/#\/schema\/logo\/image\/"},"sameAs":["http:\/\/www.facebook.com\/tfsoleodinamica","http:\/\/www.linkedin.com\/company\/tfs-srl-tecno-fluid-service","http:\/\/www.youtube.com\/watch?v=8XDyMn9zUQI"]}]}},"_links":{"self":[{"href":"https:\/\/www.tfsoleodinamica.it\/en\/wp-json\/wp\/v2\/product\/6194","targetHints":{"allow":["GET"]}}],"collection":[{"href":"https:\/\/www.tfsoleodinamica.it\/en\/wp-json\/wp\/v2\/product"}],"about":[{"href":"https:\/\/www.tfsoleodinamica.it\/en\/wp-json\/wp\/v2\/types\/product"}],"replies":[{"embeddable":true,"href":"https:\/\/www.tfsoleodinamica.it\/en\/wp-json\/wp\/v2\/comments?post=6194"}],"wp:featuredmedia":[{"embeddable":true,"href":"https:\/\/www.tfsoleodinamica.it\/en\/wp-json\/wp\/v2\/media\/6159"}],"wp:attachment":[{"href":"https:\/\/www.tfsoleodinamica.it\/en\/wp-json\/wp\/v2\/media?parent=6194"}],"wp:term":[{"taxonomy":"product_brand","embeddable":true,"href":"https:\/\/www.tfsoleodinamica.it\/en\/wp-json\/wp\/v2\/product_brand?post=6194"},{"taxonomy":"product_cat","embeddable":true,"href":"https:\/\/www.tfsoleodinamica.it\/en\/wp-json\/wp\/v2\/product_cat?post=6194"},{"taxonomy":"product_tag","embeddable":true,"href":"https:\/\/www.tfsoleodinamica.it\/en\/wp-json\/wp\/v2\/product_tag?post=6194"}],"curies":[{"name":"wp","href":"https:\/\/api.w.org\/{rel}","templated":true}]}}